{"id":14378,"date":"2026-02-27T00:21:40","date_gmt":"2026-02-27T00:21:40","guid":{"rendered":"https:\/\/nordicmart.andreevmaster.com\/product\/vasagle-sidobord-i-industriell-design-runt\/"},"modified":"2026-02-27T08:14:07","modified_gmt":"2026-02-27T08:14:07","slug":"vasagle-sidobord-i-industriell-design-runt","status":"publish","type":"product","link":"https:\/\/nordicmart.andreevmaster.com\/sv\/produkt\/vasagle-sidobord-i-industriell-design-runt\/","title":{"rendered":"VASAGLE sidobord i industriell design, runt"},"content":{"rendered":"<p>Med det trendiga sidobordet i vintage-stil fr\u00e5n v\u00e5rt nya varum\u00e4rke &#8221;VASAGLE&#8221; kan du skapa precis det som designerna hade i \u00e5tanke: en medelhavsatmosf\u00e4r i ditt eget hem. L\u00e5t dig inte luras! Det klassiska, eleganta utseendet p\u00e5 denna m\u00f6bel kan kanske d\u00f6lja att den t\u00e5l en total belastning p\u00e5 100 kg. P\u00e5 den 50 x 50 cm stora avst\u00e4llningsytan f\u00e5r \u00e4ven tunga f\u00f6rem\u00e5l som bronsskulpturer eller en stor blomvas med liljor plats.  Bli en bordfantast  Anv\u00e4nd detta soffbord i ditt vardagsrum och st\u00e4ll det bredvid soffan s\u00e5 att du alltid har kall \u00f6l och krispiga snacks inom r\u00e4ckh\u00e5ll n\u00e4r din favoritserie g\u00e5r p\u00e5 TV. Eller st\u00e4ll din kopp kaffe p\u00e5 v\u00e5rt vintage-sidobord n\u00e4r du l\u00e4ser tidningen.  Detta multifunktionella m\u00f6bel passar ocks\u00e5 perfekt i sovrummet som nattduksbord, i hallen f\u00f6r f\u00f6rvaring av nycklar eller p\u00e5 balkongen f\u00f6r att placera v\u00e4xter. Flytta det helt enkelt tills du har hittat den perfekta platsen. Produktdetaljer: &#8211; F\u00e4rg: Vintage &#8211; Material: Sp\u00e5nskiva, j\u00e4rn &#8211; Storlek: 50 x 50 x 57 cm (L x B x H) &#8211; Diameter \u00f6vre bordsskiva: 50 cm &#8211; Diameter undre bordsskiva: 36 cm &#8211; Vikt: 5,5 kg &#8211; Total b\u00e4rf\u00f6rm\u00e5ga: 100 kg Leveransomfattning: &#8211; 1 x sidobord &#8211; 1 x tillbeh\u00f6rsp\u00e5se &#8211; 1 x bruksanvisning (DE, EN, FR, ES, IT) VASAGLE Anm\u00e4rkningar: &#8211; Den maximala b\u00e4rf\u00f6rm\u00e5gan f\u00f6r en bordsskiva \u00e4r 50 kg. Placera inte tyngre f\u00f6rem\u00e5l p\u00e5 den.<\/p>\n","protected":false},"excerpt":{"rendered":"<p>VASAGLE Rund sidobord, soffbord i industriell design, enkel montering, soffbord med j\u00e4rnstativ, bord f\u00f6r vardagsrum, sovrum, stabilt, tr\u00e4optik vintage LET57X<\/p>\n","protected":false},"featured_media":42333,"comment_status":"open","ping_status":"closed","template":"","meta":[],"product_brand":[],"product_cat":[33],"product_tag":[],"class_list":{"0":"post-14378","1":"product","2":"type-product","3":"status-publish","4":"has-post-thumbnail","6":"product_cat-okategoriserad","8":"first","9":"instock","10":"shipping-taxable","11":"purchasable","12":"product-type-simple"},"_links":{"self":[{"href":"https:\/\/nordicmart.andreevmaster.com\/sv\/wp-json\/wp\/v2\/product\/14378","targetHints":{"allow":["GET"]}}],"collection":[{"href":"https:\/\/nordicmart.andreevmaster.com\/sv\/wp-json\/wp\/v2\/product"}],"about":[{"href":"https:\/\/nordicmart.andreevmaster.com\/sv\/wp-json\/wp\/v2\/types\/product"}],"replies":[{"embeddable":true,"href":"https:\/\/nordicmart.andreevmaster.com\/sv\/wp-json\/wp\/v2\/comments?post=14378"}],"wp:featuredmedia":[{"embeddable":true,"href":"https:\/\/nordicmart.andreevmaster.com\/sv\/wp-json\/wp\/v2\/media\/42333"}],"wp:attachment":[{"href":"https:\/\/nordicmart.andreevmaster.com\/sv\/wp-json\/wp\/v2\/media?parent=14378"}],"wp:term":[{"taxonomy":"product_brand","embeddable":true,"href":"https:\/\/nordicmart.andreevmaster.com\/sv\/wp-json\/wp\/v2\/product_brand?post=14378"},{"taxonomy":"product_cat","embeddable":true,"href":"https:\/\/nordicmart.andreevmaster.com\/sv\/wp-json\/wp\/v2\/product_cat?post=14378"},{"taxonomy":"product_tag","embeddable":true,"href":"https:\/\/nordicmart.andreevmaster.com\/sv\/wp-json\/wp\/v2\/product_tag?post=14378"}],"curies":[{"name":"wp","href":"https:\/\/api.w.org\/{rel}","templated":true}]}}