{"id":14375,"date":"2026-02-27T00:21:39","date_gmt":"2026-02-27T00:21:39","guid":{"rendered":"https:\/\/nordicmart.andreevmaster.com\/product\/vasagle-sidobord-med-lada-i-industriell-stil\/"},"modified":"2026-02-27T08:14:06","modified_gmt":"2026-02-27T08:14:06","slug":"vasagle-sidobord-med-lada-i-industriell-stil","status":"publish","type":"product","link":"https:\/\/nordicmart.andreevmaster.com\/sv\/produkt\/vasagle-sidobord-med-lada-i-industriell-stil\/","title":{"rendered":"VASAGLE sidobord med l\u00e5da i industriell stil"},"content":{"rendered":"<p>F\u00f6r livets sm\u00e5 synder Choklad, kioskromaner, ett foto av din f\u00f6re detta \u2013 oavsett vad du h\u00e5ller i handen innan du g\u00e5r och l\u00e4gger dig finns det plats f\u00f6r sm\u00e5 hemligheter i l\u00e5dan p\u00e5 detta nattduksbord. Produktdetaljer:- F\u00e4rg: Vintage\/m\u00f6rkbrun &#8211; Material: Sp\u00e5nskiva, j\u00e4rn &#8211; Storlek: 40 x 40 x 55 cm (L x B x H) &#8211; Vikt: 9 kg &#8211; Max. statisk belastningskapacitet p\u00e5 ytan: 20 kg &#8211; Max. statisk belastningskapacitet p\u00e5 l\u00e5dan: 10 kg &#8211; Max. statisk belastningskapacitet p\u00e5 hyllan: 10 kg Leveransomfattning:- 1 x sidobord &#8211; 1 x tillbeh\u00f6rsp\u00e5se &#8211; 1 x bruksanvisning (DE, EN, ES, FR, IT) VASAGLE Anvisningar: &#8211; Placera produkten s\u00e5 att den inte uts\u00e4tts f\u00f6r v\u00e4rmek\u00e4llor, direkt solljus eller fukt. &#8211; H\u00e5ll produkten borta fr\u00e5n vassa och spetsiga f\u00f6rem\u00e5l samt fr\u00e4tande \u00e4mnen.- Barn f\u00e5r inte kl\u00e4ttra p\u00e5 produkten.<\/p>\n","protected":false},"excerpt":{"rendered":"<p>VASAGLE nattduksbord, nattkommod, sidobord med l\u00e5da och hylla, nattduksbord, sovrum, vardagsrum, enkel montering, metall, industriell design, vintage, m\u00f6rkbrun LET55BX<\/p>\n","protected":false},"featured_media":42330,"comment_status":"open","ping_status":"closed","template":"","meta":[],"product_brand":[],"product_cat":[33],"product_tag":[],"class_list":{"0":"post-14375","1":"product","2":"type-product","3":"status-publish","4":"has-post-thumbnail","6":"product_cat-okategoriserad","8":"first","9":"instock","10":"shipping-taxable","11":"purchasable","12":"product-type-simple"},"_links":{"self":[{"href":"https:\/\/nordicmart.andreevmaster.com\/sv\/wp-json\/wp\/v2\/product\/14375","targetHints":{"allow":["GET"]}}],"collection":[{"href":"https:\/\/nordicmart.andreevmaster.com\/sv\/wp-json\/wp\/v2\/product"}],"about":[{"href":"https:\/\/nordicmart.andreevmaster.com\/sv\/wp-json\/wp\/v2\/types\/product"}],"replies":[{"embeddable":true,"href":"https:\/\/nordicmart.andreevmaster.com\/sv\/wp-json\/wp\/v2\/comments?post=14375"}],"wp:featuredmedia":[{"embeddable":true,"href":"https:\/\/nordicmart.andreevmaster.com\/sv\/wp-json\/wp\/v2\/media\/42330"}],"wp:attachment":[{"href":"https:\/\/nordicmart.andreevmaster.com\/sv\/wp-json\/wp\/v2\/media?parent=14375"}],"wp:term":[{"taxonomy":"product_brand","embeddable":true,"href":"https:\/\/nordicmart.andreevmaster.com\/sv\/wp-json\/wp\/v2\/product_brand?post=14375"},{"taxonomy":"product_cat","embeddable":true,"href":"https:\/\/nordicmart.andreevmaster.com\/sv\/wp-json\/wp\/v2\/product_cat?post=14375"},{"taxonomy":"product_tag","embeddable":true,"href":"https:\/\/nordicmart.andreevmaster.com\/sv\/wp-json\/wp\/v2\/product_tag?post=14375"}],"curies":[{"name":"wp","href":"https:\/\/api.w.org\/{rel}","templated":true}]}}