{"id":14373,"date":"2026-02-27T00:21:39","date_gmt":"2026-02-27T00:21:39","guid":{"rendered":"https:\/\/nordicmart.andreevmaster.com\/product\/vasagle-nattduksbord-i-industriell-stil-med-stort-fack\/"},"modified":"2026-02-27T08:14:06","modified_gmt":"2026-02-27T08:14:06","slug":"vasagle-nattduksbord-i-industriell-stil-med-stort-fack","status":"publish","type":"product","link":"https:\/\/nordicmart.andreevmaster.com\/sv\/produkt\/vasagle-nattduksbord-i-industriell-stil-med-stort-fack\/","title":{"rendered":"VASAGLE nattduksbord i industriell stil med stort fack"},"content":{"rendered":"<p>VASAGLE \u2013 st\u00e5r f\u00f6r en fantasifull kombination av funktionalitet, t\u00e5lighet och stilfulla vintage-design. Om du vill ge dina rum en individuell touch och en antik pr\u00e4gel kan du uppn\u00e5 imponerande effekter med denna m\u00f6belserie. Vintage-nattduksbord med st\u00e5linslag Detta nattduksbord \u00e4r inte bara ett riktigt tillskott f\u00f6r \u00e4lskare av den romantiska vintage-stilen. \u00c4ven fans av den trendiga industridesignen kan f\u00f6rsk\u00f6na sitt sovrum med denna m\u00f6bel, eftersom stativet \u00e4r tillverkat av matt svart st\u00e5l. Titta bakom fasaden En m\u00f6bel har dock ingen nytta av sitt vackra utseende om den saknar funktionalitet. D\u00e4rf\u00f6r har v\u00e5rt sidobord tv\u00e5 gener\u00f6sa hyllor. S\u00e5 har du alltid kaffe, tidningen eller fj\u00e4rrkontrollen till hands i vardagsrummet. I sovrummet kan du till exempel placera en nattlampa, en l\u00e5da med n\u00e4sdukar eller dina glas\u00f6gon p\u00e5 bordet. Komplettera din inredning med vintage-m\u00f6bler fr\u00e5n VASAGLE! Produktdetaljer: &#8211; F\u00e4rg: Vintagebrun-svart &#8211; Material: Sp\u00e5nskiva, st\u00e5l &#8211; M\u00e5tt: 42 x 52 x 35 cm (B x H x D) &#8211; Innerm\u00e5tt p\u00e5 det \u00f6ppna facket: 39 x 18 x 33,5 cm (B x H x D) &#8211; Vikt: 8 kg &#8211; Total belastningskapacitet: 20 kg Leveransomfattning: &#8211; 1 x sidobord &#8211; 1 x tillbeh\u00f6rsp\u00e5se &#8211; 1 x bruksanvisning (DE, EN, FR, ES, IT) VASAGLE Anm\u00e4rkningar: &#8211; Produkten b\u00f6r inte uts\u00e4ttas f\u00f6r direkt solljus. Placera den inte heller i fuktiga rum. &#8211; H\u00e5ll produkten borta fr\u00e5n vassa f\u00f6rem\u00e5l f\u00f6r att undvika skador.<\/p>\n","protected":false},"excerpt":{"rendered":"<p>VASAGLE nattduksbord, nattkommod, sidobord, stapelbart nattduksbord med \u00f6ppet fack, retro, rustikt tr\u00e4utseende, accentm\u00f6bel med metallben, stabilt, industriell design, vintagebrun-svart LET54X<\/p>\n","protected":false},"featured_media":42328,"comment_status":"open","ping_status":"closed","template":"","meta":[],"product_brand":[],"product_cat":[33],"product_tag":[],"class_list":{"0":"post-14373","1":"product","2":"type-product","3":"status-publish","4":"has-post-thumbnail","6":"product_cat-okategoriserad","8":"first","9":"instock","10":"shipping-taxable","11":"purchasable","12":"product-type-simple"},"_links":{"self":[{"href":"https:\/\/nordicmart.andreevmaster.com\/sv\/wp-json\/wp\/v2\/product\/14373","targetHints":{"allow":["GET"]}}],"collection":[{"href":"https:\/\/nordicmart.andreevmaster.com\/sv\/wp-json\/wp\/v2\/product"}],"about":[{"href":"https:\/\/nordicmart.andreevmaster.com\/sv\/wp-json\/wp\/v2\/types\/product"}],"replies":[{"embeddable":true,"href":"https:\/\/nordicmart.andreevmaster.com\/sv\/wp-json\/wp\/v2\/comments?post=14373"}],"wp:featuredmedia":[{"embeddable":true,"href":"https:\/\/nordicmart.andreevmaster.com\/sv\/wp-json\/wp\/v2\/media\/42328"}],"wp:attachment":[{"href":"https:\/\/nordicmart.andreevmaster.com\/sv\/wp-json\/wp\/v2\/media?parent=14373"}],"wp:term":[{"taxonomy":"product_brand","embeddable":true,"href":"https:\/\/nordicmart.andreevmaster.com\/sv\/wp-json\/wp\/v2\/product_brand?post=14373"},{"taxonomy":"product_cat","embeddable":true,"href":"https:\/\/nordicmart.andreevmaster.com\/sv\/wp-json\/wp\/v2\/product_cat?post=14373"},{"taxonomy":"product_tag","embeddable":true,"href":"https:\/\/nordicmart.andreevmaster.com\/sv\/wp-json\/wp\/v2\/product_tag?post=14373"}],"curies":[{"name":"wp","href":"https:\/\/api.w.org\/{rel}","templated":true}]}}