{"id":14366,"date":"2026-02-27T00:21:37","date_gmt":"2026-02-27T00:21:37","guid":{"rendered":"https:\/\/nordicmart.andreevmaster.com\/product\/vasagle-2-pack-nattduksbord-med-lada-och-hylla-ebenholts-svart\/"},"modified":"2026-02-27T08:14:04","modified_gmt":"2026-02-27T08:14:04","slug":"vasagle-2-pack-nattduksbord-med-lada-och-hylla-ebenholts-svart","status":"publish","type":"product","link":"https:\/\/nordicmart.andreevmaster.com\/sv\/produkt\/vasagle-2-pack-nattduksbord-med-lada-och-hylla-ebenholts-svart\/","title":{"rendered":"VASAGLE 2-pack nattduksbord med l\u00e5da och hylla, ebenholts svart"},"content":{"rendered":"<p>VASAGLE nattduksbord, nattkommod, sidobord med l\u00e5da och hylla, nattduksbord, sovrum, vardagsrum, enkel montering, industriell design, hasseln\u00f6tsbrun-svart LET055B03<br \/>\n&#8211; F\u00e4rg: ebenholts<br \/>\n&#8211; Material: sp\u00e5nskiva, st\u00e5l<br \/>\n&#8211; Storlek per nattduksbord: 40 x 40 x 55 cm (D x B x H)<br \/>\n&#8211; Vikt per nattduksbord: 9 kg<br \/>\n&#8211; Max. statisk belastningskapacitet f\u00f6r ytan: 20 kg<br \/>\n&#8211; Max. statisk belastningskapacitet f\u00f6r l\u00e5dan: 10 kg<br \/>\n&#8211; Max. statisk belastningskapacitet f\u00f6r hyllan: 10 kg<br \/>\n&#8211; Max. statisk belastningskapacitet totalt per nattduksbord: 40 kg<\/p>\n","protected":false},"excerpt":{"rendered":"<p>VASAGLE nattduksbord, nattkommod, sidobord med l\u00e5da och hylla, nattduksbord, sovrum, vardagsrum, enkel montering, industriell design, hasseln\u00f6tsbrun-svart LET055B03<\/p>\n","protected":false},"featured_media":42321,"comment_status":"open","ping_status":"closed","template":"","meta":[],"product_brand":[],"product_cat":[33],"product_tag":[],"class_list":{"0":"post-14366","1":"product","2":"type-product","3":"status-publish","4":"has-post-thumbnail","6":"product_cat-okategoriserad","8":"first","9":"instock","10":"shipping-taxable","11":"purchasable","12":"product-type-simple"},"_links":{"self":[{"href":"https:\/\/nordicmart.andreevmaster.com\/sv\/wp-json\/wp\/v2\/product\/14366","targetHints":{"allow":["GET"]}}],"collection":[{"href":"https:\/\/nordicmart.andreevmaster.com\/sv\/wp-json\/wp\/v2\/product"}],"about":[{"href":"https:\/\/nordicmart.andreevmaster.com\/sv\/wp-json\/wp\/v2\/types\/product"}],"replies":[{"embeddable":true,"href":"https:\/\/nordicmart.andreevmaster.com\/sv\/wp-json\/wp\/v2\/comments?post=14366"}],"wp:featuredmedia":[{"embeddable":true,"href":"https:\/\/nordicmart.andreevmaster.com\/sv\/wp-json\/wp\/v2\/media\/42321"}],"wp:attachment":[{"href":"https:\/\/nordicmart.andreevmaster.com\/sv\/wp-json\/wp\/v2\/media?parent=14366"}],"wp:term":[{"taxonomy":"product_brand","embeddable":true,"href":"https:\/\/nordicmart.andreevmaster.com\/sv\/wp-json\/wp\/v2\/product_brand?post=14366"},{"taxonomy":"product_cat","embeddable":true,"href":"https:\/\/nordicmart.andreevmaster.com\/sv\/wp-json\/wp\/v2\/product_cat?post=14366"},{"taxonomy":"product_tag","embeddable":true,"href":"https:\/\/nordicmart.andreevmaster.com\/sv\/wp-json\/wp\/v2\/product_tag?post=14366"}],"curies":[{"name":"wp","href":"https:\/\/api.w.org\/{rel}","templated":true}]}}