{"id":14360,"date":"2026-02-27T00:21:36","date_gmt":"2026-02-27T00:21:36","guid":{"rendered":"https:\/\/nordicmart.andreevmaster.com\/product\/vasagle-sidobord-med-forvaringsfack-industridesign\/"},"modified":"2026-02-27T08:14:03","modified_gmt":"2026-02-27T08:14:03","slug":"vasagle-sidobord-med-forvaringsfack-industridesign","status":"publish","type":"product","link":"https:\/\/nordicmart.andreevmaster.com\/sv\/produkt\/vasagle-sidobord-med-forvaringsfack-industridesign\/","title":{"rendered":"VASAGLE sidobord med f\u00f6rvaringsfack Industridesign"},"content":{"rendered":"<p>En enkel ekvation Yta, f\u00f6rvaringsfack, galler: Med m\u00e5tten 3x40x40 cm f\u00e5r du tre g\u00e5nger s\u00e5 mycket f\u00f6rvaringsutrymme \u2013 tre g\u00e5nger s\u00e5 mycket att gl\u00e4djas \u00f6ver! Produktdetaljer:- F\u00e4rg: Vintage\/m\u00f6rkbrun &#8211; Material: Sp\u00e5nskiva, j\u00e4rn &#8211; Storlek: 40 x 40 x 58 cm (L x B x H) &#8211; Vikt: 6,5 kg &#8211; Max. statisk belastningskapacitet f\u00f6r ytan: 20 kg &#8211; Max. statisk belastningskapacitet f\u00f6r det \u00f6ppna facket: 20 kg &#8211; Max. statisk belastningskapacitet f\u00f6r gallerhyllan: 5 kg Leveransomfattning:- 1 x sidobord &#8211; 1 x tillbeh\u00f6rsp\u00e5se &#8211; 1 x bruksanvisning (DE, EN, ES, FR, IT) VASAGLE Anvisningar: &#8211; Placera produkten s\u00e5 att den inte uts\u00e4tts f\u00f6r v\u00e4rmek\u00e4llor, direkt solljus eller fukt. &#8211; H\u00e5ll produkten borta fr\u00e5n vassa och spetsiga f\u00f6rem\u00e5l samt fr\u00e4tande \u00e4mnen.- Barn f\u00e5r inte kl\u00e4ttra p\u00e5 produkten.<\/p>\n","protected":false},"excerpt":{"rendered":"<p>VASAGLE nattduksbord, sidobord med \u00f6ppet fack och gallerhylla, vardagsrum, sovrum, enkel montering, platsbesparande, industriell design, vintage, m\u00f6rkbrun LET46X<\/p>\n","protected":false},"featured_media":42315,"comment_status":"open","ping_status":"closed","template":"","meta":[],"product_brand":[],"product_cat":[33],"product_tag":[],"class_list":{"0":"post-14360","1":"product","2":"type-product","3":"status-publish","4":"has-post-thumbnail","6":"product_cat-okategoriserad","8":"first","9":"instock","10":"shipping-taxable","11":"purchasable","12":"product-type-simple"},"_links":{"self":[{"href":"https:\/\/nordicmart.andreevmaster.com\/sv\/wp-json\/wp\/v2\/product\/14360","targetHints":{"allow":["GET"]}}],"collection":[{"href":"https:\/\/nordicmart.andreevmaster.com\/sv\/wp-json\/wp\/v2\/product"}],"about":[{"href":"https:\/\/nordicmart.andreevmaster.com\/sv\/wp-json\/wp\/v2\/types\/product"}],"replies":[{"embeddable":true,"href":"https:\/\/nordicmart.andreevmaster.com\/sv\/wp-json\/wp\/v2\/comments?post=14360"}],"wp:featuredmedia":[{"embeddable":true,"href":"https:\/\/nordicmart.andreevmaster.com\/sv\/wp-json\/wp\/v2\/media\/42315"}],"wp:attachment":[{"href":"https:\/\/nordicmart.andreevmaster.com\/sv\/wp-json\/wp\/v2\/media?parent=14360"}],"wp:term":[{"taxonomy":"product_brand","embeddable":true,"href":"https:\/\/nordicmart.andreevmaster.com\/sv\/wp-json\/wp\/v2\/product_brand?post=14360"},{"taxonomy":"product_cat","embeddable":true,"href":"https:\/\/nordicmart.andreevmaster.com\/sv\/wp-json\/wp\/v2\/product_cat?post=14360"},{"taxonomy":"product_tag","embeddable":true,"href":"https:\/\/nordicmart.andreevmaster.com\/sv\/wp-json\/wp\/v2\/product_tag?post=14360"}],"curies":[{"name":"wp","href":"https:\/\/api.w.org\/{rel}","templated":true}]}}