{"id":14359,"date":"2026-02-27T00:21:36","date_gmt":"2026-02-27T00:21:36","guid":{"rendered":"https:\/\/nordicmart.andreevmaster.com\/product\/vasagle-litet-sidobord-i-industriell-design\/"},"modified":"2026-02-27T08:14:03","modified_gmt":"2026-02-27T08:14:03","slug":"vasagle-litet-sidobord-i-industriell-design","status":"publish","type":"product","link":"https:\/\/nordicmart.andreevmaster.com\/sv\/produkt\/vasagle-litet-sidobord-i-industriell-design\/","title":{"rendered":"VASAGLE Litet sidobord i industriell design"},"content":{"rendered":"<p>VASAGLE \u2013 st\u00e5r f\u00f6r en fantasifull kombination av funktionalitet, t\u00e5lighet och stilfulla vintage-design. Om du vill ge dina rum en individuell touch och en antik pr\u00e4gel kan du uppn\u00e5 imponerande effekter med denna m\u00f6belserie. Vintage-sidobord med j\u00e4rndetaljer Detta soffbord \u00e4r inte bara ett riktigt tillskott f\u00f6r \u00e4lskare av den romantiska vintage-stilen. \u00c4ven fans av den trendiga industridesignen kan f\u00f6rsk\u00f6na sitt vardagsrum med denna m\u00f6bel, eftersom stativet \u00e4r tillverkat av matt svart j\u00e4rn. S\u00e4tt funktionella accenter V\u00e5rt sidobord har tv\u00e5 gener\u00f6sa hyllor. S\u00e5 har du alltid kaffe, tidningen eller fj\u00e4rrkontrollen till hands i vardagsrummet. Det multifunktionella bordet passar ocks\u00e5 i andra rum, alltid d\u00e4r du beh\u00f6ver lite extra f\u00f6rvaringsutrymme, till exempel som st\u00e4llning f\u00f6r gr\u00f6na v\u00e4xter eller i sovrummet som f\u00f6rvaring bredvid s\u00e4ngen. Oavsett vilka planer du har kan du enkelt f\u00f6rverkliga dina inredningsid\u00e9er med vintage-m\u00f6bler fr\u00e5n VASAGLE! Produktdetaljer:- F\u00e4rg: Vintage &#8211; Material: J\u00e4rnstativ, sp\u00e5nskiva &#8211; M\u00e5tt: 45 x 47 x 45 cm (B x H x D) &#8211; Vikt: 7,5 kg &#8211; B\u00e4rkraft bordsskiva: 30 kg &#8211; B\u00e4rkraft gallerhylla: 10 kg Leveransomfattning:- 1 x sidobord &#8211; 1 x tillbeh\u00f6rsp\u00e5se &#8211; 1 x bruksanvisning (DE, EN, FR, ES, IT) VASAGLE Anm\u00e4rkningar: &#8211; Produkten \u00e4r endast avsedd f\u00f6r inomhusbruk. St\u00e4ll det i en torr milj\u00f6. &#8211; Bordsskivans maximala vikt \u00e4r 30 kg, gallrets maximala vikt \u00e4r 10 kg. Placera inte tyngre f\u00f6rem\u00e5l p\u00e5 bordet.<\/p>\n","protected":false},"excerpt":{"rendered":"<p>VASAGLE sidobord, vardagsrumsbord i industriell design, soffbord med gallerhyllor, stabilt, med metallstativ, enkelt att montera, tr\u00e4look, vintage LET42X<\/p>\n","protected":false},"featured_media":42314,"comment_status":"open","ping_status":"closed","template":"","meta":[],"product_brand":[],"product_cat":[33],"product_tag":[],"class_list":{"0":"post-14359","1":"product","2":"type-product","3":"status-publish","4":"has-post-thumbnail","6":"product_cat-okategoriserad","8":"first","9":"instock","10":"shipping-taxable","11":"purchasable","12":"product-type-simple"},"_links":{"self":[{"href":"https:\/\/nordicmart.andreevmaster.com\/sv\/wp-json\/wp\/v2\/product\/14359","targetHints":{"allow":["GET"]}}],"collection":[{"href":"https:\/\/nordicmart.andreevmaster.com\/sv\/wp-json\/wp\/v2\/product"}],"about":[{"href":"https:\/\/nordicmart.andreevmaster.com\/sv\/wp-json\/wp\/v2\/types\/product"}],"replies":[{"embeddable":true,"href":"https:\/\/nordicmart.andreevmaster.com\/sv\/wp-json\/wp\/v2\/comments?post=14359"}],"wp:featuredmedia":[{"embeddable":true,"href":"https:\/\/nordicmart.andreevmaster.com\/sv\/wp-json\/wp\/v2\/media\/42314"}],"wp:attachment":[{"href":"https:\/\/nordicmart.andreevmaster.com\/sv\/wp-json\/wp\/v2\/media?parent=14359"}],"wp:term":[{"taxonomy":"product_brand","embeddable":true,"href":"https:\/\/nordicmart.andreevmaster.com\/sv\/wp-json\/wp\/v2\/product_brand?post=14359"},{"taxonomy":"product_cat","embeddable":true,"href":"https:\/\/nordicmart.andreevmaster.com\/sv\/wp-json\/wp\/v2\/product_cat?post=14359"},{"taxonomy":"product_tag","embeddable":true,"href":"https:\/\/nordicmart.andreevmaster.com\/sv\/wp-json\/wp\/v2\/product_tag?post=14359"}],"curies":[{"name":"wp","href":"https:\/\/api.w.org\/{rel}","templated":true}]}}