{"id":14358,"date":"2026-02-27T00:21:35","date_gmt":"2026-02-27T00:21:35","guid":{"rendered":"https:\/\/nordicmart.andreevmaster.com\/product\/vasagle-sidobord-i-industriell-design-med-galler\/"},"modified":"2026-02-27T08:14:02","modified_gmt":"2026-02-27T08:14:02","slug":"vasagle-sidobord-i-industriell-design-med-galler","status":"publish","type":"product","link":"https:\/\/nordicmart.andreevmaster.com\/sv\/produkt\/vasagle-sidobord-i-industriell-design-med-galler\/","title":{"rendered":"VASAGLE sidobord i industriell design med galler"},"content":{"rendered":"<p>VASAGLE \u2013 st\u00e5r f\u00f6r en fantasifull kombination av funktionalitet, t\u00e5lighet och stilfulla vintage-design. Om du vill ge dina rum en individuell touch och en antik pr\u00e4gel kan du uppn\u00e5 imponerande effekter med denna m\u00f6belserie. Vintage sidobord med st\u00e5linslag  Detta soffbord \u00e4r inte bara ett riktigt tillskott f\u00f6r \u00e4lskare av den romantiska vintage-stilen. \u00c4ven fans av den trendiga industridesignen kan f\u00f6rsk\u00f6na sin bostad med denna m\u00f6bel, eftersom stativet \u00e4r tillverkat av matt svart st\u00e5l. Titta bakom fasaden  En m\u00f6bel har dock ingen nytta av sitt vackra utseende om den saknar funktionalitet. D\u00e4rf\u00f6r har v\u00e5rt sidobord en robust metallhylla f\u00f6r tidningar eller b\u00f6cker som t\u00e5l en belastning p\u00e5 upp till 15 kg. Dessutom kan m\u00f6beln anv\u00e4ndas p\u00e5 m\u00e5nga olika st\u00e4llen. Den lilla kuben passar till exempel utm\u00e4rkt som nattduksbord i sovrummet eller som soffbord i vardagsrummet. Komplettera din inredning med vintage-m\u00f6bler fr\u00e5n VASAGLE! Produktdetaljer:  &#8211; F\u00e4rg: Vintagebrun-svart &#8211; Material: Sp\u00e5nskiva, st\u00e5l &#8211; Storlek: 45 x 45 x 55 cm (L x B x H)  &#8211; Vikt: 7,2 kg  &#8211; Max. belastningskapacitet f\u00f6r bordsskivan: 20 kg  &#8211; Max. belastningskapacitet f\u00f6r hyllan: 15 kg Leveransomfattning:  &#8211; 1 x sidobord &#8211; 1 x instruktionsbok (DE, EN, FR, IT, ES)  &#8211; 1 x insexnyckel<\/p>\n","protected":false},"excerpt":{"rendered":"<p>VASAGLE sidobord, nattduksbord, soffbord med gallerhylla, stabilt, med metallstativ, vardagsrum, sovrum, enkel montering, industriell design, vintagebrun-svart LET41X<\/p>\n","protected":false},"featured_media":42313,"comment_status":"open","ping_status":"closed","template":"","meta":[],"product_brand":[],"product_cat":[33],"product_tag":[],"class_list":{"0":"post-14358","1":"product","2":"type-product","3":"status-publish","4":"has-post-thumbnail","6":"product_cat-okategoriserad","8":"first","9":"instock","10":"shipping-taxable","11":"purchasable","12":"product-type-simple"},"_links":{"self":[{"href":"https:\/\/nordicmart.andreevmaster.com\/sv\/wp-json\/wp\/v2\/product\/14358","targetHints":{"allow":["GET"]}}],"collection":[{"href":"https:\/\/nordicmart.andreevmaster.com\/sv\/wp-json\/wp\/v2\/product"}],"about":[{"href":"https:\/\/nordicmart.andreevmaster.com\/sv\/wp-json\/wp\/v2\/types\/product"}],"replies":[{"embeddable":true,"href":"https:\/\/nordicmart.andreevmaster.com\/sv\/wp-json\/wp\/v2\/comments?post=14358"}],"wp:featuredmedia":[{"embeddable":true,"href":"https:\/\/nordicmart.andreevmaster.com\/sv\/wp-json\/wp\/v2\/media\/42313"}],"wp:attachment":[{"href":"https:\/\/nordicmart.andreevmaster.com\/sv\/wp-json\/wp\/v2\/media?parent=14358"}],"wp:term":[{"taxonomy":"product_brand","embeddable":true,"href":"https:\/\/nordicmart.andreevmaster.com\/sv\/wp-json\/wp\/v2\/product_brand?post=14358"},{"taxonomy":"product_cat","embeddable":true,"href":"https:\/\/nordicmart.andreevmaster.com\/sv\/wp-json\/wp\/v2\/product_cat?post=14358"},{"taxonomy":"product_tag","embeddable":true,"href":"https:\/\/nordicmart.andreevmaster.com\/sv\/wp-json\/wp\/v2\/product_tag?post=14358"}],"curies":[{"name":"wp","href":"https:\/\/api.w.org\/{rel}","templated":true}]}}