{"id":14350,"date":"2026-02-27T00:21:33","date_gmt":"2026-02-27T00:21:33","guid":{"rendered":"https:\/\/nordicmart.andreevmaster.com\/product\/vasagle-sidobord-i-c-form-med-forvaringspase-ebenholts-svart\/"},"modified":"2026-02-27T08:14:01","modified_gmt":"2026-02-27T08:14:01","slug":"vasagle-sidobord-i-c-form-med-forvaringspase-ebenholts-svart","status":"publish","type":"product","link":"https:\/\/nordicmart.andreevmaster.com\/sv\/produkt\/vasagle-sidobord-i-c-form-med-forvaringspase-ebenholts-svart\/","title":{"rendered":"VASAGLE sidobord i C-form med f\u00f6rvaringsp\u00e5se, ebenholts svart"},"content":{"rendered":"<p>VASAGLE sidobord, soffbord, C-form, soffbord f\u00f6r sm\u00e5 utrymmen, med f\u00f6rvaringsp\u00e5se i tyg, justerbara f\u00f6tter och vridbara hjul, vardagsrum, ebenholts svart LET357B56<br \/>\nF\u00e4rg: ebenholts svart<br \/>\nStorlek: 30 x 40 x 62 cm (D x B x H)<br \/>\nMaterial: sp\u00e5nskiva, st\u00e5l, polyestertyg<br \/>\nVikt: 3,8 kg<br \/>\nMax. total statisk belastningskapacitet: 20 kg<\/p>\n","protected":false},"excerpt":{"rendered":"<p>VASAGLE sidobord, soffbord, C-form, soffbord f\u00f6r sm\u00e5 utrymmen, med f\u00f6rvaringsp\u00e5se i tyg, justerbara f\u00f6tter och vridbara hjul, vardagsrum, ebenholts svart LET357B56<\/p>\n","protected":false},"featured_media":42305,"comment_status":"open","ping_status":"closed","template":"","meta":[],"product_brand":[],"product_cat":[33],"product_tag":[],"class_list":{"0":"post-14350","1":"product","2":"type-product","3":"status-publish","4":"has-post-thumbnail","6":"product_cat-okategoriserad","8":"first","9":"instock","10":"shipping-taxable","11":"purchasable","12":"product-type-simple"},"_links":{"self":[{"href":"https:\/\/nordicmart.andreevmaster.com\/sv\/wp-json\/wp\/v2\/product\/14350","targetHints":{"allow":["GET"]}}],"collection":[{"href":"https:\/\/nordicmart.andreevmaster.com\/sv\/wp-json\/wp\/v2\/product"}],"about":[{"href":"https:\/\/nordicmart.andreevmaster.com\/sv\/wp-json\/wp\/v2\/types\/product"}],"replies":[{"embeddable":true,"href":"https:\/\/nordicmart.andreevmaster.com\/sv\/wp-json\/wp\/v2\/comments?post=14350"}],"wp:featuredmedia":[{"embeddable":true,"href":"https:\/\/nordicmart.andreevmaster.com\/sv\/wp-json\/wp\/v2\/media\/42305"}],"wp:attachment":[{"href":"https:\/\/nordicmart.andreevmaster.com\/sv\/wp-json\/wp\/v2\/media?parent=14350"}],"wp:term":[{"taxonomy":"product_brand","embeddable":true,"href":"https:\/\/nordicmart.andreevmaster.com\/sv\/wp-json\/wp\/v2\/product_brand?post=14350"},{"taxonomy":"product_cat","embeddable":true,"href":"https:\/\/nordicmart.andreevmaster.com\/sv\/wp-json\/wp\/v2\/product_cat?post=14350"},{"taxonomy":"product_tag","embeddable":true,"href":"https:\/\/nordicmart.andreevmaster.com\/sv\/wp-json\/wp\/v2\/product_tag?post=14350"}],"curies":[{"name":"wp","href":"https:\/\/api.w.org\/{rel}","templated":true}]}}