{"id":14341,"date":"2026-02-27T00:21:31","date_gmt":"2026-02-27T00:21:31","guid":{"rendered":"https:\/\/nordicmart.andreevmaster.com\/product\/vasagle-smalt-sidobord-i-industriell-design\/"},"modified":"2026-02-27T08:13:59","modified_gmt":"2026-02-27T08:13:59","slug":"vasagle-smalt-sidobord-i-industriell-design","status":"publish","type":"product","link":"https:\/\/nordicmart.andreevmaster.com\/sv\/produkt\/vasagle-smalt-sidobord-i-industriell-design\/","title":{"rendered":"VASAGLE Smalt sidobord i industriell design"},"content":{"rendered":"<p>Ingen alls tillf\u00e4llig l\u00f6sning Ofta \u00e4r smalt och enkelt det b\u00e4ttre alternativet till klumpigt och \u00f6verlastat. Dessutom erbjuder 3 hyllor tillr\u00e4ckligt med f\u00f6rvaringsutrymme \u00e4ven i tr\u00e5nga utrymmen. Produktdetaljer:- F\u00e4rg: Vintage\/m\u00f6rkbrun &#8211; Material: Sp\u00e5nskiva, j\u00e4rn &#8211; Storlek: 60 x 30 x 60 cm (L x B x H) &#8211; Vikt: 6,7 kg &#8211; Max. statisk belastningskapacitet f\u00f6r ytan: 20 kg &#8211; Max. statisk belastningskapacitet per gallerhylla: 10 kg Leveransomfattning:- 1 x sidobord &#8211; 1 x monteringsmaterial &#8211; 1 x bruksanvisning (DE, EN, ES, FR, IT) VASAGLE Anm\u00e4rkningar: &#8211; Denna produkt \u00e4r endast avsedd f\u00f6r inomhusbruk. St\u00e4ll det i en torr milj\u00f6. &#8211; Den maximala statiska belastningskapaciteten f\u00f6r ytan \u00e4r 20 kg, f\u00f6r varje gallerhylla 10 kg. \u00d6verskrid inte denna maximala vikt.<\/p>\n","protected":false},"excerpt":{"rendered":"<p>VASAGLE sidobord, dekorationsbord med 2 gallerhyllor, soffbord, hall, vardagsrum, sovrum, kontor, smalt, stabilt, platsbesparande, enkel montering, industriell design, vintage, m\u00f6rkbrunt LET33BX<\/p>\n","protected":false},"featured_media":0,"comment_status":"open","ping_status":"closed","template":"","meta":[],"product_brand":[],"product_cat":[33],"product_tag":[],"class_list":{"0":"post-14341","1":"product","2":"type-product","3":"status-publish","5":"product_cat-okategoriserad","7":"first","8":"instock","9":"shipping-taxable","10":"purchasable","11":"product-type-simple"},"_links":{"self":[{"href":"https:\/\/nordicmart.andreevmaster.com\/sv\/wp-json\/wp\/v2\/product\/14341","targetHints":{"allow":["GET"]}}],"collection":[{"href":"https:\/\/nordicmart.andreevmaster.com\/sv\/wp-json\/wp\/v2\/product"}],"about":[{"href":"https:\/\/nordicmart.andreevmaster.com\/sv\/wp-json\/wp\/v2\/types\/product"}],"replies":[{"embeddable":true,"href":"https:\/\/nordicmart.andreevmaster.com\/sv\/wp-json\/wp\/v2\/comments?post=14341"}],"wp:attachment":[{"href":"https:\/\/nordicmart.andreevmaster.com\/sv\/wp-json\/wp\/v2\/media?parent=14341"}],"wp:term":[{"taxonomy":"product_brand","embeddable":true,"href":"https:\/\/nordicmart.andreevmaster.com\/sv\/wp-json\/wp\/v2\/product_brand?post=14341"},{"taxonomy":"product_cat","embeddable":true,"href":"https:\/\/nordicmart.andreevmaster.com\/sv\/wp-json\/wp\/v2\/product_cat?post=14341"},{"taxonomy":"product_tag","embeddable":true,"href":"https:\/\/nordicmart.andreevmaster.com\/sv\/wp-json\/wp\/v2\/product_tag?post=14341"}],"curies":[{"name":"wp","href":"https:\/\/api.w.org\/{rel}","templated":true}]}}