{"id":14337,"date":"2026-02-27T00:21:30","date_gmt":"2026-02-27T00:21:30","guid":{"rendered":"https:\/\/nordicmart.andreevmaster.com\/product\/vasagle-sidobord-med-3-hyllor-smalt-ebenholts-svart-blaksvart\/"},"modified":"2026-02-27T08:13:58","modified_gmt":"2026-02-27T08:13:58","slug":"vasagle-sidobord-med-3-hyllor-smalt-ebenholts-svart-blaksvart","status":"publish","type":"product","link":"https:\/\/nordicmart.andreevmaster.com\/sv\/produkt\/vasagle-sidobord-med-3-hyllor-smalt-ebenholts-svart-blaksvart\/","title":{"rendered":"VASAGLE sidobord med 3 hyllor smalt ebenholts-svart-bl\u00e4ksvart"},"content":{"rendered":"<p>VASAGLE smalt sidobord, nattduksbord med f\u00f6rvaringsfunktion, litet soffbord, 3 hyllor, tidningsh\u00e5llare, f\u00f6r vardagsrum, sovrum, arbetsrum<br \/>\nF\u00e4rg: ebenholts-svart, bl\u00e4ck-svart<br \/>\nMaterial: sp\u00e5nskiva, st\u00e5l<br \/>\nStorlek: 18 x 45 x 58 cm (D x B x H)<br \/>\nVikt: 4,4 kg<br \/>\nMax. statisk totalbelastning: 100 kg<\/p>\n","protected":false},"excerpt":{"rendered":"<p>VASAGLE smalt sidobord, nattduksbord med f\u00f6rvaringsfunktion, litet soffbord, 3 hyllor, tidningsh\u00e5llare, f\u00f6r vardagsrum, sovrum, arbetsrum<\/p>\n","protected":false},"featured_media":42295,"comment_status":"open","ping_status":"closed","template":"","meta":[],"product_brand":[],"product_cat":[33],"product_tag":[],"class_list":{"0":"post-14337","1":"product","2":"type-product","3":"status-publish","4":"has-post-thumbnail","6":"product_cat-okategoriserad","8":"first","9":"instock","10":"shipping-taxable","11":"purchasable","12":"product-type-simple"},"_links":{"self":[{"href":"https:\/\/nordicmart.andreevmaster.com\/sv\/wp-json\/wp\/v2\/product\/14337","targetHints":{"allow":["GET"]}}],"collection":[{"href":"https:\/\/nordicmart.andreevmaster.com\/sv\/wp-json\/wp\/v2\/product"}],"about":[{"href":"https:\/\/nordicmart.andreevmaster.com\/sv\/wp-json\/wp\/v2\/types\/product"}],"replies":[{"embeddable":true,"href":"https:\/\/nordicmart.andreevmaster.com\/sv\/wp-json\/wp\/v2\/comments?post=14337"}],"wp:featuredmedia":[{"embeddable":true,"href":"https:\/\/nordicmart.andreevmaster.com\/sv\/wp-json\/wp\/v2\/media\/42295"}],"wp:attachment":[{"href":"https:\/\/nordicmart.andreevmaster.com\/sv\/wp-json\/wp\/v2\/media?parent=14337"}],"wp:term":[{"taxonomy":"product_brand","embeddable":true,"href":"https:\/\/nordicmart.andreevmaster.com\/sv\/wp-json\/wp\/v2\/product_brand?post=14337"},{"taxonomy":"product_cat","embeddable":true,"href":"https:\/\/nordicmart.andreevmaster.com\/sv\/wp-json\/wp\/v2\/product_cat?post=14337"},{"taxonomy":"product_tag","embeddable":true,"href":"https:\/\/nordicmart.andreevmaster.com\/sv\/wp-json\/wp\/v2\/product_tag?post=14337"}],"curies":[{"name":"wp","href":"https:\/\/api.w.org\/{rel}","templated":true}]}}