{"id":14331,"date":"2026-02-27T00:21:29","date_gmt":"2026-02-27T00:21:29","guid":{"rendered":"https:\/\/nordicmart.andreevmaster.com\/product\/vasagle-sidobord-i-industriell-stil-med-forvaring\/"},"modified":"2026-02-27T08:13:57","modified_gmt":"2026-02-27T08:13:57","slug":"vasagle-sidobord-i-industriell-stil-med-forvaring","status":"publish","type":"product","link":"https:\/\/nordicmart.andreevmaster.com\/sv\/produkt\/vasagle-sidobord-i-industriell-stil-med-forvaring\/","title":{"rendered":"VASAGLE sidobord i industriell stil med f\u00f6rvaring"},"content":{"rendered":"<p>Lite vintage h\u00e4r, lite industriell design d\u00e4r Stilen<br \/>\nhos detta sidobord kan beskrivas som en komposition av ett st\u00e5lstativ,<br \/>\n som har den trendiga industriella looken, och en exakt<br \/>\nbearbetad vintageplatta av tr\u00e4basmaterial.<br \/>\nger det praktiska metallgallret en helt speciell touch,<br \/>\nsom erbjuder en stilfull f\u00f6rvaringsyta f\u00f6r tidningar, v\u00e4xter eller andra<br \/>\nf\u00f6rem\u00e5l. Detta skapar en sp\u00e4nnande bild och ett m\u00f6bel som \u00e4r robust, snyggt och funktionellt p\u00e5 samma g\u00e5ng. Litet bord, stor nytta<br \/>\n Om du gillar att mysa p\u00e5 soffan eller i s\u00e4ngen med en god bok och en<br \/>\n kopp varm choklad p\u00e5 soffan eller i s\u00e4ngen, \u00e4r detta<br \/>\nenkla sidobord precis r\u00e4tt. St\u00e4ll din dryck<br \/>\noch sm\u00e5 snacks s\u00e5 att du inte beh\u00f6ver balansera choklad och kakor p\u00e5 magen<br \/>\nmedan du slukar din favoritdeckare.  Det smala soffbordet kan f\u00f6r \u00f6vrigt kombineras utm\u00e4rkt med andra m\u00f6bler i industriell designserie fr\u00e5n VASAGLE! Produktdetaljer: &#8211; F\u00e4rg: Vintagebrun-svart &#8211; Material: Sp\u00e5nskiva, st\u00e5l &#8211; Storlek: 60 x 30 x 60 cm (L x B x H) &#8211; Vikt: 6 kg &#8211; Max. belastbarhet yta: 20 kg &#8211; Max. belastbarhet f\u00f6r gallerhyllan: 10 kg Leveransomfattning: &#8211; 1 x sidobord &#8211; 1 x beh\u00e5llare med tillbeh\u00f6r &#8211; 1 x insexnyckel  &#8211; 1 x bruksanvisning (DE, EN, FR, ES, IT) VASAGLE Anm\u00e4rkningar: &#8211; Placera denna produkt p\u00e5 en sval, torr plats.<\/p>\n","protected":false},"excerpt":{"rendered":"<p>VASAGLE sidobord, nattduksbord, soffbord med gallerhylla, soffbord, stabilt, enkel montering, platsbesparande, vardagsrum, sovrum, industriell design, vintagebrunt-svart LET31BX<\/p>\n","protected":false},"featured_media":0,"comment_status":"open","ping_status":"closed","template":"","meta":[],"product_brand":[],"product_cat":[33],"product_tag":[],"class_list":{"0":"post-14331","1":"product","2":"type-product","3":"status-publish","5":"product_cat-okategoriserad","7":"first","8":"instock","9":"shipping-taxable","10":"purchasable","11":"product-type-simple"},"_links":{"self":[{"href":"https:\/\/nordicmart.andreevmaster.com\/sv\/wp-json\/wp\/v2\/product\/14331","targetHints":{"allow":["GET"]}}],"collection":[{"href":"https:\/\/nordicmart.andreevmaster.com\/sv\/wp-json\/wp\/v2\/product"}],"about":[{"href":"https:\/\/nordicmart.andreevmaster.com\/sv\/wp-json\/wp\/v2\/types\/product"}],"replies":[{"embeddable":true,"href":"https:\/\/nordicmart.andreevmaster.com\/sv\/wp-json\/wp\/v2\/comments?post=14331"}],"wp:attachment":[{"href":"https:\/\/nordicmart.andreevmaster.com\/sv\/wp-json\/wp\/v2\/media?parent=14331"}],"wp:term":[{"taxonomy":"product_brand","embeddable":true,"href":"https:\/\/nordicmart.andreevmaster.com\/sv\/wp-json\/wp\/v2\/product_brand?post=14331"},{"taxonomy":"product_cat","embeddable":true,"href":"https:\/\/nordicmart.andreevmaster.com\/sv\/wp-json\/wp\/v2\/product_cat?post=14331"},{"taxonomy":"product_tag","embeddable":true,"href":"https:\/\/nordicmart.andreevmaster.com\/sv\/wp-json\/wp\/v2\/product_tag?post=14331"}],"curies":[{"name":"wp","href":"https:\/\/api.w.org\/{rel}","templated":true}]}}