{"id":14325,"date":"2026-02-27T00:21:27","date_gmt":"2026-02-27T00:21:27","guid":{"rendered":"https:\/\/nordicmart.andreevmaster.com\/product\/vasagle-nattduksbord-att-hanga-upp-med-dryckeshallare-black-svart\/"},"modified":"2026-02-27T08:13:56","modified_gmt":"2026-02-27T08:13:56","slug":"vasagle-nattduksbord-att-hanga-upp-med-dryckeshallare-black-svart","status":"publish","type":"product","link":"https:\/\/nordicmart.andreevmaster.com\/sv\/produkt\/vasagle-nattduksbord-att-hanga-upp-med-dryckeshallare-black-svart\/","title":{"rendered":"VASAGLE nattduksbord att h\u00e4nga upp med dryckesh\u00e5llare, bl\u00e4ck svart"},"content":{"rendered":"<p>VASAGLE s\u00e4nghylla, nattduksbord att h\u00e4nga upp, hylla f\u00f6r h\u00f6gs\u00e4ng, fack f\u00f6r mobiltelefon, vridbar krok f\u00f6r dryckesh\u00e5llare, justerbara kl\u00e4mmor, f\u00f6r studentrum<br \/>\nF\u00e4rg: bl\u00e4ck svart<br \/>\nMaterial: bambu, metall<br \/>\nStorlek: 27 x 37,8 x 7,9 cm (D x B x H)<br \/>\nVikt: 1,7 kg<br \/>\nMax. total statisk belastningskapacitet: 25 kg<\/p>\n","protected":false},"excerpt":{"rendered":"<p>VASAGLE s\u00e4nghylla, nattduksbord att h\u00e4nga upp, hylla f\u00f6r h\u00f6gs\u00e4ng, fack f\u00f6r mobiltelefon, vridbar krok f\u00f6r dryckesh\u00e5llare, justerbara kl\u00e4mmor, f\u00f6r studentrum<\/p>\n","protected":false},"featured_media":42285,"comment_status":"open","ping_status":"closed","template":"","meta":[],"product_brand":[],"product_cat":[33],"product_tag":[],"class_list":{"0":"post-14325","1":"product","2":"type-product","3":"status-publish","4":"has-post-thumbnail","6":"product_cat-okategoriserad","8":"first","9":"instock","10":"shipping-taxable","11":"purchasable","12":"product-type-simple"},"_links":{"self":[{"href":"https:\/\/nordicmart.andreevmaster.com\/sv\/wp-json\/wp\/v2\/product\/14325","targetHints":{"allow":["GET"]}}],"collection":[{"href":"https:\/\/nordicmart.andreevmaster.com\/sv\/wp-json\/wp\/v2\/product"}],"about":[{"href":"https:\/\/nordicmart.andreevmaster.com\/sv\/wp-json\/wp\/v2\/types\/product"}],"replies":[{"embeddable":true,"href":"https:\/\/nordicmart.andreevmaster.com\/sv\/wp-json\/wp\/v2\/comments?post=14325"}],"wp:featuredmedia":[{"embeddable":true,"href":"https:\/\/nordicmart.andreevmaster.com\/sv\/wp-json\/wp\/v2\/media\/42285"}],"wp:attachment":[{"href":"https:\/\/nordicmart.andreevmaster.com\/sv\/wp-json\/wp\/v2\/media?parent=14325"}],"wp:term":[{"taxonomy":"product_brand","embeddable":true,"href":"https:\/\/nordicmart.andreevmaster.com\/sv\/wp-json\/wp\/v2\/product_brand?post=14325"},{"taxonomy":"product_cat","embeddable":true,"href":"https:\/\/nordicmart.andreevmaster.com\/sv\/wp-json\/wp\/v2\/product_cat?post=14325"},{"taxonomy":"product_tag","embeddable":true,"href":"https:\/\/nordicmart.andreevmaster.com\/sv\/wp-json\/wp\/v2\/product_tag?post=14325"}],"curies":[{"name":"wp","href":"https:\/\/api.w.org\/{rel}","templated":true}]}}