{"id":14324,"date":"2026-02-27T00:21:27","date_gmt":"2026-02-27T00:21:27","guid":{"rendered":"https:\/\/nordicmart.andreevmaster.com\/product\/vasagle-sidobord-runt-med-2-hyllplan-glasplatta-och-forvaringshylla\/"},"modified":"2026-02-27T08:13:56","modified_gmt":"2026-02-27T08:13:56","slug":"vasagle-sidobord-runt-med-2-hyllplan-glasplatta-och-forvaringshylla","status":"publish","type":"product","link":"https:\/\/nordicmart.andreevmaster.com\/sv\/produkt\/vasagle-sidobord-runt-med-2-hyllplan-glasplatta-och-forvaringshylla\/","title":{"rendered":"VASAGLE sidobord, runt, med 2 hyllplan, glasplatta och f\u00f6rvaringshylla"},"content":{"rendered":"<p>VASAGLE sidobord, runt, nattduksbord med 2 hyllplan, soffbord med glasplatta och hyllplan av sp\u00e5nskiva, f\u00f6r vardagsrum, sovrum, sm\u00e5 rum, modernt, marmorvit LET287W59<br \/>\nF\u00e4rg: Marmorvit<br \/>\nMaterial: sp\u00e5nskiva, st\u00e5l, h\u00e4rdat glas<br \/>\nStorlek: 30 cm djup, 55 cm h\u00f6g<br \/>\nVikt: 3,9 kg<br \/>\nMax. statisk belastningskapacitet totalt: 25 kg<\/p>\n","protected":false},"excerpt":{"rendered":"<p>VASAGLE sidobord, runt, nattduksbord med 2 hyllplan, soffbord med glasplatta och hyllplan av sp\u00e5nskiva, f\u00f6r vardagsrum, sovrum, sm\u00e5 rum, modernt, marmorvit LET287W59<\/p>\n","protected":false},"featured_media":42284,"comment_status":"open","ping_status":"closed","template":"","meta":[],"product_brand":[],"product_cat":[33],"product_tag":[],"class_list":{"0":"post-14324","1":"product","2":"type-product","3":"status-publish","4":"has-post-thumbnail","6":"product_cat-okategoriserad","8":"first","9":"instock","10":"shipping-taxable","11":"purchasable","12":"product-type-simple"},"_links":{"self":[{"href":"https:\/\/nordicmart.andreevmaster.com\/sv\/wp-json\/wp\/v2\/product\/14324","targetHints":{"allow":["GET"]}}],"collection":[{"href":"https:\/\/nordicmart.andreevmaster.com\/sv\/wp-json\/wp\/v2\/product"}],"about":[{"href":"https:\/\/nordicmart.andreevmaster.com\/sv\/wp-json\/wp\/v2\/types\/product"}],"replies":[{"embeddable":true,"href":"https:\/\/nordicmart.andreevmaster.com\/sv\/wp-json\/wp\/v2\/comments?post=14324"}],"wp:featuredmedia":[{"embeddable":true,"href":"https:\/\/nordicmart.andreevmaster.com\/sv\/wp-json\/wp\/v2\/media\/42284"}],"wp:attachment":[{"href":"https:\/\/nordicmart.andreevmaster.com\/sv\/wp-json\/wp\/v2\/media?parent=14324"}],"wp:term":[{"taxonomy":"product_brand","embeddable":true,"href":"https:\/\/nordicmart.andreevmaster.com\/sv\/wp-json\/wp\/v2\/product_brand?post=14324"},{"taxonomy":"product_cat","embeddable":true,"href":"https:\/\/nordicmart.andreevmaster.com\/sv\/wp-json\/wp\/v2\/product_cat?post=14324"},{"taxonomy":"product_tag","embeddable":true,"href":"https:\/\/nordicmart.andreevmaster.com\/sv\/wp-json\/wp\/v2\/product_tag?post=14324"}],"curies":[{"name":"wp","href":"https:\/\/api.w.org\/{rel}","templated":true}]}}