{"id":14322,"date":"2026-02-27T00:21:26","date_gmt":"2026-02-27T00:21:26","guid":{"rendered":"https:\/\/nordicmart.andreevmaster.com\/product\/vasagle-sidobord-med-2-hyllplan-och-glasplatta-skiffergra\/"},"modified":"2026-02-27T08:13:55","modified_gmt":"2026-02-27T08:13:55","slug":"vasagle-sidobord-med-2-hyllplan-och-glasplatta-skiffergra","status":"publish","type":"product","link":"https:\/\/nordicmart.andreevmaster.com\/sv\/produkt\/vasagle-sidobord-med-2-hyllplan-och-glasplatta-skiffergra\/","title":{"rendered":"VASAGLE sidobord med 2 hyllplan och glasplatta, skiffergr\u00e5"},"content":{"rendered":"<p>VASAGLE sidobord, runt, nattduksbord med 2 hyllplan, soffbord med glasplatta och hyllplan av sp\u00e5nskiva, f\u00f6r vardagsrum, sovrum, sm\u00e5 rum, modernt, marmorvit LET287W59<br \/>\nF\u00e4rg: Skiffergr\u00e5<br \/>\nMaterial: sp\u00e5nskiva, st\u00e5l, h\u00e4rdat glas<br \/>\nStorlek: 30 cm d, 55 cm H<br \/>\nVikt: 3,9 kg<br \/>\nMax. statisk belastningskapacitet totalt: 25 kg<\/p>\n","protected":false},"excerpt":{"rendered":"<p>VASAGLE sidobord, runt, nattduksbord med 2 hyllplan, soffbord med glasplatta och hyllplan av sp\u00e5nskiva, f\u00f6r vardagsrum, sovrum, sm\u00e5 rum, modernt, marmorvit LET287W59<\/p>\n","protected":false},"featured_media":42282,"comment_status":"open","ping_status":"closed","template":"","meta":[],"product_brand":[],"product_cat":[33],"product_tag":[],"class_list":{"0":"post-14322","1":"product","2":"type-product","3":"status-publish","4":"has-post-thumbnail","6":"product_cat-okategoriserad","8":"first","9":"instock","10":"shipping-taxable","11":"purchasable","12":"product-type-simple"},"_links":{"self":[{"href":"https:\/\/nordicmart.andreevmaster.com\/sv\/wp-json\/wp\/v2\/product\/14322","targetHints":{"allow":["GET"]}}],"collection":[{"href":"https:\/\/nordicmart.andreevmaster.com\/sv\/wp-json\/wp\/v2\/product"}],"about":[{"href":"https:\/\/nordicmart.andreevmaster.com\/sv\/wp-json\/wp\/v2\/types\/product"}],"replies":[{"embeddable":true,"href":"https:\/\/nordicmart.andreevmaster.com\/sv\/wp-json\/wp\/v2\/comments?post=14322"}],"wp:featuredmedia":[{"embeddable":true,"href":"https:\/\/nordicmart.andreevmaster.com\/sv\/wp-json\/wp\/v2\/media\/42282"}],"wp:attachment":[{"href":"https:\/\/nordicmart.andreevmaster.com\/sv\/wp-json\/wp\/v2\/media?parent=14322"}],"wp:term":[{"taxonomy":"product_brand","embeddable":true,"href":"https:\/\/nordicmart.andreevmaster.com\/sv\/wp-json\/wp\/v2\/product_brand?post=14322"},{"taxonomy":"product_cat","embeddable":true,"href":"https:\/\/nordicmart.andreevmaster.com\/sv\/wp-json\/wp\/v2\/product_cat?post=14322"},{"taxonomy":"product_tag","embeddable":true,"href":"https:\/\/nordicmart.andreevmaster.com\/sv\/wp-json\/wp\/v2\/product_tag?post=14322"}],"curies":[{"name":"wp","href":"https:\/\/api.w.org\/{rel}","templated":true}]}}