{"id":14321,"date":"2026-02-27T00:21:26","date_gmt":"2026-02-27T00:21:26","guid":{"rendered":"https:\/\/nordicmart.andreevmaster.com\/product\/songmics-home-sidobord-med-3-hyllor-30-x-34-x-58-cm-snovit\/"},"modified":"2026-02-27T08:13:55","modified_gmt":"2026-02-27T08:13:55","slug":"songmics-home-sidobord-med-3-hyllor-30-x-34-x-58-cm-snovit","status":"publish","type":"product","link":"https:\/\/nordicmart.andreevmaster.com\/sv\/produkt\/songmics-home-sidobord-med-3-hyllor-30-x-34-x-58-cm-snovit\/","title":{"rendered":"SONGMICS HOME sidobord med 3 hyllor 30 x 34 x 58 cm sn\u00f6vit"},"content":{"rendered":"<p>SONGMICS HOME sidobord, nattduksbord, med 3 hyllor, tygkorg, f\u00f6r sovrum, vardagsrum, st\u00e5lram, 30 x 34 x 58 cm, modernt, sn\u00f6vit LET286W01<br \/>\nF\u00e4rg: Sn\u00f6vit<br \/>\nMaterial: sp\u00e5nskiva, st\u00e5l, oxfordtyg<br \/>\nStorlek: 30 x 34 x 58 cm (D x B x H)<br \/>\nStoffkorgens storlek: 22 x 26 x 16 cm (D x B x H)<br \/>\nVikt: 3,7 kg<br \/>\nMax. statisk belastningskapacitet per hylla i nedre delen: 10 kg<br \/>\nMax. statisk belastningskapacitet f\u00f6r bordsskivan: 20 kg<\/p>\n","protected":false},"excerpt":{"rendered":"<p>SONGMICS HOME sidobord, nattduksbord, med 3 hyllor, tygkorg, f\u00f6r sovrum, vardagsrum, st\u00e5lram, 30 x 34 x 58 cm, modernt, sn\u00f6vit LET286W01<\/p>\n","protected":false},"featured_media":42281,"comment_status":"open","ping_status":"closed","template":"","meta":[],"product_brand":[],"product_cat":[33],"product_tag":[],"class_list":{"0":"post-14321","1":"product","2":"type-product","3":"status-publish","4":"has-post-thumbnail","6":"product_cat-okategoriserad","8":"first","9":"instock","10":"shipping-taxable","11":"purchasable","12":"product-type-simple"},"_links":{"self":[{"href":"https:\/\/nordicmart.andreevmaster.com\/sv\/wp-json\/wp\/v2\/product\/14321","targetHints":{"allow":["GET"]}}],"collection":[{"href":"https:\/\/nordicmart.andreevmaster.com\/sv\/wp-json\/wp\/v2\/product"}],"about":[{"href":"https:\/\/nordicmart.andreevmaster.com\/sv\/wp-json\/wp\/v2\/types\/product"}],"replies":[{"embeddable":true,"href":"https:\/\/nordicmart.andreevmaster.com\/sv\/wp-json\/wp\/v2\/comments?post=14321"}],"wp:featuredmedia":[{"embeddable":true,"href":"https:\/\/nordicmart.andreevmaster.com\/sv\/wp-json\/wp\/v2\/media\/42281"}],"wp:attachment":[{"href":"https:\/\/nordicmart.andreevmaster.com\/sv\/wp-json\/wp\/v2\/media?parent=14321"}],"wp:term":[{"taxonomy":"product_brand","embeddable":true,"href":"https:\/\/nordicmart.andreevmaster.com\/sv\/wp-json\/wp\/v2\/product_brand?post=14321"},{"taxonomy":"product_cat","embeddable":true,"href":"https:\/\/nordicmart.andreevmaster.com\/sv\/wp-json\/wp\/v2\/product_cat?post=14321"},{"taxonomy":"product_tag","embeddable":true,"href":"https:\/\/nordicmart.andreevmaster.com\/sv\/wp-json\/wp\/v2\/product_tag?post=14321"}],"curies":[{"name":"wp","href":"https:\/\/api.w.org\/{rel}","templated":true}]}}