{"id":14317,"date":"2026-02-27T00:21:25","date_gmt":"2026-02-27T00:21:25","guid":{"rendered":"https:\/\/nordicmart.andreevmaster.com\/product\/vasagle-sidobord-2-nivaer-i-vit-marmoroptik-med-svart-stativ\/"},"modified":"2026-02-27T08:13:54","modified_gmt":"2026-02-27T08:13:54","slug":"vasagle-sidobord-2-nivaer-i-vit-marmoroptik-med-svart-stativ","status":"publish","type":"product","link":"https:\/\/nordicmart.andreevmaster.com\/sv\/produkt\/vasagle-sidobord-2-nivaer-i-vit-marmoroptik-med-svart-stativ\/","title":{"rendered":"VASAGLE sidobord 2 niv\u00e5er i vit marmoroptik med svart stativ"},"content":{"rendered":"<p>VASAGLE sidobord, nattduksbord med 2 hyllplan, sp\u00e5nskiva, h\u00e4rdat glas, f\u00f6r vardagsrum, arbetsrum, sm\u00e5 rum, modernt, vit marmorlook, svart stativ LET285B13<br \/>\nF\u00e4rg: Vit marmorlook, svart stativ<br \/>\nMaterial: st\u00e5l, sp\u00e5nskiva, h\u00e4rdat glas<br \/>\nStorlek: 45 x 55 cm (\u00d8 x H)<br \/>\nVikt: 5,6 kg<br \/>\nMax. statisk belastningskapacitet per hylla: 10 kg<\/p>\n","protected":false},"excerpt":{"rendered":"<p>VASAGLE sidobord, nattduksbord med 2 hyllplan, sp\u00e5nskiva, h\u00e4rdat glas, f\u00f6r vardagsrum, arbetsrum, sm\u00e5 rum, modernt, vit marmorlook, svart stativ LET285B13<\/p>\n","protected":false},"featured_media":0,"comment_status":"open","ping_status":"closed","template":"","meta":[],"product_brand":[],"product_cat":[33],"product_tag":[],"class_list":{"0":"post-14317","1":"product","2":"type-product","3":"status-publish","5":"product_cat-okategoriserad","7":"first","8":"instock","9":"shipping-taxable","10":"purchasable","11":"product-type-simple"},"_links":{"self":[{"href":"https:\/\/nordicmart.andreevmaster.com\/sv\/wp-json\/wp\/v2\/product\/14317","targetHints":{"allow":["GET"]}}],"collection":[{"href":"https:\/\/nordicmart.andreevmaster.com\/sv\/wp-json\/wp\/v2\/product"}],"about":[{"href":"https:\/\/nordicmart.andreevmaster.com\/sv\/wp-json\/wp\/v2\/types\/product"}],"replies":[{"embeddable":true,"href":"https:\/\/nordicmart.andreevmaster.com\/sv\/wp-json\/wp\/v2\/comments?post=14317"}],"wp:attachment":[{"href":"https:\/\/nordicmart.andreevmaster.com\/sv\/wp-json\/wp\/v2\/media?parent=14317"}],"wp:term":[{"taxonomy":"product_brand","embeddable":true,"href":"https:\/\/nordicmart.andreevmaster.com\/sv\/wp-json\/wp\/v2\/product_brand?post=14317"},{"taxonomy":"product_cat","embeddable":true,"href":"https:\/\/nordicmart.andreevmaster.com\/sv\/wp-json\/wp\/v2\/product_cat?post=14317"},{"taxonomy":"product_tag","embeddable":true,"href":"https:\/\/nordicmart.andreevmaster.com\/sv\/wp-json\/wp\/v2\/product_tag?post=14317"}],"curies":[{"name":"wp","href":"https:\/\/api.w.org\/{rel}","templated":true}]}}