{"id":14315,"date":"2026-02-27T00:21:24","date_gmt":"2026-02-27T00:21:24","guid":{"rendered":"https:\/\/nordicmart.andreevmaster.com\/product\/vasagle-sidobord-med-nedre-hylla-i-modern-stil\/"},"modified":"2026-02-27T08:13:54","modified_gmt":"2026-02-27T08:13:54","slug":"vasagle-sidobord-med-nedre-hylla-i-modern-stil","status":"publish","type":"product","link":"https:\/\/nordicmart.andreevmaster.com\/sv\/produkt\/vasagle-sidobord-med-nedre-hylla-i-modern-stil\/","title":{"rendered":"VASAGLE sidobord med nedre hylla i modern stil"},"content":{"rendered":"<p>VASAGLE sidobord, soffbord, litet runt bord f\u00f6r vardagsrum, 40 x 50 cm, sp\u00e5nskiva, nattduksbord f\u00f6r sm\u00e5 rum med nedre hylla, modern stil, vitt LET283T14<br \/>\nF\u00e4rg: Honungsbrun<br \/>\nMaterial: Sp\u00e5nskiva<br \/>\nStorlek: 40 x 50 cm (\u00d8 x H)<br \/>\nVikt: 4,1 kg<br \/>\nMax. statisk belastningskapacitet: 90 kg<\/p>\n","protected":false},"excerpt":{"rendered":"<p>VASAGLE sidobord, soffbord, litet runt bord f\u00f6r vardagsrum, 40 x 50 cm, sp\u00e5nskiva, nattduksbord f\u00f6r sm\u00e5 rum med nedre hylla, modern stil, vitt LET283T14<\/p>\n","protected":false},"featured_media":42278,"comment_status":"open","ping_status":"closed","template":"","meta":[],"product_brand":[],"product_cat":[33],"product_tag":[],"class_list":{"0":"post-14315","1":"product","2":"type-product","3":"status-publish","4":"has-post-thumbnail","6":"product_cat-okategoriserad","8":"first","9":"instock","10":"shipping-taxable","11":"purchasable","12":"product-type-simple"},"_links":{"self":[{"href":"https:\/\/nordicmart.andreevmaster.com\/sv\/wp-json\/wp\/v2\/product\/14315","targetHints":{"allow":["GET"]}}],"collection":[{"href":"https:\/\/nordicmart.andreevmaster.com\/sv\/wp-json\/wp\/v2\/product"}],"about":[{"href":"https:\/\/nordicmart.andreevmaster.com\/sv\/wp-json\/wp\/v2\/types\/product"}],"replies":[{"embeddable":true,"href":"https:\/\/nordicmart.andreevmaster.com\/sv\/wp-json\/wp\/v2\/comments?post=14315"}],"wp:featuredmedia":[{"embeddable":true,"href":"https:\/\/nordicmart.andreevmaster.com\/sv\/wp-json\/wp\/v2\/media\/42278"}],"wp:attachment":[{"href":"https:\/\/nordicmart.andreevmaster.com\/sv\/wp-json\/wp\/v2\/media?parent=14315"}],"wp:term":[{"taxonomy":"product_brand","embeddable":true,"href":"https:\/\/nordicmart.andreevmaster.com\/sv\/wp-json\/wp\/v2\/product_brand?post=14315"},{"taxonomy":"product_cat","embeddable":true,"href":"https:\/\/nordicmart.andreevmaster.com\/sv\/wp-json\/wp\/v2\/product_cat?post=14315"},{"taxonomy":"product_tag","embeddable":true,"href":"https:\/\/nordicmart.andreevmaster.com\/sv\/wp-json\/wp\/v2\/product_tag?post=14315"}],"curies":[{"name":"wp","href":"https:\/\/api.w.org\/{rel}","templated":true}]}}