{"id":14312,"date":"2026-02-27T00:21:24","date_gmt":"2026-02-27T00:21:24","guid":{"rendered":"https:\/\/nordicmart.andreevmaster.com\/product\/vasagle-sidobord-med-metallram\/"},"modified":"2026-02-27T08:13:53","modified_gmt":"2026-02-27T08:13:53","slug":"vasagle-sidobord-med-metallram","status":"publish","type":"product","link":"https:\/\/nordicmart.andreevmaster.com\/sv\/produkt\/vasagle-sidobord-med-metallram\/","title":{"rendered":"VASAGLE sidobord med metallram"},"content":{"rendered":"<p>Produktdetaljer: &#8211; F\u00e4rg: Vit-guldf\u00e4rgad &#8211; Material: Sp\u00e5nskiva, metall &#8211; Storlek: 50 x 55 cm (\u00d8 x H) &#8211; Vikt: 3,5 kg &#8211; Max. statisk belastningskapacitet: 30 kg Leveransomfattning: &#8211; 1 x sidobord &#8211; 1 x tillbeh\u00f6rspaket &#8211; 1 x bruksanvisning VASAGLE Anm\u00e4rkningar:- Av s\u00e4kerhetssk\u00e4l \u00e4r det f\u00f6rbjudet f\u00f6r barn att kl\u00e4ttra p\u00e5 eller leka med produkten.<\/p>\n","protected":false},"excerpt":{"rendered":"<p>VASAGLE sidobord, soffbord, nattduksbord, runt, med yta av sp\u00e5nskiva och guldf\u00e4rgad metallram, enkel montering, f\u00f6r sovrum, vardagsrum, modernt, vit-guldf\u00e4rgat LET282A10<\/p>\n","protected":false},"featured_media":42277,"comment_status":"open","ping_status":"closed","template":"","meta":[],"product_brand":[],"product_cat":[33],"product_tag":[],"class_list":{"0":"post-14312","1":"product","2":"type-product","3":"status-publish","4":"has-post-thumbnail","6":"product_cat-okategoriserad","8":"first","9":"instock","10":"shipping-taxable","11":"purchasable","12":"product-type-simple"},"_links":{"self":[{"href":"https:\/\/nordicmart.andreevmaster.com\/sv\/wp-json\/wp\/v2\/product\/14312","targetHints":{"allow":["GET"]}}],"collection":[{"href":"https:\/\/nordicmart.andreevmaster.com\/sv\/wp-json\/wp\/v2\/product"}],"about":[{"href":"https:\/\/nordicmart.andreevmaster.com\/sv\/wp-json\/wp\/v2\/types\/product"}],"replies":[{"embeddable":true,"href":"https:\/\/nordicmart.andreevmaster.com\/sv\/wp-json\/wp\/v2\/comments?post=14312"}],"wp:featuredmedia":[{"embeddable":true,"href":"https:\/\/nordicmart.andreevmaster.com\/sv\/wp-json\/wp\/v2\/media\/42277"}],"wp:attachment":[{"href":"https:\/\/nordicmart.andreevmaster.com\/sv\/wp-json\/wp\/v2\/media?parent=14312"}],"wp:term":[{"taxonomy":"product_brand","embeddable":true,"href":"https:\/\/nordicmart.andreevmaster.com\/sv\/wp-json\/wp\/v2\/product_brand?post=14312"},{"taxonomy":"product_cat","embeddable":true,"href":"https:\/\/nordicmart.andreevmaster.com\/sv\/wp-json\/wp\/v2\/product_cat?post=14312"},{"taxonomy":"product_tag","embeddable":true,"href":"https:\/\/nordicmart.andreevmaster.com\/sv\/wp-json\/wp\/v2\/product_tag?post=14312"}],"curies":[{"name":"wp","href":"https:\/\/api.w.org\/{rel}","templated":true}]}}