{"id":14302,"date":"2026-02-27T00:21:21","date_gmt":"2026-02-27T00:21:21","guid":{"rendered":"https:\/\/nordicmart.andreevmaster.com\/product\/vasagle-sidobord-i-industriell-design-hexagon\/"},"modified":"2026-02-27T08:13:51","modified_gmt":"2026-02-27T08:13:51","slug":"vasagle-sidobord-i-industriell-design-hexagon","status":"publish","type":"product","link":"https:\/\/nordicmart.andreevmaster.com\/sv\/produkt\/vasagle-sidobord-i-industriell-design-hexagon\/","title":{"rendered":"VASAGLE sidobord i industriell design Hexagon"},"content":{"rendered":"<p>VASAGLE \u2013 st\u00e5r f\u00f6r en fantasifull kombination av funktionalitet, t\u00e5lighet och stilfulla vintage-design. Om du vill ge dina rum en individuell touch och en antik pr\u00e4gel kan du uppn\u00e5 imponerande effekter med denna m\u00f6belserie. Litet bord, stor effekt Det eleganta vintage-designen p\u00e5 detta sidobord och dess kompakta m\u00e5tt p\u00e5 55 x 55 x 55 cm (B x H x D) g\u00f6r att m\u00f6beln passar bra \u00f6verallt. Anv\u00e4nd bordsskivan i tr\u00e4optik och gallerhyllan i j\u00e4rn till exempel bredvid din s\u00e4ng f\u00f6r att l\u00e4gga dina glas\u00f6gon, st\u00e4lla en nattlampa eller f\u00f6rvara en l\u00e5da med n\u00e4sdukar. Eller \u00e4lskar du att st\u00e4lla fram snacks och drycker p\u00e5 ett soffbord bredvid soffan och slappa framf\u00f6r TV:n tillsammans med din familj?  Oavsett vilka planer du har kan du enkelt f\u00f6rverkliga dina inredningsid\u00e9er med vintage-m\u00f6blerna fr\u00e5n VASAGLE! Produktdetaljer: &#8211; F\u00e4rg: Vintage &#8211; Material: J\u00e4rnram, sp\u00e5nskiva (tjocklek: 15 mm) &#8211; M\u00e5tt: 55 x 55 x 55 cm (B x H x D) &#8211; Vikt: 9,4 kg &#8211; Max. belastbarhet f\u00f6r bordsskivan: 30 kg &#8211; Max. belastbarhet f\u00f6r gallerhyllan: 10 kg Leveransomfattning: &#8211; 1 x sidobord &#8211; 1 x tillbeh\u00f6rsp\u00e5se &#8211; 1 x bruksanvisning (DE, EN, FR, ES, IT) VASAGLE Anm\u00e4rkningar: &#8211; Produkten \u00e4r endast avsedd f\u00f6r inomhusbruk. St\u00e4ll det i en torr milj\u00f6. &#8211; Den maximala belastningskapaciteten f\u00f6r bordsskivan \u00e4r 30 kg och f\u00f6r gallerhyllan 10 kg. Placera inte tyngre f\u00f6rem\u00e5l p\u00e5 dessa.<\/p>\n","protected":false},"excerpt":{"rendered":"<p>VASAGLE sidobord i industridesign, soffbord med stort f\u00f6rvaringsutrymme, f\u00f6r vardagsrum och kontor, stabilt, med metallstativ och gallerhylla, hexagonalt, vintage LET26X<\/p>\n","protected":false},"featured_media":42267,"comment_status":"open","ping_status":"closed","template":"","meta":[],"product_brand":[],"product_cat":[33],"product_tag":[],"class_list":{"0":"post-14302","1":"product","2":"type-product","3":"status-publish","4":"has-post-thumbnail","6":"product_cat-okategoriserad","8":"first","9":"instock","10":"shipping-taxable","11":"purchasable","12":"product-type-simple"},"_links":{"self":[{"href":"https:\/\/nordicmart.andreevmaster.com\/sv\/wp-json\/wp\/v2\/product\/14302","targetHints":{"allow":["GET"]}}],"collection":[{"href":"https:\/\/nordicmart.andreevmaster.com\/sv\/wp-json\/wp\/v2\/product"}],"about":[{"href":"https:\/\/nordicmart.andreevmaster.com\/sv\/wp-json\/wp\/v2\/types\/product"}],"replies":[{"embeddable":true,"href":"https:\/\/nordicmart.andreevmaster.com\/sv\/wp-json\/wp\/v2\/comments?post=14302"}],"wp:featuredmedia":[{"embeddable":true,"href":"https:\/\/nordicmart.andreevmaster.com\/sv\/wp-json\/wp\/v2\/media\/42267"}],"wp:attachment":[{"href":"https:\/\/nordicmart.andreevmaster.com\/sv\/wp-json\/wp\/v2\/media?parent=14302"}],"wp:term":[{"taxonomy":"product_brand","embeddable":true,"href":"https:\/\/nordicmart.andreevmaster.com\/sv\/wp-json\/wp\/v2\/product_brand?post=14302"},{"taxonomy":"product_cat","embeddable":true,"href":"https:\/\/nordicmart.andreevmaster.com\/sv\/wp-json\/wp\/v2\/product_cat?post=14302"},{"taxonomy":"product_tag","embeddable":true,"href":"https:\/\/nordicmart.andreevmaster.com\/sv\/wp-json\/wp\/v2\/product_tag?post=14302"}],"curies":[{"name":"wp","href":"https:\/\/api.w.org\/{rel}","templated":true}]}}