{"id":14300,"date":"2026-02-27T00:21:21","date_gmt":"2026-02-27T00:21:21","guid":{"rendered":"https:\/\/nordicmart.andreevmaster.com\/product\/vasagle-sidobord-med-2-hyllplan-modernt-kramvitt\/"},"modified":"2026-02-27T08:13:51","modified_gmt":"2026-02-27T08:13:51","slug":"vasagle-sidobord-med-2-hyllplan-modernt-kramvitt","status":"publish","type":"product","link":"https:\/\/nordicmart.andreevmaster.com\/sv\/produkt\/vasagle-sidobord-med-2-hyllplan-modernt-kramvitt\/","title":{"rendered":"VASAGLE sidobord med 2 hyllplan, modernt kr\u00e4mvitt"},"content":{"rendered":"<p>VASAGLE sidobord med 2 hyllplan, nattduksbord, litet soffbord, soffbord med f\u00f6rvaring, modernt, f\u00f6r inomhus- och utomhusbruk, vardagsrum, sovrum, balkong, bl\u00e4ck svart LET243B01<br \/>\nF\u00e4rg: kr\u00e4mvit<br \/>\nMaterial: St\u00e5l<br \/>\nStorlek: 30 x 40 x 56 cm (D x B x H)<br \/>\nVikt: 3,6 kg<br \/>\nMax. statisk belastningskapacitet: 20 kg<\/p>\n","protected":false},"excerpt":{"rendered":"<p>VASAGLE sidobord med 2 hyllplan, nattduksbord, litet soffbord, soffbord med f\u00f6rvaring, modernt, f\u00f6r inomhus- och utomhusbruk, vardagsrum, sovrum, balkong, bl\u00e4ck svart LET243B01<\/p>\n","protected":false},"featured_media":42265,"comment_status":"open","ping_status":"closed","template":"","meta":[],"product_brand":[],"product_cat":[33],"product_tag":[],"class_list":{"0":"post-14300","1":"product","2":"type-product","3":"status-publish","4":"has-post-thumbnail","6":"product_cat-okategoriserad","8":"first","9":"instock","10":"shipping-taxable","11":"purchasable","12":"product-type-simple"},"_links":{"self":[{"href":"https:\/\/nordicmart.andreevmaster.com\/sv\/wp-json\/wp\/v2\/product\/14300","targetHints":{"allow":["GET"]}}],"collection":[{"href":"https:\/\/nordicmart.andreevmaster.com\/sv\/wp-json\/wp\/v2\/product"}],"about":[{"href":"https:\/\/nordicmart.andreevmaster.com\/sv\/wp-json\/wp\/v2\/types\/product"}],"replies":[{"embeddable":true,"href":"https:\/\/nordicmart.andreevmaster.com\/sv\/wp-json\/wp\/v2\/comments?post=14300"}],"wp:featuredmedia":[{"embeddable":true,"href":"https:\/\/nordicmart.andreevmaster.com\/sv\/wp-json\/wp\/v2\/media\/42265"}],"wp:attachment":[{"href":"https:\/\/nordicmart.andreevmaster.com\/sv\/wp-json\/wp\/v2\/media?parent=14300"}],"wp:term":[{"taxonomy":"product_brand","embeddable":true,"href":"https:\/\/nordicmart.andreevmaster.com\/sv\/wp-json\/wp\/v2\/product_brand?post=14300"},{"taxonomy":"product_cat","embeddable":true,"href":"https:\/\/nordicmart.andreevmaster.com\/sv\/wp-json\/wp\/v2\/product_cat?post=14300"},{"taxonomy":"product_tag","embeddable":true,"href":"https:\/\/nordicmart.andreevmaster.com\/sv\/wp-json\/wp\/v2\/product_tag?post=14300"}],"curies":[{"name":"wp","href":"https:\/\/api.w.org\/{rel}","templated":true}]}}