{"id":14282,"date":"2026-02-27T00:21:16","date_gmt":"2026-02-27T00:21:16","guid":{"rendered":"https:\/\/nordicmart.andreevmaster.com\/product\/vasagle-sidobord-runt-med-korg-i-tyg\/"},"modified":"2026-02-27T08:13:48","modified_gmt":"2026-02-27T08:13:48","slug":"vasagle-sidobord-runt-med-korg-i-tyg","status":"publish","type":"product","link":"https:\/\/nordicmart.andreevmaster.com\/sv\/produkt\/vasagle-sidobord-runt-med-korg-i-tyg\/","title":{"rendered":"VASAGLE sidobord, runt, med korg i tyg"},"content":{"rendered":"<p>VASAGLE sidobord runt, litet bord, litet soffbord, vardagsrumsbord med korg i tyg, f\u00f6rvaringsutrymme f\u00f6r vardagsrum, sovrum, modernt nattduksbord, vit-beige LET223W10<br \/>\nF\u00e4rg: lagergr\u00f6n-kr\u00e4mvit<br \/>\nMaterial: sp\u00e5nskiva, st\u00e5l, polyesterv\u00e4v<br \/>\nStorlek p\u00e5 sidobordet: 45 x 50 cm (\u00d8 x H)<br \/>\nStorlek p\u00e5 tygkorgen: 39,6 x 18,2 cm (\u00d8 x H)<br \/>\nTotalvikt: 4,1 kg<br \/>\nMax. statisk belastningskapacitet f\u00f6r bordsskivan: 35 kg<\/p>\n","protected":false},"excerpt":{"rendered":"<p>VASAGLE sidobord runt, litet bord, litet soffbord, vardagsrumsbord med korg i tyg, f\u00f6rvaringsutrymme f\u00f6r vardagsrum, sovrum, modernt nattduksbord, vit-beige LET223W10<\/p>\n","protected":false},"featured_media":46623,"comment_status":"open","ping_status":"closed","template":"","meta":[],"product_brand":[],"product_cat":[33],"product_tag":[],"class_list":{"0":"post-14282","1":"product","2":"type-product","3":"status-publish","4":"has-post-thumbnail","6":"product_cat-okategoriserad","8":"first","9":"instock","10":"shipping-taxable","11":"purchasable","12":"product-type-simple"},"_links":{"self":[{"href":"https:\/\/nordicmart.andreevmaster.com\/sv\/wp-json\/wp\/v2\/product\/14282","targetHints":{"allow":["GET"]}}],"collection":[{"href":"https:\/\/nordicmart.andreevmaster.com\/sv\/wp-json\/wp\/v2\/product"}],"about":[{"href":"https:\/\/nordicmart.andreevmaster.com\/sv\/wp-json\/wp\/v2\/types\/product"}],"replies":[{"embeddable":true,"href":"https:\/\/nordicmart.andreevmaster.com\/sv\/wp-json\/wp\/v2\/comments?post=14282"}],"wp:featuredmedia":[{"embeddable":true,"href":"https:\/\/nordicmart.andreevmaster.com\/sv\/wp-json\/wp\/v2\/media\/46623"}],"wp:attachment":[{"href":"https:\/\/nordicmart.andreevmaster.com\/sv\/wp-json\/wp\/v2\/media?parent=14282"}],"wp:term":[{"taxonomy":"product_brand","embeddable":true,"href":"https:\/\/nordicmart.andreevmaster.com\/sv\/wp-json\/wp\/v2\/product_brand?post=14282"},{"taxonomy":"product_cat","embeddable":true,"href":"https:\/\/nordicmart.andreevmaster.com\/sv\/wp-json\/wp\/v2\/product_cat?post=14282"},{"taxonomy":"product_tag","embeddable":true,"href":"https:\/\/nordicmart.andreevmaster.com\/sv\/wp-json\/wp\/v2\/product_tag?post=14282"}],"curies":[{"name":"wp","href":"https:\/\/api.w.org\/{rel}","templated":true}]}}