{"id":14280,"date":"2026-02-27T00:21:15","date_gmt":"2026-02-27T00:21:15","guid":{"rendered":"https:\/\/nordicmart.andreevmaster.com\/product\/vasagle-sidobord-med-korg-i-tyg-ebenholts-skiffergra\/"},"modified":"2026-02-27T08:13:47","modified_gmt":"2026-02-27T08:13:47","slug":"vasagle-sidobord-med-korg-i-tyg-ebenholts-skiffergra","status":"publish","type":"product","link":"https:\/\/nordicmart.andreevmaster.com\/sv\/produkt\/vasagle-sidobord-med-korg-i-tyg-ebenholts-skiffergra\/","title":{"rendered":"VASAGLE sidobord med korg i tyg ebenholts-skiffergr\u00e5"},"content":{"rendered":"<p>VASAGLE sidobord runt, litet bord, litet soffbord, vardagsrumsbord med korg i tyg, f\u00f6rvaringsutrymme f\u00f6r vardagsrum, sovrum, modernt nattduksbord, vit-beige LET223W10<br \/>\nF\u00e4rg: ebenholts svart-skiffergr\u00e5<br \/>\nMaterial: sp\u00e5nskiva, st\u00e5l, polyestertyg<br \/>\nStorlek p\u00e5 sidobordet: 45 x 50 cm (\u00d8 x H)<br \/>\nStorlek p\u00e5 tygkorgen: 39,6 x 18,2 cm (\u00d8 x H)<br \/>\nTotalvikt: 4,1 kg<br \/>\nMax. statisk belastningskapacitet f\u00f6r bordsskivan: 35 kg<\/p>\n","protected":false},"excerpt":{"rendered":"<p>VASAGLE sidobord runt, litet bord, litet soffbord, vardagsrumsbord med korg i tyg, f\u00f6rvaringsutrymme f\u00f6r vardagsrum, sovrum, modernt nattduksbord, vit-beige LET223W10<\/p>\n","protected":false},"featured_media":46622,"comment_status":"open","ping_status":"closed","template":"","meta":[],"product_brand":[],"product_cat":[33],"product_tag":[],"class_list":{"0":"post-14280","1":"product","2":"type-product","3":"status-publish","4":"has-post-thumbnail","6":"product_cat-okategoriserad","8":"first","9":"instock","10":"shipping-taxable","11":"purchasable","12":"product-type-simple"},"_links":{"self":[{"href":"https:\/\/nordicmart.andreevmaster.com\/sv\/wp-json\/wp\/v2\/product\/14280","targetHints":{"allow":["GET"]}}],"collection":[{"href":"https:\/\/nordicmart.andreevmaster.com\/sv\/wp-json\/wp\/v2\/product"}],"about":[{"href":"https:\/\/nordicmart.andreevmaster.com\/sv\/wp-json\/wp\/v2\/types\/product"}],"replies":[{"embeddable":true,"href":"https:\/\/nordicmart.andreevmaster.com\/sv\/wp-json\/wp\/v2\/comments?post=14280"}],"wp:featuredmedia":[{"embeddable":true,"href":"https:\/\/nordicmart.andreevmaster.com\/sv\/wp-json\/wp\/v2\/media\/46622"}],"wp:attachment":[{"href":"https:\/\/nordicmart.andreevmaster.com\/sv\/wp-json\/wp\/v2\/media?parent=14280"}],"wp:term":[{"taxonomy":"product_brand","embeddable":true,"href":"https:\/\/nordicmart.andreevmaster.com\/sv\/wp-json\/wp\/v2\/product_brand?post=14280"},{"taxonomy":"product_cat","embeddable":true,"href":"https:\/\/nordicmart.andreevmaster.com\/sv\/wp-json\/wp\/v2\/product_cat?post=14280"},{"taxonomy":"product_tag","embeddable":true,"href":"https:\/\/nordicmart.andreevmaster.com\/sv\/wp-json\/wp\/v2\/product_tag?post=14280"}],"curies":[{"name":"wp","href":"https:\/\/api.w.org\/{rel}","templated":true}]}}