{"id":14275,"date":"2026-02-27T00:21:14","date_gmt":"2026-02-27T00:21:14","guid":{"rendered":"https:\/\/nordicmart.andreevmaster.com\/product\/vasagle-sidobord-2-pack-honungsbrunt-svart\/"},"modified":"2026-02-27T08:13:46","modified_gmt":"2026-02-27T08:13:46","slug":"vasagle-sidobord-2-pack-honungsbrunt-svart","status":"publish","type":"product","link":"https:\/\/nordicmart.andreevmaster.com\/sv\/produkt\/vasagle-sidobord-2-pack-honungsbrunt-svart\/","title":{"rendered":"VASAGLE sidobord, 2-pack, honungsbrunt-svart"},"content":{"rendered":"<p>Produktdetaljer: &#8211; F\u00e4rg: honungsbrun-svart &#8211; Material: sp\u00e5nskiva, st\u00e5l &#8211; Storlek per bord: 34 x 29 x 58 cm (L x B x H) &#8211; Vikt per bord: 2,7 kg &#8211; Max. statisk belastningskapacitet f\u00f6r ytan: 20 kg &#8211; Max. statisk belastningskapacitet per hylla: 5 kg &nbsp;Leveransomf\u00e5ng:- 2 x sidobord &#8211; 1 x tillbeh\u00f6rspaket &#8211; 1 x bruksanvisning (DE, EN, ES, FR, IT)&nbsp;VASAGLE Anm\u00e4rkningar:- Av s\u00e4kerhetssk\u00e4l \u00e4r det f\u00f6rbjudet f\u00f6r barn att kl\u00e4ttra p\u00e5 eller leka med produkten.<\/p>\n","protected":false},"excerpt":{"rendered":"<p>VASAGLE sidobordsset, 2 nattduksbord, sm\u00e5 soffbord, sovrum, vardagsrum, enkel montering, stabilt, st\u00e5lstativ, industriell stil, honungsbrunt-svart LET201B15<\/p>\n","protected":false},"featured_media":42252,"comment_status":"open","ping_status":"closed","template":"","meta":[],"product_brand":[],"product_cat":[33],"product_tag":[],"class_list":{"0":"post-14275","1":"product","2":"type-product","3":"status-publish","4":"has-post-thumbnail","6":"product_cat-okategoriserad","8":"first","9":"instock","10":"shipping-taxable","11":"purchasable","12":"product-type-simple"},"_links":{"self":[{"href":"https:\/\/nordicmart.andreevmaster.com\/sv\/wp-json\/wp\/v2\/product\/14275","targetHints":{"allow":["GET"]}}],"collection":[{"href":"https:\/\/nordicmart.andreevmaster.com\/sv\/wp-json\/wp\/v2\/product"}],"about":[{"href":"https:\/\/nordicmart.andreevmaster.com\/sv\/wp-json\/wp\/v2\/types\/product"}],"replies":[{"embeddable":true,"href":"https:\/\/nordicmart.andreevmaster.com\/sv\/wp-json\/wp\/v2\/comments?post=14275"}],"wp:featuredmedia":[{"embeddable":true,"href":"https:\/\/nordicmart.andreevmaster.com\/sv\/wp-json\/wp\/v2\/media\/42252"}],"wp:attachment":[{"href":"https:\/\/nordicmart.andreevmaster.com\/sv\/wp-json\/wp\/v2\/media?parent=14275"}],"wp:term":[{"taxonomy":"product_brand","embeddable":true,"href":"https:\/\/nordicmart.andreevmaster.com\/sv\/wp-json\/wp\/v2\/product_brand?post=14275"},{"taxonomy":"product_cat","embeddable":true,"href":"https:\/\/nordicmart.andreevmaster.com\/sv\/wp-json\/wp\/v2\/product_cat?post=14275"},{"taxonomy":"product_tag","embeddable":true,"href":"https:\/\/nordicmart.andreevmaster.com\/sv\/wp-json\/wp\/v2\/product_tag?post=14275"}],"curies":[{"name":"wp","href":"https:\/\/api.w.org\/{rel}","templated":true}]}}