{"id":14271,"date":"2026-02-27T00:21:13","date_gmt":"2026-02-27T00:21:13","guid":{"rendered":"https:\/\/nordicmart.andreevmaster.com\/product\/vasagle-sidobord-i-kolonialstil-randigt-vitt\/"},"modified":"2026-02-27T08:13:45","modified_gmt":"2026-02-27T08:13:45","slug":"vasagle-sidobord-i-kolonialstil-randigt-vitt","status":"publish","type":"product","link":"https:\/\/nordicmart.andreevmaster.com\/sv\/produkt\/vasagle-sidobord-i-kolonialstil-randigt-vitt\/","title":{"rendered":"VASAGLE sidobord i kolonialstil, randigt, vitt"},"content":{"rendered":"<p>Uppgradera ditt hem Skaffa detta eleganta sidobord och fyll ditt hem med liv. Var du placerar det \u00e4r helt upp till dig \u2013 st\u00e4ll det bredvid soffan i vardagsrummet, bredvid skrivbordet p\u00e5 kontoret eller var som helst d\u00e4r det saknas praktisk och elegant f\u00f6rvaring.Nyckeln till framg\u00e5ng ligger i detaljerna Den f\u00e4rgade hyllan och de robusta benen i massivt tr\u00e4 g\u00f6r att detta soffbord sticker ut fr\u00e5n m\u00e4ngden av tr\u00e5kiga bord. Dessutom utm\u00e4rker det sig genom sin vattenbaserade lack, unika design och enkla montering. Du b\u00f6r inte missa detta h\u00f6gkvalitativa men prisv\u00e4rda sidobord. Produktdetaljer: &#8211; F\u00e4rg: Vit, med f\u00e4rgglada r\u00e4nder &#8211; Material: Medeldensitetsfiberplatta (MDF), bj\u00f6rkfan\u00e9r, Schima Superba (ben) &#8211; M\u00e5tt: 45 x 50 x 66 cm (L x B x H) &#8211; Vikt: 8 kg &#8211; Max. belastningskapacitet f\u00f6r bordsskivan: 40 kg &#8211; Max. belastningskapacitet f\u00f6r hyllan: 20 kg Leveransomfattning: &#8211; 1 x sidobord &#8211; 1 x instruktionsbok (DE, EN, FR, ES, IT) VASAGLE Anm\u00e4rkningar: &#8211; S\u00e4tt dig inte p\u00e5 eller st\u00e4ll dig inte p\u00e5 produkten. &#8211; F\u00f6rvara inte produkten utomhus under l\u00e4ngre tid. &#8211; Produkten f\u00e5r inte komma i kontakt med vassa f\u00f6rem\u00e5l och aggressiva kemiska \u00e4mnen f\u00f6r att undvika skador.<\/p>\n","protected":false},"excerpt":{"rendered":"<p>VASAGLE sidobord med f\u00e4rgglad l\u00e5da, litet vardagsrumsbord med f\u00f6rvaring, ben i massivt tr\u00e4, soffbord f\u00f6r vardagsrummet, enkel montering, kolonialstil, m\u00f6rkbrunt LET17GL<\/p>\n","protected":false},"featured_media":42248,"comment_status":"open","ping_status":"closed","template":"","meta":[],"product_brand":[],"product_cat":[33],"product_tag":[],"class_list":{"0":"post-14271","1":"product","2":"type-product","3":"status-publish","4":"has-post-thumbnail","6":"product_cat-okategoriserad","8":"first","9":"instock","10":"shipping-taxable","11":"purchasable","12":"product-type-simple"},"_links":{"self":[{"href":"https:\/\/nordicmart.andreevmaster.com\/sv\/wp-json\/wp\/v2\/product\/14271","targetHints":{"allow":["GET"]}}],"collection":[{"href":"https:\/\/nordicmart.andreevmaster.com\/sv\/wp-json\/wp\/v2\/product"}],"about":[{"href":"https:\/\/nordicmart.andreevmaster.com\/sv\/wp-json\/wp\/v2\/types\/product"}],"replies":[{"embeddable":true,"href":"https:\/\/nordicmart.andreevmaster.com\/sv\/wp-json\/wp\/v2\/comments?post=14271"}],"wp:featuredmedia":[{"embeddable":true,"href":"https:\/\/nordicmart.andreevmaster.com\/sv\/wp-json\/wp\/v2\/media\/42248"}],"wp:attachment":[{"href":"https:\/\/nordicmart.andreevmaster.com\/sv\/wp-json\/wp\/v2\/media?parent=14271"}],"wp:term":[{"taxonomy":"product_brand","embeddable":true,"href":"https:\/\/nordicmart.andreevmaster.com\/sv\/wp-json\/wp\/v2\/product_brand?post=14271"},{"taxonomy":"product_cat","embeddable":true,"href":"https:\/\/nordicmart.andreevmaster.com\/sv\/wp-json\/wp\/v2\/product_cat?post=14271"},{"taxonomy":"product_tag","embeddable":true,"href":"https:\/\/nordicmart.andreevmaster.com\/sv\/wp-json\/wp\/v2\/product_tag?post=14271"}],"curies":[{"name":"wp","href":"https:\/\/api.w.org\/{rel}","templated":true}]}}