{"id":14270,"date":"2026-02-27T00:21:13","date_gmt":"2026-02-27T00:21:13","guid":{"rendered":"https:\/\/nordicmart.andreevmaster.com\/product\/vasagle-nattduksbord-i-kolonialstil\/"},"modified":"2026-02-27T08:13:45","modified_gmt":"2026-02-27T08:13:45","slug":"vasagle-nattduksbord-i-kolonialstil","status":"publish","type":"product","link":"https:\/\/nordicmart.andreevmaster.com\/sv\/produkt\/vasagle-nattduksbord-i-kolonialstil\/","title":{"rendered":"VASAGLE nattduksbord i kolonialstil"},"content":{"rendered":"<p>V\u00e4lkomna detta vackra sidobord till ert hem. Var ni \u00e4n placerar det \u2013 det kommer att passa perfekt i ert vardagsrum bredvid soffan, p\u00e5 kontoret bredvid skrivbordet eller n\u00e5gon annanstans d\u00e4r ni beh\u00f6ver en elegant och funktionell accent. Nyckeln ligger i detaljerna De unika, f\u00e4rgglada br\u00e4dorna p\u00e5 detta sidobord i kombination med de h\u00e5llbara benen i massivt tr\u00e4 \u00e4r det som verkligen utm\u00e4rker detta bord. Dessa egenskaper, tillsammans med vattenbaserad f\u00e4rg, enkel montering och unik design, ger dig ett h\u00f6gkvalitativt bord till ett \u00f6verkomligt pris. Tekniska data: &#8211; F\u00e4rg: brun med f\u00e4rgglada r\u00e4nder &#8211; Material: MDF (medium density fiberboard), bj\u00f6rkfan\u00e9r, schima superba-ben &#8211; Produktstorlek: 45 x 50 x 68 cm &#8211; Produktvikt: 10,9 kg &#8211; Maximal belastningskapacitet f\u00f6r bordsskivan: 40 kg &#8211; Maximal belastningskapacitet f\u00f6r golvfacket: 44 lb (20 kg) F\u00f6rpackningens inneh\u00e5ll: &#8211; 1 x sidobord &#8211; 1 x instruktioner Vasagle Anvisningar: &#8211; Sitt eller st\u00e5 inte p\u00e5 produkten &#8211; L\u00e4mna inte produkten utomhus under l\u00e4ngre tid &#8211; R\u00f6r inte med vassa f\u00f6rem\u00e5l och uts\u00e4tt inte produkten f\u00f6r korrosiva kemikalier, eftersom detta kan skada enheten&#8230;<\/p>\n","protected":false},"excerpt":{"rendered":"<p>VASAGLE sidobord med f\u00e4rgglad l\u00e5da, litet vardagsrumsbord med f\u00f6rvaring, ben i massivt tr\u00e4, soffbord f\u00f6r vardagsrummet, enkel montering, kolonialstil, m\u00f6rkbrunt LET17GL<\/p>\n","protected":false},"featured_media":42247,"comment_status":"open","ping_status":"closed","template":"","meta":[],"product_brand":[],"product_cat":[33],"product_tag":[],"class_list":{"0":"post-14270","1":"product","2":"type-product","3":"status-publish","4":"has-post-thumbnail","6":"product_cat-okategoriserad","8":"first","9":"instock","10":"shipping-taxable","11":"purchasable","12":"product-type-simple"},"_links":{"self":[{"href":"https:\/\/nordicmart.andreevmaster.com\/sv\/wp-json\/wp\/v2\/product\/14270","targetHints":{"allow":["GET"]}}],"collection":[{"href":"https:\/\/nordicmart.andreevmaster.com\/sv\/wp-json\/wp\/v2\/product"}],"about":[{"href":"https:\/\/nordicmart.andreevmaster.com\/sv\/wp-json\/wp\/v2\/types\/product"}],"replies":[{"embeddable":true,"href":"https:\/\/nordicmart.andreevmaster.com\/sv\/wp-json\/wp\/v2\/comments?post=14270"}],"wp:featuredmedia":[{"embeddable":true,"href":"https:\/\/nordicmart.andreevmaster.com\/sv\/wp-json\/wp\/v2\/media\/42247"}],"wp:attachment":[{"href":"https:\/\/nordicmart.andreevmaster.com\/sv\/wp-json\/wp\/v2\/media?parent=14270"}],"wp:term":[{"taxonomy":"product_brand","embeddable":true,"href":"https:\/\/nordicmart.andreevmaster.com\/sv\/wp-json\/wp\/v2\/product_brand?post=14270"},{"taxonomy":"product_cat","embeddable":true,"href":"https:\/\/nordicmart.andreevmaster.com\/sv\/wp-json\/wp\/v2\/product_cat?post=14270"},{"taxonomy":"product_tag","embeddable":true,"href":"https:\/\/nordicmart.andreevmaster.com\/sv\/wp-json\/wp\/v2\/product_tag?post=14270"}],"curies":[{"name":"wp","href":"https:\/\/api.w.org\/{rel}","templated":true}]}}