{"id":14265,"date":"2026-02-27T00:21:12","date_gmt":"2026-02-27T00:21:12","guid":{"rendered":"https:\/\/nordicmart.andreevmaster.com\/product\/vasagle-sangbord-2-pack-med-led-belysning-och-3-lador-svart\/"},"modified":"2026-02-27T08:13:44","modified_gmt":"2026-02-27T08:13:44","slug":"vasagle-sangbord-2-pack-med-led-belysning-och-3-lador-svart","status":"publish","type":"product","link":"https:\/\/nordicmart.andreevmaster.com\/sv\/produkt\/vasagle-sangbord-2-pack-med-led-belysning-och-3-lador-svart\/","title":{"rendered":"VASAGLE S\u00e4ngbord 2-pack med LED-belysning och 3 l\u00e5dor svart"},"content":{"rendered":"<p>VASAGLE nattduksbord med LED-belysning, 2-pack, sidobord, justerbara f\u00e4rger, soffbord med 3 l\u00e5dor, nattduksbord f\u00f6r sovrum, modernt, 35 x 40 x 55 cm, svart med tr\u00e4m\u00f6nster LET0830B01<br \/>\nF\u00e4rg: Svart med tr\u00e4m\u00f6nster<br \/>\nMaterial: Sp\u00e5nskiva<br \/>\nStorlek: 35 x 40 x 55 cm (D x B x H)<br \/>\nVikt: 15,4 kg<br \/>\nMax. statisk belastningskapacitet f\u00f6r den \u00f6versta l\u00e5dan: 2,3 kg<br \/>\nMax. statisk belastningskapacitet f\u00f6r de tv\u00e5 nedre l\u00e5dorna: 3,4 kg<br \/>\nMax. statisk belastningskapacitet totalt: 110 kg<\/p>\n","protected":false},"excerpt":{"rendered":"<p>VASAGLE nattduksbord med LED-belysning, 2-pack, sidobord, justerbara f\u00e4rger, soffbord med 3 l\u00e5dor, nattduksbord f\u00f6r sovrum, modernt, 35 x 40 x 55 cm, svart med tr\u00e4m\u00f6nster LET0830B01<\/p>\n","protected":false},"featured_media":42242,"comment_status":"open","ping_status":"closed","template":"","meta":[],"product_brand":[],"product_cat":[33],"product_tag":[],"class_list":{"0":"post-14265","1":"product","2":"type-product","3":"status-publish","4":"has-post-thumbnail","6":"product_cat-okategoriserad","8":"first","9":"instock","10":"shipping-taxable","11":"purchasable","12":"product-type-simple"},"_links":{"self":[{"href":"https:\/\/nordicmart.andreevmaster.com\/sv\/wp-json\/wp\/v2\/product\/14265","targetHints":{"allow":["GET"]}}],"collection":[{"href":"https:\/\/nordicmart.andreevmaster.com\/sv\/wp-json\/wp\/v2\/product"}],"about":[{"href":"https:\/\/nordicmart.andreevmaster.com\/sv\/wp-json\/wp\/v2\/types\/product"}],"replies":[{"embeddable":true,"href":"https:\/\/nordicmart.andreevmaster.com\/sv\/wp-json\/wp\/v2\/comments?post=14265"}],"wp:featuredmedia":[{"embeddable":true,"href":"https:\/\/nordicmart.andreevmaster.com\/sv\/wp-json\/wp\/v2\/media\/42242"}],"wp:attachment":[{"href":"https:\/\/nordicmart.andreevmaster.com\/sv\/wp-json\/wp\/v2\/media?parent=14265"}],"wp:term":[{"taxonomy":"product_brand","embeddable":true,"href":"https:\/\/nordicmart.andreevmaster.com\/sv\/wp-json\/wp\/v2\/product_brand?post=14265"},{"taxonomy":"product_cat","embeddable":true,"href":"https:\/\/nordicmart.andreevmaster.com\/sv\/wp-json\/wp\/v2\/product_cat?post=14265"},{"taxonomy":"product_tag","embeddable":true,"href":"https:\/\/nordicmart.andreevmaster.com\/sv\/wp-json\/wp\/v2\/product_tag?post=14265"}],"curies":[{"name":"wp","href":"https:\/\/api.w.org\/{rel}","templated":true}]}}