{"id":14264,"date":"2026-02-27T00:21:11","date_gmt":"2026-02-27T00:21:11","guid":{"rendered":"https:\/\/nordicmart.andreevmaster.com\/product\/songmics-2-runda-sidobord\/"},"modified":"2026-02-27T08:13:44","modified_gmt":"2026-02-27T08:13:44","slug":"songmics-2-runda-sidobord","status":"publish","type":"product","link":"https:\/\/nordicmart.andreevmaster.com\/sv\/produkt\/songmics-2-runda-sidobord\/","title":{"rendered":"SONGMICS 2 runda sidobord"},"content":{"rendered":"<p>F\u00f6renar funktionalitet och sk\u00f6nhet J\u00e4mf\u00f6rt med traditionella l\u00e5nga sidobord kan du ge liv \u00e5t ditt hem med det i\u00f6gonfallande skandinaviska runda bordet. Skandinavisk stil \u00e4r klar och elegant, inspirerad av naturen och k\u00e4rleken till enkelhet. Det runda bordet har d\u00e4rf\u00f6r en modern, enkel form. Elegant, enkelt, stilfullt. Leveransomfattning: 2 x bord 1 x beslagsp\u00e5se 1 x instruktioner Anm\u00e4rkningar: Undvik att placera f\u00f6r tunga f\u00f6rem\u00e5l p\u00e5 bordsskivan. Sitt inte p\u00e5 bordet!<\/p>\n","protected":false},"excerpt":{"rendered":"<p>SONGMICS 2-pack sidobord, vitt vardagsrumsbord, runt sidobord, skandinaviska soffbord, tr\u00e4, naturligt LET07WN, stort (45 x 45 x 50 cm), litet (35 x 35 x 35 cm)<\/p>\n","protected":false},"featured_media":42241,"comment_status":"open","ping_status":"closed","template":"","meta":[],"product_brand":[],"product_cat":[33],"product_tag":[],"class_list":{"0":"post-14264","1":"product","2":"type-product","3":"status-publish","4":"has-post-thumbnail","6":"product_cat-okategoriserad","8":"first","9":"instock","10":"shipping-taxable","11":"purchasable","12":"product-type-simple"},"_links":{"self":[{"href":"https:\/\/nordicmart.andreevmaster.com\/sv\/wp-json\/wp\/v2\/product\/14264","targetHints":{"allow":["GET"]}}],"collection":[{"href":"https:\/\/nordicmart.andreevmaster.com\/sv\/wp-json\/wp\/v2\/product"}],"about":[{"href":"https:\/\/nordicmart.andreevmaster.com\/sv\/wp-json\/wp\/v2\/types\/product"}],"replies":[{"embeddable":true,"href":"https:\/\/nordicmart.andreevmaster.com\/sv\/wp-json\/wp\/v2\/comments?post=14264"}],"wp:featuredmedia":[{"embeddable":true,"href":"https:\/\/nordicmart.andreevmaster.com\/sv\/wp-json\/wp\/v2\/media\/42241"}],"wp:attachment":[{"href":"https:\/\/nordicmart.andreevmaster.com\/sv\/wp-json\/wp\/v2\/media?parent=14264"}],"wp:term":[{"taxonomy":"product_brand","embeddable":true,"href":"https:\/\/nordicmart.andreevmaster.com\/sv\/wp-json\/wp\/v2\/product_brand?post=14264"},{"taxonomy":"product_cat","embeddable":true,"href":"https:\/\/nordicmart.andreevmaster.com\/sv\/wp-json\/wp\/v2\/product_cat?post=14264"},{"taxonomy":"product_tag","embeddable":true,"href":"https:\/\/nordicmart.andreevmaster.com\/sv\/wp-json\/wp\/v2\/product_tag?post=14264"}],"curies":[{"name":"wp","href":"https:\/\/api.w.org\/{rel}","templated":true}]}}