{"id":14263,"date":"2026-02-27T00:21:11","date_gmt":"2026-02-27T00:21:11","guid":{"rendered":"https:\/\/nordicmart.andreevmaster.com\/product\/songmics-2-sidobord-runda-industriell-design\/"},"modified":"2026-02-27T08:13:44","modified_gmt":"2026-02-27T08:13:44","slug":"songmics-2-sidobord-runda-industriell-design","status":"publish","type":"product","link":"https:\/\/nordicmart.andreevmaster.com\/sv\/produkt\/songmics-2-sidobord-runda-industriell-design\/","title":{"rendered":"SONGMICS 2 sidobord, runda, industriell design"},"content":{"rendered":"<p>Produktdetaljer: F\u00e4rg: M\u00f6rkbrun\/vintage Material: MDF, ben av furu Storlek p\u00e5 det stora bordet: 45 x 50 cm (\u00d8 x H) Storlek p\u00e5 det lilla bordet: 34,5 x 35,5 cm (\u00d8 x H) Totalvikt: 4,25 kg Leveransomfattning: 2 x soffbord 1 x tillbeh\u00f6rsp\u00e5se 1 x bruksanvisning (DE, EN, FR, ES, IT) SONGMICS Anm\u00e4rkningar: Placera inte produkten utomhus under en l\u00e4ngre tid. Den \u00e4r avsedd f\u00f6r inomhusbruk. Anv\u00e4nd inte produkten i fuktiga milj\u00f6er. Produkten f\u00e5r inte komma i kontakt med vassa f\u00f6rem\u00e5l och aggressiva kemikalier f\u00f6r att undvika skador.<\/p>\n","protected":false},"excerpt":{"rendered":"<p>SONGMICS 2-pack sidobord, vitt vardagsrumsbord, runt sidobord, skandinaviska soffbord, tr\u00e4, naturligt LET07WN, stort (45 x 45 x 50 cm), litet (35 x 35 x 35 cm)<\/p>\n","protected":false},"featured_media":42240,"comment_status":"open","ping_status":"closed","template":"","meta":[],"product_brand":[],"product_cat":[33],"product_tag":[],"class_list":{"0":"post-14263","1":"product","2":"type-product","3":"status-publish","4":"has-post-thumbnail","6":"product_cat-okategoriserad","8":"first","9":"instock","10":"shipping-taxable","11":"purchasable","12":"product-type-simple"},"_links":{"self":[{"href":"https:\/\/nordicmart.andreevmaster.com\/sv\/wp-json\/wp\/v2\/product\/14263","targetHints":{"allow":["GET"]}}],"collection":[{"href":"https:\/\/nordicmart.andreevmaster.com\/sv\/wp-json\/wp\/v2\/product"}],"about":[{"href":"https:\/\/nordicmart.andreevmaster.com\/sv\/wp-json\/wp\/v2\/types\/product"}],"replies":[{"embeddable":true,"href":"https:\/\/nordicmart.andreevmaster.com\/sv\/wp-json\/wp\/v2\/comments?post=14263"}],"wp:featuredmedia":[{"embeddable":true,"href":"https:\/\/nordicmart.andreevmaster.com\/sv\/wp-json\/wp\/v2\/media\/42240"}],"wp:attachment":[{"href":"https:\/\/nordicmart.andreevmaster.com\/sv\/wp-json\/wp\/v2\/media?parent=14263"}],"wp:term":[{"taxonomy":"product_brand","embeddable":true,"href":"https:\/\/nordicmart.andreevmaster.com\/sv\/wp-json\/wp\/v2\/product_brand?post=14263"},{"taxonomy":"product_cat","embeddable":true,"href":"https:\/\/nordicmart.andreevmaster.com\/sv\/wp-json\/wp\/v2\/product_cat?post=14263"},{"taxonomy":"product_tag","embeddable":true,"href":"https:\/\/nordicmart.andreevmaster.com\/sv\/wp-json\/wp\/v2\/product_tag?post=14263"}],"curies":[{"name":"wp","href":"https:\/\/api.w.org\/{rel}","templated":true}]}}