{"id":14247,"date":"2026-02-27T00:21:08","date_gmt":"2026-02-27T00:21:08","guid":{"rendered":"https:\/\/nordicmart.andreevmaster.com\/product\/vasagle-nattduksbord-med-lada-och-hylla\/"},"modified":"2026-02-27T08:13:40","modified_gmt":"2026-02-27T08:13:40","slug":"vasagle-nattduksbord-med-lada-och-hylla","status":"publish","type":"product","link":"https:\/\/nordicmart.andreevmaster.com\/sv\/produkt\/vasagle-nattduksbord-med-lada-och-hylla\/","title":{"rendered":"VASAGLE nattduksbord med l\u00e5da och hylla"},"content":{"rendered":"<p>Produktdetaljer: &#8211; F\u00e4rg: Hasseln\u00f6tsbrun-svart &#8211; Material: Sp\u00e5nskiva, st\u00e5l &#8211; Storlek: 40 x 40 x 55 cm (L x B x H) &#8211; Vikt: 9 kg &#8211; Max. statisk belastningskapacitet f\u00f6r ytan: 20 kg &#8211; Max. statisk belastningskapacitet f\u00f6r l\u00e5dan: 10 kg &#8211; Max. statisk belastningskapacitet f\u00f6r hyllan: 10 kg Leveransomfattning: &#8211; 1 x sidobord &#8211; 1 x tillbeh\u00f6rspaket &#8211; 1 x bruksanvisning (DE, EN, ES, FR, IT) VASAGLE Anm\u00e4rkningar:- Av s\u00e4kerhetssk\u00e4l \u00e4r det f\u00f6rbjudet f\u00f6r barn att kl\u00e4ttra p\u00e5 eller leka med produkten.<\/p>\n","protected":false},"excerpt":{"rendered":"<p>VASAGLE nattduksbord, nattkommod, sidobord med l\u00e5da och hylla, nattduksbord, sovrum, vardagsrum, enkel montering, industriell design, hasseln\u00f6tsbrun-svart LET055B03<\/p>\n","protected":false},"featured_media":42224,"comment_status":"open","ping_status":"closed","template":"","meta":[],"product_brand":[],"product_cat":[33],"product_tag":[],"class_list":{"0":"post-14247","1":"product","2":"type-product","3":"status-publish","4":"has-post-thumbnail","6":"product_cat-okategoriserad","8":"first","9":"instock","10":"shipping-taxable","11":"purchasable","12":"product-type-simple"},"_links":{"self":[{"href":"https:\/\/nordicmart.andreevmaster.com\/sv\/wp-json\/wp\/v2\/product\/14247","targetHints":{"allow":["GET"]}}],"collection":[{"href":"https:\/\/nordicmart.andreevmaster.com\/sv\/wp-json\/wp\/v2\/product"}],"about":[{"href":"https:\/\/nordicmart.andreevmaster.com\/sv\/wp-json\/wp\/v2\/types\/product"}],"replies":[{"embeddable":true,"href":"https:\/\/nordicmart.andreevmaster.com\/sv\/wp-json\/wp\/v2\/comments?post=14247"}],"wp:featuredmedia":[{"embeddable":true,"href":"https:\/\/nordicmart.andreevmaster.com\/sv\/wp-json\/wp\/v2\/media\/42224"}],"wp:attachment":[{"href":"https:\/\/nordicmart.andreevmaster.com\/sv\/wp-json\/wp\/v2\/media?parent=14247"}],"wp:term":[{"taxonomy":"product_brand","embeddable":true,"href":"https:\/\/nordicmart.andreevmaster.com\/sv\/wp-json\/wp\/v2\/product_brand?post=14247"},{"taxonomy":"product_cat","embeddable":true,"href":"https:\/\/nordicmart.andreevmaster.com\/sv\/wp-json\/wp\/v2\/product_cat?post=14247"},{"taxonomy":"product_tag","embeddable":true,"href":"https:\/\/nordicmart.andreevmaster.com\/sv\/wp-json\/wp\/v2\/product_tag?post=14247"}],"curies":[{"name":"wp","href":"https:\/\/api.w.org\/{rel}","templated":true}]}}