{"id":14244,"date":"2026-02-27T00:21:07","date_gmt":"2026-02-27T00:21:07","guid":{"rendered":"https:\/\/nordicmart.andreevmaster.com\/product\/vasagle-sidobord-i-glas-i-industriell-design\/"},"modified":"2026-02-27T08:13:40","modified_gmt":"2026-02-27T08:13:40","slug":"vasagle-sidobord-i-glas-i-industriell-design","status":"publish","type":"product","link":"https:\/\/nordicmart.andreevmaster.com\/sv\/produkt\/vasagle-sidobord-i-glas-i-industriell-design\/","title":{"rendered":"VASAGLE sidobord i glas i industriell design"},"content":{"rendered":"<p>F\u00f6rutom vardagliga och framf\u00f6r allt praktiska skapelser kommer VASAGLE:s designers ibland p\u00e5 id\u00e9er till m\u00f6bler av ett speciellt slag, som till exempel utm\u00e4rker sig genom sin unika form eller kreativa materialkombinationer. P\u00e5 s\u00e5 s\u00e4tt ger de dig m\u00f6jlighet att g\u00f6ra ditt hem till n\u00e5got helt extraordin\u00e4rt.  Elegant sidobord i industriell design  Med en robust glasytan, ett stabilt st\u00e5lstativ och en hylla i vintage-stil ser detta soffbord mycket elegant ut, n\u00e4stan som om det kommit direkt fr\u00e5n ett museum. Duka upp en stor vas med f\u00e4rska blommor p\u00e5 bordet och placera det i din hall. Eller anv\u00e4nd det som nattduksbord och placera dina b\u00f6cker v\u00e4l synliga och l\u00e4ttillg\u00e4ngliga under glasplattan. En rymlig l\u00e5da erbjuder dessutom \u00e4nnu mer f\u00f6rvaringsutrymme.  Om du gillar stilen p\u00e5 detta sidobord, ta ocks\u00e5 en titt p\u00e5 det matchande vardagsrumsbordet och sideboardet fr\u00e5n VASAGLE.  Produktdetaljer:  &#8211; F\u00e4rg: Vintagebrun-svart &#8211; Material: Sp\u00e5nskivor, st\u00e5l, h\u00e4rdat glas &#8211; Storlek: 43 x 43 x 54 cm (L x B x H)  &#8211; Vikt: 10,5 kg  &#8211; Max. statisk belastningskapacitet f\u00f6r glasytan: 30 kg  Leveransomfattning:  &#8211; 1 x sidobord  &#8211; 1 x tillbeh\u00f6rsp\u00e5se (inklusive monteringsverktyg)  &#8211; 1 x bruksanvisning (DE, EN, FR, ES, IT)  VASAGLE Anm\u00e4rkningar:  &#8211; Uts\u00e4tt inte denna produkt f\u00f6r intensivt solljus under en l\u00e4ngre tid.  &#8211; Hantera glasytan med f\u00f6rsiktighet f\u00f6r att undvika sprickor.<\/p>\n","protected":false},"excerpt":{"rendered":"<p>VASAGLE nattduksbord, sidobord, nattkommod, glasbord med l\u00e5da, soffbord, lounge, hall, stabilt, industriell design, vintagebrunt-svart LET04BX<\/p>\n","protected":false},"featured_media":42221,"comment_status":"open","ping_status":"closed","template":"","meta":[],"product_brand":[],"product_cat":[33],"product_tag":[],"class_list":{"0":"post-14244","1":"product","2":"type-product","3":"status-publish","4":"has-post-thumbnail","6":"product_cat-okategoriserad","8":"first","9":"instock","10":"shipping-taxable","11":"purchasable","12":"product-type-simple"},"_links":{"self":[{"href":"https:\/\/nordicmart.andreevmaster.com\/sv\/wp-json\/wp\/v2\/product\/14244","targetHints":{"allow":["GET"]}}],"collection":[{"href":"https:\/\/nordicmart.andreevmaster.com\/sv\/wp-json\/wp\/v2\/product"}],"about":[{"href":"https:\/\/nordicmart.andreevmaster.com\/sv\/wp-json\/wp\/v2\/types\/product"}],"replies":[{"embeddable":true,"href":"https:\/\/nordicmart.andreevmaster.com\/sv\/wp-json\/wp\/v2\/comments?post=14244"}],"wp:featuredmedia":[{"embeddable":true,"href":"https:\/\/nordicmart.andreevmaster.com\/sv\/wp-json\/wp\/v2\/media\/42221"}],"wp:attachment":[{"href":"https:\/\/nordicmart.andreevmaster.com\/sv\/wp-json\/wp\/v2\/media?parent=14244"}],"wp:term":[{"taxonomy":"product_brand","embeddable":true,"href":"https:\/\/nordicmart.andreevmaster.com\/sv\/wp-json\/wp\/v2\/product_brand?post=14244"},{"taxonomy":"product_cat","embeddable":true,"href":"https:\/\/nordicmart.andreevmaster.com\/sv\/wp-json\/wp\/v2\/product_cat?post=14244"},{"taxonomy":"product_tag","embeddable":true,"href":"https:\/\/nordicmart.andreevmaster.com\/sv\/wp-json\/wp\/v2\/product_tag?post=14244"}],"curies":[{"name":"wp","href":"https:\/\/api.w.org\/{rel}","templated":true}]}}