{"id":14238,"date":"2026-02-27T00:21:05","date_gmt":"2026-02-27T00:21:05","guid":{"rendered":"https:\/\/nordicmart.andreevmaster.com\/product\/vasagle-litet-soffbord-2-pack\/"},"modified":"2026-02-27T08:13:39","modified_gmt":"2026-02-27T08:13:39","slug":"vasagle-litet-soffbord-2-pack","status":"publish","type":"product","link":"https:\/\/nordicmart.andreevmaster.com\/sv\/produkt\/vasagle-litet-soffbord-2-pack\/","title":{"rendered":"VASAGLE Litet soffbord, 2-pack"},"content":{"rendered":"<p>VASAGLE S\u00e4g adj\u00f6 till traditionella soffbord med tr\u00e5kig design! Detta geometriska soffbordsset ger karakt\u00e4r och stil till ditt hem, oavsett var du placerar det.<br \/>\n&#8211; F\u00e4rg: Greige-svart<br \/>\n&#8211; Material: sp\u00e5nskiva, st\u00e5l<br \/>\n&#8211; Storlek p\u00e5 det stora bordet: 50 x 40 cm (\u00d8 x H)<br \/>\n&#8211; Storlek p\u00e5 det lilla bordet: 40 x 36 cm (\u00d8 x H)<br \/>\n&#8211; Totalvikt: 7 kg<br \/>\n&#8211; Max. statisk belastningskapacitet per bord: 20 kg<br \/>\nMax. statisk belastningskapacitet per yta: 20 kg<\/p>\n","protected":false},"excerpt":{"rendered":"<p>VASAGLE S\u00e4g adj\u00f6 till traditionella soffbord med tr\u00e5kig design! Detta geometriska soffbordsset ger karakt\u00e4r och stil till ditt hem, oavsett var du placerar det.<\/p>\n","protected":false},"featured_media":42219,"comment_status":"open","ping_status":"closed","template":"","meta":[],"product_brand":[],"product_cat":[33],"product_tag":[],"class_list":{"0":"post-14238","1":"product","2":"type-product","3":"status-publish","4":"has-post-thumbnail","6":"product_cat-okategoriserad","8":"first","9":"instock","10":"shipping-taxable","11":"purchasable","12":"product-type-simple"},"_links":{"self":[{"href":"https:\/\/nordicmart.andreevmaster.com\/sv\/wp-json\/wp\/v2\/product\/14238","targetHints":{"allow":["GET"]}}],"collection":[{"href":"https:\/\/nordicmart.andreevmaster.com\/sv\/wp-json\/wp\/v2\/product"}],"about":[{"href":"https:\/\/nordicmart.andreevmaster.com\/sv\/wp-json\/wp\/v2\/types\/product"}],"replies":[{"embeddable":true,"href":"https:\/\/nordicmart.andreevmaster.com\/sv\/wp-json\/wp\/v2\/comments?post=14238"}],"wp:featuredmedia":[{"embeddable":true,"href":"https:\/\/nordicmart.andreevmaster.com\/sv\/wp-json\/wp\/v2\/media\/42219"}],"wp:attachment":[{"href":"https:\/\/nordicmart.andreevmaster.com\/sv\/wp-json\/wp\/v2\/media?parent=14238"}],"wp:term":[{"taxonomy":"product_brand","embeddable":true,"href":"https:\/\/nordicmart.andreevmaster.com\/sv\/wp-json\/wp\/v2\/product_brand?post=14238"},{"taxonomy":"product_cat","embeddable":true,"href":"https:\/\/nordicmart.andreevmaster.com\/sv\/wp-json\/wp\/v2\/product_cat?post=14238"},{"taxonomy":"product_tag","embeddable":true,"href":"https:\/\/nordicmart.andreevmaster.com\/sv\/wp-json\/wp\/v2\/product_tag?post=14238"}],"curies":[{"name":"wp","href":"https:\/\/api.w.org\/{rel}","templated":true}]}}