{"id":14234,"date":"2026-02-27T00:21:04","date_gmt":"2026-02-27T00:21:04","guid":{"rendered":"https:\/\/nordicmart.andreevmaster.com\/product\/songmics-nattduksbord-i-lantlig-stil-vitt\/"},"modified":"2026-02-27T08:13:38","modified_gmt":"2026-02-27T08:13:38","slug":"songmics-nattduksbord-i-lantlig-stil-vitt","status":"publish","type":"product","link":"https:\/\/nordicmart.andreevmaster.com\/sv\/produkt\/songmics-nattduksbord-i-lantlig-stil-vitt\/","title":{"rendered":"SONGMICS nattduksbord i lantlig stil, vitt"},"content":{"rendered":"<p>Elegant sidobord med l\u00e5da och sk\u00e5p En snygg f\u00f6rvaringsplats bredvid s\u00e4ngen Detta nattduksbord har en l\u00e5da och ett rymligt sk\u00e5p med magnetisk d\u00f6rr. P\u00e5 s\u00e5 s\u00e4tt f\u00e5r du inte bara en extra f\u00f6rvaringsyta, utan ocks\u00e5 mer f\u00f6rvaringsutrymme i ditt sovrum. Rena linjer och en enkel silhuett ger bordet ett behagligt och tydligt utseende som passar till m\u00e5nga olika inredningsdetaljer. Var du placerar detta sidobord \u00e4r helt upp till dig \u2013 det s\u00e4tter en funktionell och charmig accent i ditt sovrum, bredvid soffan i ditt vardagsrum eller i alla andra rum. Produktbeskrivning: Detta sidobord fr\u00e5n SONGMICS st\u00e5r bredvid din favoritf\u00e5t\u00f6lj eller bredvid din soffa. H\u00e4r erbjuder det mycket f\u00f6rvaringsutrymme och \u00e4r dessutom modernt och elegant. Det passar s\u00e4kert ocks\u00e5 in i din l\u00e4genhet. D\u00e4rf\u00f6r \u00e4r detta nattduksbord l\u00e4mpligt f\u00f6r dig: L\u00e5dan glider smidigt p\u00e5 skenorna med stopp som samtidigt f\u00f6rhindrar att den faller ut. Tillverkat av tr\u00e4material och belagt med luktfri, UV-h\u00e4rdad lack, \u00e4r detta sidobord konstruerat f\u00f6r l\u00e5ng livsl\u00e4ngd.Tack vare den rena silhuetten och de gl\u00e4nsande metallknopparna passar detta sk\u00e5p perfekt i ditt sovrum, vardagsrum, badrum och m\u00e5nga andra rum. L\u00e5dan, bordsskivan och det extra sk\u00e5pet bildar tillsammans ett praktiskt och rymligt nattduksbord. Montering kr\u00e4vs. Tack vare de l\u00e4ttf\u00f6rst\u00e5eliga instruktionerna och de numrerade delarna kan detta sidobord monteras p\u00e5 nolltid. Produktdetaljer: F\u00e4rg: Vit Material: MDF (medeldensitetsfiberplatta) klass E1 Storlek: 45 x 35 x 60 cm (L x B x H) Storlek p\u00e5 l\u00e5da: 24,8 x 30,5 x 11 cm (L x B x H) Sk\u00e5pstorlek: 31 x 37 x 35,7 cm (L x B x H) Vikt: 9,2 kg Max. statisk belastningskapacitet: 20 kg Leveransomfattning: 1 x sidobord 1 x tillbeh\u00f6rspaket 1 x instruktioner (DE, EN, ES, FR, IT) SONGMICS Anm\u00e4rkningar:Uts\u00e4tt inte produkten f\u00f6r direkt solljus. H\u00e5ll produkten borta fr\u00e5n vassa eller spetsiga f\u00f6rem\u00e5l. Produkten kan ha en &#8221;ny&#8221; lukt efter uppackningen. Placera den i s\u00e5 fall p\u00e5 en v\u00e4l ventilerad plats i n\u00e5gra timmar.<\/p>\n","protected":false},"excerpt":{"rendered":"<p>SONGMICS sidobord vitt, nattduksbord, sidobord med l\u00e5da, nattduksbord i MDF, stort f\u00f6rvaringsutrymme, enkel montering LET02WT<\/p>\n","protected":false},"featured_media":42215,"comment_status":"open","ping_status":"closed","template":"","meta":[],"product_brand":[],"product_cat":[33],"product_tag":[],"class_list":{"0":"post-14234","1":"product","2":"type-product","3":"status-publish","4":"has-post-thumbnail","6":"product_cat-okategoriserad","8":"first","9":"instock","10":"shipping-taxable","11":"purchasable","12":"product-type-simple"},"_links":{"self":[{"href":"https:\/\/nordicmart.andreevmaster.com\/sv\/wp-json\/wp\/v2\/product\/14234","targetHints":{"allow":["GET"]}}],"collection":[{"href":"https:\/\/nordicmart.andreevmaster.com\/sv\/wp-json\/wp\/v2\/product"}],"about":[{"href":"https:\/\/nordicmart.andreevmaster.com\/sv\/wp-json\/wp\/v2\/types\/product"}],"replies":[{"embeddable":true,"href":"https:\/\/nordicmart.andreevmaster.com\/sv\/wp-json\/wp\/v2\/comments?post=14234"}],"wp:featuredmedia":[{"embeddable":true,"href":"https:\/\/nordicmart.andreevmaster.com\/sv\/wp-json\/wp\/v2\/media\/42215"}],"wp:attachment":[{"href":"https:\/\/nordicmart.andreevmaster.com\/sv\/wp-json\/wp\/v2\/media?parent=14234"}],"wp:term":[{"taxonomy":"product_brand","embeddable":true,"href":"https:\/\/nordicmart.andreevmaster.com\/sv\/wp-json\/wp\/v2\/product_brand?post=14234"},{"taxonomy":"product_cat","embeddable":true,"href":"https:\/\/nordicmart.andreevmaster.com\/sv\/wp-json\/wp\/v2\/product_cat?post=14234"},{"taxonomy":"product_tag","embeddable":true,"href":"https:\/\/nordicmart.andreevmaster.com\/sv\/wp-json\/wp\/v2\/product_tag?post=14234"}],"curies":[{"name":"wp","href":"https:\/\/api.w.org\/{rel}","templated":true}]}}