{"id":14230,"date":"2026-02-27T00:21:03","date_gmt":"2026-02-27T00:21:03","guid":{"rendered":"https:\/\/nordicmart.andreevmaster.com\/product\/vasagle-nattduksbord-hasselnotsbrunt-svart\/"},"modified":"2026-02-27T08:13:37","modified_gmt":"2026-02-27T08:13:37","slug":"vasagle-nattduksbord-hasselnotsbrunt-svart","status":"publish","type":"product","link":"https:\/\/nordicmart.andreevmaster.com\/sv\/produkt\/vasagle-nattduksbord-hasselnotsbrunt-svart\/","title":{"rendered":"VASAGLE nattduksbord hasseln\u00f6tsbrunt-svart"},"content":{"rendered":"<p>Produktdetaljer: &#8211; F\u00e4rg: Hasseln\u00f6tsbrun-svart  &#8211; Material: Sp\u00e5nskiva, st\u00e5l, h\u00e4rdat glas &#8211; Storlek: 43 x 43 x 54 cm (L x B x H) &#8211; Vikt: 10,5 kg &#8211; Max. statisk belastningskapacitet f\u00f6r glasytan: 30 kg Leveransomfattning: &#8211; 1 x sidobord &#8211; 1 x tillbeh\u00f6rspaket  &#8211; 1 x bruksanvisning (DE, EN, FR, ES, IT)VASAGLE Anm\u00e4rkningar: &#8211; Uts\u00e4tt inte denna produkt f\u00f6r intensivt solljus under en l\u00e4ngre tid. &#8211; Hantera glasytan med f\u00f6rsiktighet f\u00f6r att undvika sprickor.<\/p>\n","protected":false},"excerpt":{"rendered":"<p>VASAGLE nattduksbord, sidobord, nattkommod, glasbord med l\u00e5da, soffbord, lounge, hall, stabilt, industriell design, hasseln\u00f6tsbrunt-svart LET004G01<\/p>\n","protected":false},"featured_media":42211,"comment_status":"open","ping_status":"closed","template":"","meta":[],"product_brand":[],"product_cat":[33],"product_tag":[],"class_list":{"0":"post-14230","1":"product","2":"type-product","3":"status-publish","4":"has-post-thumbnail","6":"product_cat-okategoriserad","8":"first","9":"instock","10":"shipping-taxable","11":"purchasable","12":"product-type-simple"},"_links":{"self":[{"href":"https:\/\/nordicmart.andreevmaster.com\/sv\/wp-json\/wp\/v2\/product\/14230","targetHints":{"allow":["GET"]}}],"collection":[{"href":"https:\/\/nordicmart.andreevmaster.com\/sv\/wp-json\/wp\/v2\/product"}],"about":[{"href":"https:\/\/nordicmart.andreevmaster.com\/sv\/wp-json\/wp\/v2\/types\/product"}],"replies":[{"embeddable":true,"href":"https:\/\/nordicmart.andreevmaster.com\/sv\/wp-json\/wp\/v2\/comments?post=14230"}],"wp:featuredmedia":[{"embeddable":true,"href":"https:\/\/nordicmart.andreevmaster.com\/sv\/wp-json\/wp\/v2\/media\/42211"}],"wp:attachment":[{"href":"https:\/\/nordicmart.andreevmaster.com\/sv\/wp-json\/wp\/v2\/media?parent=14230"}],"wp:term":[{"taxonomy":"product_brand","embeddable":true,"href":"https:\/\/nordicmart.andreevmaster.com\/sv\/wp-json\/wp\/v2\/product_brand?post=14230"},{"taxonomy":"product_cat","embeddable":true,"href":"https:\/\/nordicmart.andreevmaster.com\/sv\/wp-json\/wp\/v2\/product_cat?post=14230"},{"taxonomy":"product_tag","embeddable":true,"href":"https:\/\/nordicmart.andreevmaster.com\/sv\/wp-json\/wp\/v2\/product_tag?post=14230"}],"curies":[{"name":"wp","href":"https:\/\/api.w.org\/{rel}","templated":true}]}}