{"id":14229,"date":"2026-02-27T00:21:03","date_gmt":"2026-02-27T00:21:03","guid":{"rendered":"https:\/\/nordicmart.andreevmaster.com\/product\/vasagle-vagghangd-garderob-med-fack-vit\/"},"modified":"2026-02-27T08:13:37","modified_gmt":"2026-02-27T08:13:37","slug":"vasagle-vagghangd-garderob-med-fack-vit","status":"publish","type":"product","link":"https:\/\/nordicmart.andreevmaster.com\/sv\/produkt\/vasagle-vagghangd-garderob-med-fack-vit\/","title":{"rendered":"VASAGLE v\u00e4ggh\u00e4ngd garderob med fack, vit"},"content":{"rendered":"<p>Entr\u00e9n \u00e4r ditt hems visitkort och ger dina g\u00e4ster och bes\u00f6kare ett f\u00f6rsta intryck av ditt hem. Denna v\u00e4gghylla fr\u00e5n VASAGLE skapar ordning i din hall utan att ta upp v\u00e4rdefull plats p\u00e5 golvet. Praktisk och dekorativ  Blir din hall ofta kaotisk? D\u00e5 b\u00f6r du skaffa denna v\u00e4ggh\u00e4ngare f\u00f6r att f\u00e5 ordning i din hall. Dessutom \u00e4r den ett blickf\u00e5ng i din entr\u00e9 tack vare sin moderna design.  S\u00e5 m\u00e5nga anv\u00e4ndningsm\u00f6jligheter  Denna v\u00e4gghylla kan enkelt integreras i ditt hem. Den passar i din hall f\u00f6r att h\u00e4nga jackor, hattar och v\u00e4skor, i badrummet f\u00f6r att placera handdukar eller sk\u00f6nhetsprodukter, eller i k\u00f6ket f\u00f6r att f\u00f6rvara k\u00f6ksredskap. Montera denna garderob p\u00e5 v\u00e4ggen och v\u00e4lkomna dina v\u00e4nner i en ren och ordnad hall! Produktdetaljer:  &#8211; F\u00e4rg: Vit &#8211; Material: E1-klassad MDF (medeldensitetsfiberplatta) &#8211; Storlek: 60 x 20 x 27 cm (L x B x H) &#8211; Nettovikt: 3,9 kg &#8211; Max. statisk belastningskapacitet f\u00f6r hela hyllan: 10 kg &#8211; Max. statisk belastningskapacitet per krok: 2,5 kg Leveransomfattning:  &#8211; 1 x hallgarderob &#8211; 1 x beh\u00e5llare med tillbeh\u00f6r &#8211; 1 x bruksanvisning (DE, EN, FR, ES, IT) VASAGLE Anm\u00e4rkningar:  &#8211; Varje krok t\u00e5l en belastning p\u00e5 upp till 2,5 kg. H\u00e4ng inte tyngre f\u00f6rem\u00e5l p\u00e5 krokarna. &#8211; Barn b\u00f6r anv\u00e4nda produkten under uppsikt av en vuxen.<\/p>\n","protected":false},"excerpt":{"rendered":"<p>VASAGLE V\u00e4gghylla f\u00f6r hallen, v\u00e4gggarderob med 6 krokar och 2 hyllor, hallgarderob, f\u00f6r vardagsrummet, badrummet och k\u00f6ket, 60 x 20 x 27 cm (L x B x H), vit LES01WT<\/p>\n","protected":false},"featured_media":42210,"comment_status":"open","ping_status":"closed","template":"","meta":[],"product_brand":[],"product_cat":[33],"product_tag":[],"class_list":{"0":"post-14229","1":"product","2":"type-product","3":"status-publish","4":"has-post-thumbnail","6":"product_cat-okategoriserad","8":"first","9":"instock","10":"shipping-taxable","11":"purchasable","12":"product-type-simple"},"_links":{"self":[{"href":"https:\/\/nordicmart.andreevmaster.com\/sv\/wp-json\/wp\/v2\/product\/14229","targetHints":{"allow":["GET"]}}],"collection":[{"href":"https:\/\/nordicmart.andreevmaster.com\/sv\/wp-json\/wp\/v2\/product"}],"about":[{"href":"https:\/\/nordicmart.andreevmaster.com\/sv\/wp-json\/wp\/v2\/types\/product"}],"replies":[{"embeddable":true,"href":"https:\/\/nordicmart.andreevmaster.com\/sv\/wp-json\/wp\/v2\/comments?post=14229"}],"wp:featuredmedia":[{"embeddable":true,"href":"https:\/\/nordicmart.andreevmaster.com\/sv\/wp-json\/wp\/v2\/media\/42210"}],"wp:attachment":[{"href":"https:\/\/nordicmart.andreevmaster.com\/sv\/wp-json\/wp\/v2\/media?parent=14229"}],"wp:term":[{"taxonomy":"product_brand","embeddable":true,"href":"https:\/\/nordicmart.andreevmaster.com\/sv\/wp-json\/wp\/v2\/product_brand?post=14229"},{"taxonomy":"product_cat","embeddable":true,"href":"https:\/\/nordicmart.andreevmaster.com\/sv\/wp-json\/wp\/v2\/product_cat?post=14229"},{"taxonomy":"product_tag","embeddable":true,"href":"https:\/\/nordicmart.andreevmaster.com\/sv\/wp-json\/wp\/v2\/product_tag?post=14229"}],"curies":[{"name":"wp","href":"https:\/\/api.w.org\/{rel}","templated":true}]}}