{"id":14228,"date":"2026-02-27T00:21:03","date_gmt":"2026-02-27T00:21:03","guid":{"rendered":"https:\/\/nordicmart.andreevmaster.com\/product\/leopardus-sangklader-med-fyllningsstorlek-s\/"},"modified":"2026-02-27T08:13:37","modified_gmt":"2026-02-27T08:13:37","slug":"leopardus-sangklader-med-fyllningsstorlek-s","status":"publish","type":"product","link":"https:\/\/nordicmart.andreevmaster.com\/sv\/produkt\/leopardus-sangklader-med-fyllningsstorlek-s\/","title":{"rendered":"Leopardus s\u00e4ngkl\u00e4der med fyllningsstorlek  S"},"content":{"rendered":"<p>S\u00e4ngkl\u00e4desset best\u00e5ende av t\u00e4cke och kudde med fyllning. Tillverkat av h\u00f6gkvalitativ bomull med OEKO-TEX Standard 100-certifikat. Fyllningen i s\u00e4ngkl\u00e4derna \u00e4r gjord av en fj\u00e4drande och fluffig allergiv\u00e4nlig silikonfiber med avancerade v\u00e4rmereglerande egenskaper som ger h\u00f6g sovkomfort. S\u00e4ngkl\u00e4derna, inklusive fyllningen, kan tv\u00e4ttas i maskin, vilket g\u00f6r dem till ett utm\u00e4rkt val f\u00f6r allergiker. <\/p>\n<p>S\u00e4ngkl\u00e4derna har designats och tillverkats i Polen med omsorg om varje detalj. Produkten \u00e4r f\u00f6rpackad i en transparent, biologiskt nedbrytbar p\u00e5se. En utm\u00e4rkt presentid\u00e9 till babyshower, f\u00f6delsedag eller andra speciella tillf\u00e4llen. <\/p>\n<p>Detaljer: <\/p>\n<p>&#8211; p\u00e5slakan och \u00f6rngott tillverkade av h\u00f6gkvalitativ bomull med  OEKO-TEX-certifikat <\/p>\n<p>&#8211; s\u00e4ngkl\u00e4der fyllda med certifierad allergiv\u00e4nlig silikonfiber <\/p>\n<p>&#8211; t\u00e4cke med delikat kantband<br \/>\n &#8211; det tryckta m\u00f6nstret bleknar inte, \u00e4ven efter upprepade tv\u00e4ttar <\/p>\n<p>&#8211; passar till barnvagn, vagga eller spj\u00e4ls\u00e4ng<\/p>\n<p> Avsedd f\u00f6r barn upp till 3 \u00e5r. Anv\u00e4nds under f\u00f6r\u00e4ldrarnas uppsikt. <\/p>\n<p>Material: <\/p>\n<p>&#8211; 100 % bomull med en tr\u00e5dvikt p\u00e5 150 g\/m2 med Oeko-TEX Standard 100-certifikat  <\/p>\n<p>&#8211; allergiv\u00e4nlig silikonfiber med en tr\u00e5dvikt p\u00e5 200 g\/m2 <\/p>\n<p> M\u00e5tt: <\/p>\n<p>&#8211; Kudde: 30&#215;40 cm<br \/>\n &#8211; T\u00e4cke: 80&#215;100 cm <\/p>\n<p>Tv\u00e4ttanvisningar:<br \/>\n &#8211; Maskintv\u00e4tt 40 \u00b0C<br \/>\n &#8211; Strykning vid h\u00f6gst 110 \u00b0C<br \/>\n &#8211; Blek inte<br \/>\n &#8211; Torktumla inte<\/p>\n","protected":false},"excerpt":{"rendered":"<p>S\u00e4ngkl\u00e4desset best\u00e5ende av t\u00e4cke och kudde med fyllning. Tillverkat av h\u00f6gkvalitativ bomull med OEKO-TEX Standard 100-certifikat. Fyllningen i s\u00e4ngkl\u00e4derna \u00e4r gjord av en fj\u00e4drande och fluffig allergiv\u00e4nlig silikonfiber med avancerade v\u00e4rmereglerande egenskaper som ger h\u00f6g sovkomfort. S\u00e4ngkl\u00e4derna, inklusive fyllningen, kan tv\u00e4ttas i maskin, vilket g\u00f6r dem till ett utm\u00e4rkt val f\u00f6r allergiker. S\u00e4ngkl\u00e4derna har designats [&hellip;]<\/p>\n","protected":false},"featured_media":0,"comment_status":"open","ping_status":"closed","template":"","meta":[],"product_brand":[],"product_cat":[33],"product_tag":[],"class_list":{"0":"post-14228","1":"product","2":"type-product","3":"status-publish","5":"product_cat-okategoriserad","7":"first","8":"instock","9":"shipping-taxable","10":"purchasable","11":"product-type-simple"},"_links":{"self":[{"href":"https:\/\/nordicmart.andreevmaster.com\/sv\/wp-json\/wp\/v2\/product\/14228","targetHints":{"allow":["GET"]}}],"collection":[{"href":"https:\/\/nordicmart.andreevmaster.com\/sv\/wp-json\/wp\/v2\/product"}],"about":[{"href":"https:\/\/nordicmart.andreevmaster.com\/sv\/wp-json\/wp\/v2\/types\/product"}],"replies":[{"embeddable":true,"href":"https:\/\/nordicmart.andreevmaster.com\/sv\/wp-json\/wp\/v2\/comments?post=14228"}],"wp:attachment":[{"href":"https:\/\/nordicmart.andreevmaster.com\/sv\/wp-json\/wp\/v2\/media?parent=14228"}],"wp:term":[{"taxonomy":"product_brand","embeddable":true,"href":"https:\/\/nordicmart.andreevmaster.com\/sv\/wp-json\/wp\/v2\/product_brand?post=14228"},{"taxonomy":"product_cat","embeddable":true,"href":"https:\/\/nordicmart.andreevmaster.com\/sv\/wp-json\/wp\/v2\/product_cat?post=14228"},{"taxonomy":"product_tag","embeddable":true,"href":"https:\/\/nordicmart.andreevmaster.com\/sv\/wp-json\/wp\/v2\/product_tag?post=14228"}],"curies":[{"name":"wp","href":"https:\/\/api.w.org\/{rel}","templated":true}]}}