{"id":14213,"date":"2026-02-27T00:20:59","date_gmt":"2026-02-27T00:20:59","guid":{"rendered":"https:\/\/nordicmart.andreevmaster.com\/product\/linne-rulle-for-huvudet-snovit\/"},"modified":"2026-02-27T08:13:33","modified_gmt":"2026-02-27T08:13:33","slug":"linne-rulle-for-huvudet-snovit","status":"publish","type":"product","link":"https:\/\/nordicmart.andreevmaster.com\/sv\/produkt\/linne-rulle-for-huvudet-snovit\/","title":{"rendered":"Linne rulle f\u00f6r huvudet sn\u00f6vit"},"content":{"rendered":"<p>**Detaljer:<br \/>\n **- kan ers\u00e4tta en spj\u00e4lskydd,<br \/>\n &#8211; skyddar lilla barnet mot r\u00f6relser,<br \/>\n &#8211; fin dekoration, inte bara f\u00f6r barnrummet,<br \/>\n &#8211; mycket mjuk och sk\u00f6n att ta p\u00e5.   **Storlekar: ** &#8211; 55 x 14 cm   **F\u00e4rg**:<br \/>\n &#8211; dammrosa<br \/>\n &#8211; stengr\u00e5<br \/>\n &#8211; sn\u00f6vit &#8211; marinbl\u00e5 &#8211; \u00e4kta r\u00e4nder ** ** **Material:**<br \/>\n &#8211; tillverkad i Polen av polska material,<br \/>\n &#8211; 100 % linne med en tr\u00e5dvikt p\u00e5 154 g\/m2 och** Oeko-Tex Standard 100 IW 00034,**<br \/>\n &#8211; tv\u00e4ttemperatur: 40 \u00b0C,<br \/>\n &#8211; stryka v\u00e5tt i h\u00f6g temperatur. **<br \/>\n Rekommenderas f\u00f6r linne-set:**<br \/>\n &#8211; S\u00e4ngkl\u00e4der, baldakin, kudde, stj\u00e4rnkudde, rulle, maskeringvolang, &#8211; Passar ocks\u00e5 perfekt till v\u00e5ra bomullstextilier.<\/p>\n","protected":false},"excerpt":{"rendered":"<p>**Detaljer: **- kan ers\u00e4tta en spj\u00e4lskydd, &#8211; skyddar lilla barnet mot r\u00f6relser, &#8211; fin dekoration, inte bara f\u00f6r barnrummet, &#8211; mycket mjuk och sk\u00f6n att ta p\u00e5. **Storlekar: ** &#8211; 55 x 14 cm **F\u00e4rg**: &#8211; dammrosa &#8211; stengr\u00e5 &#8211; sn\u00f6vit &#8211; marinbl\u00e5 &#8211; \u00e4kta r\u00e4nder ** ** **Material:** &#8211; tillverkad i Polen av polska [&hellip;]<\/p>\n","protected":false},"featured_media":0,"comment_status":"open","ping_status":"closed","template":"","meta":[],"product_brand":[],"product_cat":[33],"product_tag":[],"class_list":{"0":"post-14213","1":"product","2":"type-product","3":"status-publish","5":"product_cat-okategoriserad","7":"first","8":"instock","9":"shipping-taxable","10":"purchasable","11":"product-type-simple"},"_links":{"self":[{"href":"https:\/\/nordicmart.andreevmaster.com\/sv\/wp-json\/wp\/v2\/product\/14213","targetHints":{"allow":["GET"]}}],"collection":[{"href":"https:\/\/nordicmart.andreevmaster.com\/sv\/wp-json\/wp\/v2\/product"}],"about":[{"href":"https:\/\/nordicmart.andreevmaster.com\/sv\/wp-json\/wp\/v2\/types\/product"}],"replies":[{"embeddable":true,"href":"https:\/\/nordicmart.andreevmaster.com\/sv\/wp-json\/wp\/v2\/comments?post=14213"}],"wp:attachment":[{"href":"https:\/\/nordicmart.andreevmaster.com\/sv\/wp-json\/wp\/v2\/media?parent=14213"}],"wp:term":[{"taxonomy":"product_brand","embeddable":true,"href":"https:\/\/nordicmart.andreevmaster.com\/sv\/wp-json\/wp\/v2\/product_brand?post=14213"},{"taxonomy":"product_cat","embeddable":true,"href":"https:\/\/nordicmart.andreevmaster.com\/sv\/wp-json\/wp\/v2\/product_cat?post=14213"},{"taxonomy":"product_tag","embeddable":true,"href":"https:\/\/nordicmart.andreevmaster.com\/sv\/wp-json\/wp\/v2\/product_tag?post=14213"}],"curies":[{"name":"wp","href":"https:\/\/api.w.org\/{rel}","templated":true}]}}