{"id":14211,"date":"2026-02-27T00:20:59","date_gmt":"2026-02-27T00:20:59","guid":{"rendered":"https:\/\/nordicmart.andreevmaster.com\/product\/skotbadd-up-dammrosa\/"},"modified":"2026-02-27T08:13:33","modified_gmt":"2026-02-27T08:13:33","slug":"skotbadd-up-dammrosa","status":"publish","type":"product","link":"https:\/\/nordicmart.andreevmaster.com\/sv\/produkt\/skotbadd-up-dammrosa\/","title":{"rendered":"Sk\u00f6tb\u00e4dd UP!  dammrosa"},"content":{"rendered":"<p>Vattent\u00e4t sk\u00f6tb\u00e4dd med \u00f6verdrag och handduk speciellt f\u00f6r The UP! spj\u00e4ls\u00e4ng <\/p>\n<p>Sk\u00f6tb\u00e4dden best\u00e5r av: <\/p>\n<p>&#8211; skumplastinl\u00e4gg <\/p>\n<p>&#8211; sk\u00f6tb\u00e4dds\u00f6verdrag av antibakteriellt och mjukt linnetyg <\/p>\n<p>&#8211; dubbelsidig dyna av linne och frott\u00e9 med vattent\u00e4tt membran <\/p>\n<p>Storlekar: <\/p>\n<p>&#8211; 70x38x3 cm <\/p>\n<p>F\u00e4rg:<br \/>\n &#8211; dammrosa<br \/>\n &#8211; stengr\u00e5<br \/>\n &#8211; sn\u00f6vit <\/p>\n<p>Material:<br \/>\n &#8211; tillverkad i Polen av polska material,<br \/>\n &#8211; \u00f6verdrag \u2013 100 % linne med en tr\u00e5dtjocklek p\u00e5 154 g\/m2 och Oeko-Tex Standard 100 IW 00034,<br \/>\n &#8211; tv\u00e4ttemperatur: 40 \u00b0C,<br \/>\n &#8211; stryk p\u00e5 v\u00e5tt i h\u00f6g temperatur. <\/p>\n<p> Rekommenderas f\u00f6r linne-set:<br \/>\n &#8211; S\u00e4ngkl\u00e4der, baldakin, kudde, stj\u00e4rnkudde, rulle, maskeringvolang, <\/p>\n<p>&#8211; Passar ocks\u00e5 perfekt till v\u00e5ra bomullstextilier.<\/p>\n","protected":false},"excerpt":{"rendered":"<p>Vattent\u00e4t sk\u00f6tb\u00e4dd med \u00f6verdrag och handduk speciellt f\u00f6r The UP! spj\u00e4ls\u00e4ng Sk\u00f6tb\u00e4dden best\u00e5r av: &#8211; skumplastinl\u00e4gg &#8211; sk\u00f6tb\u00e4dds\u00f6verdrag av antibakteriellt och mjukt linnetyg &#8211; dubbelsidig dyna av linne och frott\u00e9 med vattent\u00e4tt membran Storlekar: &#8211; 70x38x3 cm F\u00e4rg: &#8211; dammrosa &#8211; stengr\u00e5 &#8211; sn\u00f6vit Material: &#8211; tillverkad i Polen av polska material, &#8211; \u00f6verdrag \u2013 [&hellip;]<\/p>\n","protected":false},"featured_media":0,"comment_status":"open","ping_status":"closed","template":"","meta":[],"product_brand":[],"product_cat":[33],"product_tag":[],"class_list":{"0":"post-14211","1":"product","2":"type-product","3":"status-publish","5":"product_cat-okategoriserad","7":"first","8":"instock","9":"shipping-taxable","10":"purchasable","11":"product-type-simple"},"_links":{"self":[{"href":"https:\/\/nordicmart.andreevmaster.com\/sv\/wp-json\/wp\/v2\/product\/14211","targetHints":{"allow":["GET"]}}],"collection":[{"href":"https:\/\/nordicmart.andreevmaster.com\/sv\/wp-json\/wp\/v2\/product"}],"about":[{"href":"https:\/\/nordicmart.andreevmaster.com\/sv\/wp-json\/wp\/v2\/types\/product"}],"replies":[{"embeddable":true,"href":"https:\/\/nordicmart.andreevmaster.com\/sv\/wp-json\/wp\/v2\/comments?post=14211"}],"wp:attachment":[{"href":"https:\/\/nordicmart.andreevmaster.com\/sv\/wp-json\/wp\/v2\/media?parent=14211"}],"wp:term":[{"taxonomy":"product_brand","embeddable":true,"href":"https:\/\/nordicmart.andreevmaster.com\/sv\/wp-json\/wp\/v2\/product_brand?post=14211"},{"taxonomy":"product_cat","embeddable":true,"href":"https:\/\/nordicmart.andreevmaster.com\/sv\/wp-json\/wp\/v2\/product_cat?post=14211"},{"taxonomy":"product_tag","embeddable":true,"href":"https:\/\/nordicmart.andreevmaster.com\/sv\/wp-json\/wp\/v2\/product_tag?post=14211"}],"curies":[{"name":"wp","href":"https:\/\/api.w.org\/{rel}","templated":true}]}}