{"id":14209,"date":"2026-02-27T00:20:58","date_gmt":"2026-02-27T00:20:58","guid":{"rendered":"https:\/\/nordicmart.andreevmaster.com\/product\/linien-spannlakan-med-akta-rander-40x90-xs\/"},"modified":"2026-02-27T08:13:33","modified_gmt":"2026-02-27T08:13:33","slug":"linien-spannlakan-med-akta-rander-40x90-xs","status":"publish","type":"product","link":"https:\/\/nordicmart.andreevmaster.com\/sv\/produkt\/linien-spannlakan-med-akta-rander-40x90-xs\/","title":{"rendered":"Linien sp\u00e4nnlakan med \u00e4kta r\u00e4nder 40&#215;90 (XS)"},"content":{"rendered":"<p>F\u00f6r att kunna ge ditt barn b\u00e4sta m\u00f6jliga komfort under s\u00f6mnen har vi skapat en kollektion med barns\u00e4ngkl\u00e4der tillverkade av naturligt, mjukt linnetyg. Varf\u00f6r linne? &#8211; har antibakteriella egenskaper; &#8211; \u00e4r allergiv\u00e4nligt \u2013 orsakar inte allergier; &#8211; \u00e4r skonsamt mot huden, behagligt att ta p\u00e5; &#8211; h\u00f6g fuktabsorptionsf\u00f6rm\u00e5ga; &#8211; har termoreglerande egenskaper \u2013 h\u00f6g luftgenomsl\u00e4pplighet och v\u00e4rmeledningsf\u00f6rm\u00e5ga. Kyler p\u00e5 varma dagar, v\u00e4rmer n\u00e4r det \u00e4r kallare; &#8211; slitstarkt och t\u00f6jbart; &#8211; elektrifierar inte; &#8211; biologiskt nedbrytbart; &#8211; frekvent tv\u00e4tt av lin f\u00f6r\u00e4dlar det, lin blir mjukare och sl\u00e4tare.  2-delat linne-s\u00e4ngkl\u00e4der med volang. Detaljer: &#8211; s\u00e4ngkl\u00e4der utan fyllning (p\u00e5slakan och \u00f6rngott) &#8211; st\u00e4ngs med osynlig dragkedja &#8211; avslutas med en subtil volang &#8211; mjukt och behagligt att ta p\u00e5  M\u00e5tt:  &#8211; \u00f6rngott: 40&#215;60 cm (+4 cm volang) &#8211; p\u00e5slakan: 100&#215;135 cm (+ 4 cm volang) F\u00f6r barn fr\u00e5n: f\u00f6dseln till ca 5\/6 \u00e5rs \u00e5lder.  F\u00e4rger: &#8211; dammrosa &#8211; dimgr\u00e5 &#8211; sn\u00f6vit  Material: &#8211; s\u00e4ngkl\u00e4der tillverkade i Polen av r\u00e5varor producerade i Polen &#8211; sammans\u00e4ttning: 100 % linne med en vikt p\u00e5 154 g\/m2 &#8211; tv\u00e4ttemperatur: skonsam tv\u00e4tt 40 grader &#8211; kan strykas fuktigt vid h\u00f6g temperatur<\/p>\n","protected":false},"excerpt":{"rendered":"<p>F\u00f6r att kunna ge ditt barn b\u00e4sta m\u00f6jliga komfort under s\u00f6mnen har vi skapat en kollektion med barns\u00e4ngkl\u00e4der tillverkade av naturligt, mjukt linnetyg. Varf\u00f6r linne? &#8211; har antibakteriella egenskaper; &#8211; \u00e4r allergiv\u00e4nligt \u2013 orsakar inte allergier; &#8211; \u00e4r skonsamt mot huden, behagligt att ta p\u00e5; &#8211; h\u00f6g fuktabsorptionsf\u00f6rm\u00e5ga; &#8211; har termoreglerande egenskaper \u2013 h\u00f6g luftgenomsl\u00e4pplighet [&hellip;]<\/p>\n","protected":false},"featured_media":0,"comment_status":"open","ping_status":"closed","template":"","meta":[],"product_brand":[],"product_cat":[33],"product_tag":[],"class_list":{"0":"post-14209","1":"product","2":"type-product","3":"status-publish","5":"product_cat-okategoriserad","7":"first","8":"instock","9":"shipping-taxable","10":"purchasable","11":"product-type-simple"},"_links":{"self":[{"href":"https:\/\/nordicmart.andreevmaster.com\/sv\/wp-json\/wp\/v2\/product\/14209","targetHints":{"allow":["GET"]}}],"collection":[{"href":"https:\/\/nordicmart.andreevmaster.com\/sv\/wp-json\/wp\/v2\/product"}],"about":[{"href":"https:\/\/nordicmart.andreevmaster.com\/sv\/wp-json\/wp\/v2\/types\/product"}],"replies":[{"embeddable":true,"href":"https:\/\/nordicmart.andreevmaster.com\/sv\/wp-json\/wp\/v2\/comments?post=14209"}],"wp:attachment":[{"href":"https:\/\/nordicmart.andreevmaster.com\/sv\/wp-json\/wp\/v2\/media?parent=14209"}],"wp:term":[{"taxonomy":"product_brand","embeddable":true,"href":"https:\/\/nordicmart.andreevmaster.com\/sv\/wp-json\/wp\/v2\/product_brand?post=14209"},{"taxonomy":"product_cat","embeddable":true,"href":"https:\/\/nordicmart.andreevmaster.com\/sv\/wp-json\/wp\/v2\/product_cat?post=14209"},{"taxonomy":"product_tag","embeddable":true,"href":"https:\/\/nordicmart.andreevmaster.com\/sv\/wp-json\/wp\/v2\/product_tag?post=14209"}],"curies":[{"name":"wp","href":"https:\/\/api.w.org\/{rel}","templated":true}]}}