{"id":14202,"date":"2026-02-27T00:20:56","date_gmt":"2026-02-27T00:20:56","guid":{"rendered":"https:\/\/nordicmart.andreevmaster.com\/product\/lakan-i-linne-dammrosa-up-70x140\/"},"modified":"2026-02-27T08:13:31","modified_gmt":"2026-02-27T08:13:31","slug":"lakan-i-linne-dammrosa-up-70x140","status":"publish","type":"product","link":"https:\/\/nordicmart.andreevmaster.com\/sv\/produkt\/lakan-i-linne-dammrosa-up-70x140\/","title":{"rendered":"Lakan i linne, dammrosa UP! 70&#215;140"},"content":{"rendered":"<p>Lakan i linne med res\u00e5r 70&#215;120 speciellt f\u00f6r UP! spj\u00e4ls\u00e4ng <\/p>\n<p>Detaljer:<br \/>\n &#8211; passar perfekt till madrassen,<br \/>\n &#8211; mycket mjukt och sk\u00f6nt att ta p\u00e5,<br \/>\n &#8211; linne har egenskaper som \u00e4r h\u00e4lsosamma f\u00f6r barn (antibakteriellt, antiallergiskt, antistatiskt). <\/p>\n<p>Storlek:<br \/>\n &#8211; 70&#215;120 cm <\/p>\n<p>F\u00e4rg:<br \/>\n &#8211; dammrosa<br \/>\n &#8211; stengr\u00e5<br \/>\n &#8211; sn\u00f6vit <\/p>\n<p>&#8211; marinbl\u00e5<br \/>\n &#8211; \u00e4kta r\u00e4nder <\/p>\n<p>Material:<br \/>\n &#8211; tillverkat i Polen av polska material,<br \/>\n &#8211; 100 % linne med en tr\u00e5dvikt p\u00e5 154 g\/m2 och Oeko-Tex Standard 100 IW 00034,<br \/>\n &#8211; tv\u00e4ttemperatur: 40 \u00b0C,- stryka p\u00e5 v\u00e5tt i h\u00f6g temperatur. <\/p>\n<p> Rekommenderas f\u00f6r linne-set:<br \/>\n &#8211; S\u00e4ngkl\u00e4der, baldakin, kudde, stj\u00e4rnkudde, rulle, maskeringvolang, <\/p>\n<p>&#8211; Passar ocks\u00e5 perfekt till v\u00e5ra bomullstextilier.<\/p>\n","protected":false},"excerpt":{"rendered":"<p>Lakan i linne med res\u00e5r 70&#215;120 speciellt f\u00f6r UP! spj\u00e4ls\u00e4ng Detaljer: &#8211; passar perfekt till madrassen, &#8211; mycket mjukt och sk\u00f6nt att ta p\u00e5, &#8211; linne har egenskaper som \u00e4r h\u00e4lsosamma f\u00f6r barn (antibakteriellt, antiallergiskt, antistatiskt). Storlek: &#8211; 70&#215;120 cm F\u00e4rg: &#8211; dammrosa &#8211; stengr\u00e5 &#8211; sn\u00f6vit &#8211; marinbl\u00e5 &#8211; \u00e4kta r\u00e4nder Material: &#8211; tillverkat [&hellip;]<\/p>\n","protected":false},"featured_media":0,"comment_status":"open","ping_status":"closed","template":"","meta":[],"product_brand":[],"product_cat":[33],"product_tag":[],"class_list":{"0":"post-14202","1":"product","2":"type-product","3":"status-publish","5":"product_cat-okategoriserad","7":"first","8":"instock","9":"shipping-taxable","10":"purchasable","11":"product-type-simple"},"_links":{"self":[{"href":"https:\/\/nordicmart.andreevmaster.com\/sv\/wp-json\/wp\/v2\/product\/14202","targetHints":{"allow":["GET"]}}],"collection":[{"href":"https:\/\/nordicmart.andreevmaster.com\/sv\/wp-json\/wp\/v2\/product"}],"about":[{"href":"https:\/\/nordicmart.andreevmaster.com\/sv\/wp-json\/wp\/v2\/types\/product"}],"replies":[{"embeddable":true,"href":"https:\/\/nordicmart.andreevmaster.com\/sv\/wp-json\/wp\/v2\/comments?post=14202"}],"wp:attachment":[{"href":"https:\/\/nordicmart.andreevmaster.com\/sv\/wp-json\/wp\/v2\/media?parent=14202"}],"wp:term":[{"taxonomy":"product_brand","embeddable":true,"href":"https:\/\/nordicmart.andreevmaster.com\/sv\/wp-json\/wp\/v2\/product_brand?post=14202"},{"taxonomy":"product_cat","embeddable":true,"href":"https:\/\/nordicmart.andreevmaster.com\/sv\/wp-json\/wp\/v2\/product_cat?post=14202"},{"taxonomy":"product_tag","embeddable":true,"href":"https:\/\/nordicmart.andreevmaster.com\/sv\/wp-json\/wp\/v2\/product_tag?post=14202"}],"curies":[{"name":"wp","href":"https:\/\/api.w.org\/{rel}","templated":true}]}}