{"id":14198,"date":"2026-02-27T00:20:55","date_gmt":"2026-02-27T00:20:55","guid":{"rendered":"https:\/\/nordicmart.andreevmaster.com\/product\/lakan-i-linne-snovit-xs\/"},"modified":"2026-02-27T08:13:31","modified_gmt":"2026-02-27T08:13:31","slug":"lakan-i-linne-snovit-xs","status":"publish","type":"product","link":"https:\/\/nordicmart.andreevmaster.com\/sv\/produkt\/lakan-i-linne-snovit-xs\/","title":{"rendered":"Lakan i linne, sn\u00f6vit XS"},"content":{"rendered":"<p>**Lakan i linne med res\u00e5r 40&#215;90** ** ** **Detaljer:**<br \/>\n &#8211; passar perfekt till madrassen,<br \/>\n &#8211; mycket mjukt och sk\u00f6nt att ta p\u00e5,<br \/>\n &#8211; linne har egenskaper som \u00e4r h\u00e4lsosamma f\u00f6r barn (antibakteriellt, antiallergiskt, antistatiskt).   **Storlek:**<br \/>\n &#8211; 40&#215;90 cm **F\u00e4rg:<br \/>\n **- dammrosa<br \/>\n &#8211; stengr\u00e5<br \/>\n &#8211; sn\u00f6vit &#8211; marinbl\u00e5<br \/>\n &#8211; \u00e4kta r\u00e4nder   **Material:**<br \/>\n &#8211; tillverkad i Polen av polska material,<br \/>\n &#8211; 100 % linne med en tr\u00e5dtjocklek p\u00e5 154 g\/m2 och **Oeko-Tex Standard 100 IW 00034,**<br \/>\n &#8211; tv\u00e4ttemperatur: 40 \u00b0C,<br \/>\n &#8211; stryk p\u00e5 v\u00e5tt i h\u00f6g temperatur. **<br \/>\n Rekommenderas f\u00f6r linne-set:**<br \/>\n &#8211; S\u00e4ngkl\u00e4der, baldakin, kudde, stj\u00e4rnkudde, rulle, maskeringvolang, &#8211; Passar ocks\u00e5 perfekt till v\u00e5ra bomullstextilier.<\/p>\n","protected":false},"excerpt":{"rendered":"<p>**Lakan i linne med res\u00e5r 40&#215;90** ** ** **Detaljer:** &#8211; passar perfekt till madrassen, &#8211; mycket mjukt och sk\u00f6nt att ta p\u00e5, &#8211; linne har egenskaper som \u00e4r h\u00e4lsosamma f\u00f6r barn (antibakteriellt, antiallergiskt, antistatiskt). **Storlek:** &#8211; 40&#215;90 cm **F\u00e4rg: **- dammrosa &#8211; stengr\u00e5 &#8211; sn\u00f6vit &#8211; marinbl\u00e5 &#8211; \u00e4kta r\u00e4nder **Material:** &#8211; tillverkad i Polen [&hellip;]<\/p>\n","protected":false},"featured_media":0,"comment_status":"open","ping_status":"closed","template":"","meta":[],"product_brand":[],"product_cat":[33],"product_tag":[],"class_list":{"0":"post-14198","1":"product","2":"type-product","3":"status-publish","5":"product_cat-okategoriserad","7":"first","8":"instock","9":"shipping-taxable","10":"purchasable","11":"product-type-simple"},"_links":{"self":[{"href":"https:\/\/nordicmart.andreevmaster.com\/sv\/wp-json\/wp\/v2\/product\/14198","targetHints":{"allow":["GET"]}}],"collection":[{"href":"https:\/\/nordicmart.andreevmaster.com\/sv\/wp-json\/wp\/v2\/product"}],"about":[{"href":"https:\/\/nordicmart.andreevmaster.com\/sv\/wp-json\/wp\/v2\/types\/product"}],"replies":[{"embeddable":true,"href":"https:\/\/nordicmart.andreevmaster.com\/sv\/wp-json\/wp\/v2\/comments?post=14198"}],"wp:attachment":[{"href":"https:\/\/nordicmart.andreevmaster.com\/sv\/wp-json\/wp\/v2\/media?parent=14198"}],"wp:term":[{"taxonomy":"product_brand","embeddable":true,"href":"https:\/\/nordicmart.andreevmaster.com\/sv\/wp-json\/wp\/v2\/product_brand?post=14198"},{"taxonomy":"product_cat","embeddable":true,"href":"https:\/\/nordicmart.andreevmaster.com\/sv\/wp-json\/wp\/v2\/product_cat?post=14198"},{"taxonomy":"product_tag","embeddable":true,"href":"https:\/\/nordicmart.andreevmaster.com\/sv\/wp-json\/wp\/v2\/product_tag?post=14198"}],"curies":[{"name":"wp","href":"https:\/\/api.w.org\/{rel}","templated":true}]}}