{"id":14196,"date":"2026-02-27T00:20:55","date_gmt":"2026-02-27T00:20:55","guid":{"rendered":"https:\/\/nordicmart.andreevmaster.com\/product\/lakan-i-linne-dammrosa-xs\/"},"modified":"2026-02-27T08:13:30","modified_gmt":"2026-02-27T08:13:30","slug":"lakan-i-linne-dammrosa-xs","status":"publish","type":"product","link":"https:\/\/nordicmart.andreevmaster.com\/sv\/produkt\/lakan-i-linne-dammrosa-xs\/","title":{"rendered":"Lakan i linne, dammrosa XS"},"content":{"rendered":"<p>F\u00f6r att garantera b\u00e4sta komfort f\u00f6r ditt barn har vi skapat en kollektion i naturligt mjukt linne. **Varf\u00f6r linne?**<br \/>\n &#8211; antibakteriella egenskaper;<br \/>\n &#8211; antiallergiskt \u2013 inte sensibiliserande;<br \/>\n &#8211; mycket k\u00e4nsligt f\u00f6r huden, behagligt att ta p\u00e5<br \/>\n &#8211; h\u00f6g fuktabsorption<br \/>\n &#8211; v\u00e4rmereglering \u2013 h\u00f6g luftgenomsl\u00e4pplighet och v\u00e4rme\u00f6verf\u00f6ring;<br \/>\n &#8211; slitstarkt och t\u00f6jningsbest\u00e4ndigt<br \/>\n &#8211; laddar sig inte elektriskt<br \/>\n &#8211; biologiskt nedbrytbart<br \/>\n &#8211; regelbunden tv\u00e4tt f\u00f6rb\u00e4ttrar textilen och g\u00f6r linnet mjukare och smidigare.   **Lakan med res\u00e5r.** **Detaljer:**<br \/>\n &#8211; passar perfekt till madrassen<br \/>\n &#8211; mycket mjukt och behagligt att ta p\u00e5<br \/>\n &#8211; linets egenskaper \u00e4r h\u00e4lsosamma f\u00f6r barn .   **Storlekar:**<br \/>\n &#8211; 70&#215;140<br \/>\n &#8211; 60&#215;120<br \/>\n &#8211; 40&#215;90<br \/>\n  **F\u00e4rger:**<br \/>\n &#8211; dammrosa<br \/>\n &#8211; dimmig gr\u00e5<br \/>\n &#8211; sn\u00f6vit **Material:**<br \/>\n &#8211; tillverkat i Polen av polska material<br \/>\n &#8211; 100 % linne med en tr\u00e5dvikt p\u00e5 154 g\/m2 och Oeko-Tex Standard 100 IW 00034<br \/>\n &#8211; tv\u00e4ttemperatur: 40\u02da C<br \/>\n &#8211; stryka p\u00e5 v\u00e5tt i h\u00f6g temperatur **<br \/>\n Rekommenderas**** f\u00f6r linne-set:**<br \/>\n &#8211; S\u00e4ngkl\u00e4der, baldakin, kudde, stj\u00e4rnkudde, rulle, maskeringvolang.<\/p>\n","protected":false},"excerpt":{"rendered":"<p>F\u00f6r att garantera b\u00e4sta komfort f\u00f6r ditt barn har vi skapat en kollektion i naturligt mjukt linne. **Varf\u00f6r linne?** &#8211; antibakteriella egenskaper; &#8211; antiallergiskt \u2013 inte sensibiliserande; &#8211; mycket k\u00e4nsligt f\u00f6r huden, behagligt att ta p\u00e5 &#8211; h\u00f6g fuktabsorption &#8211; v\u00e4rmereglering \u2013 h\u00f6g luftgenomsl\u00e4pplighet och v\u00e4rme\u00f6verf\u00f6ring; &#8211; slitstarkt och t\u00f6jningsbest\u00e4ndigt &#8211; laddar sig inte elektriskt [&hellip;]<\/p>\n","protected":false},"featured_media":0,"comment_status":"open","ping_status":"closed","template":"","meta":[],"product_brand":[],"product_cat":[33],"product_tag":[],"class_list":{"0":"post-14196","1":"product","2":"type-product","3":"status-publish","5":"product_cat-okategoriserad","7":"first","8":"instock","9":"shipping-taxable","10":"purchasable","11":"product-type-simple"},"_links":{"self":[{"href":"https:\/\/nordicmart.andreevmaster.com\/sv\/wp-json\/wp\/v2\/product\/14196","targetHints":{"allow":["GET"]}}],"collection":[{"href":"https:\/\/nordicmart.andreevmaster.com\/sv\/wp-json\/wp\/v2\/product"}],"about":[{"href":"https:\/\/nordicmart.andreevmaster.com\/sv\/wp-json\/wp\/v2\/types\/product"}],"replies":[{"embeddable":true,"href":"https:\/\/nordicmart.andreevmaster.com\/sv\/wp-json\/wp\/v2\/comments?post=14196"}],"wp:attachment":[{"href":"https:\/\/nordicmart.andreevmaster.com\/sv\/wp-json\/wp\/v2\/media?parent=14196"}],"wp:term":[{"taxonomy":"product_brand","embeddable":true,"href":"https:\/\/nordicmart.andreevmaster.com\/sv\/wp-json\/wp\/v2\/product_brand?post=14196"},{"taxonomy":"product_cat","embeddable":true,"href":"https:\/\/nordicmart.andreevmaster.com\/sv\/wp-json\/wp\/v2\/product_cat?post=14196"},{"taxonomy":"product_tag","embeddable":true,"href":"https:\/\/nordicmart.andreevmaster.com\/sv\/wp-json\/wp\/v2\/product_tag?post=14196"}],"curies":[{"name":"wp","href":"https:\/\/api.w.org\/{rel}","templated":true}]}}