{"id":14194,"date":"2026-02-27T00:20:54","date_gmt":"2026-02-27T00:20:54","guid":{"rendered":"https:\/\/nordicmart.andreevmaster.com\/product\/linien-sangklader-med-volang-stengra-s\/"},"modified":"2026-02-27T08:13:30","modified_gmt":"2026-02-27T08:13:30","slug":"linien-sangklader-med-volang-stengra-s","status":"publish","type":"product","link":"https:\/\/nordicmart.andreevmaster.com\/sv\/produkt\/linien-sangklader-med-volang-stengra-s\/","title":{"rendered":"Linien s\u00e4ngkl\u00e4der med volang stengr\u00e5 S"},"content":{"rendered":"<p>**S\u00e4ngkl\u00e4der storlek S med fyllning.** ** ** **Detaljer:**<br \/>\n &#8211; s\u00e4ngkl\u00e4derna har fyllning,<br \/>\n &#8211; avslutas med en delikat volang,<br \/>\n &#8211; mycket mjuka och sk\u00f6na att ta p\u00e5.   **Storlekar**:<br \/>\n &#8211; kudde: 30&#215;40 cm (+4 cm volang)<br \/>\n &#8211; t\u00e4cke: 80&#215;100 cm (+4 cm volang)<br \/>\n F\u00f6r sm\u00e5 barn fr\u00e5n 0 till 2 \u00e5r.   **F\u00e4rg**:<br \/>\n &#8211; dammrosa<br \/>\n &#8211; stengr\u00e5<br \/>\n &#8211; sn\u00f6vit ** ** **Material:**<br \/>\n &#8211; tillverkad i Polen av polska material,<br \/>\n &#8211; 100 % linne med en tr\u00e5dvikt p\u00e5 154 g\/m2 och en** Oeko-Tex Standard 100 IW 00034,**<br \/>\n &#8211; tv\u00e4ttemperatur: 40 \u00b0C,<br \/>\n &#8211; stryka v\u00e5tt i h\u00f6g temperatur. **<br \/>\n Rekommenderas f\u00f6r linne-set:**<br \/>\n &#8211; S\u00e4ngkl\u00e4der, baldakin, kudde, stj\u00e4rnkudde, rulle, volang, &#8211; Passar ocks\u00e5 perfekt till v\u00e5ra bomullstextilier. Linne \u00e4r ett naturmaterial, d\u00e4rf\u00f6r kan nyanserna variera.<\/p>\n","protected":false},"excerpt":{"rendered":"<p>**S\u00e4ngkl\u00e4der storlek S med fyllning.** ** ** **Detaljer:** &#8211; s\u00e4ngkl\u00e4derna har fyllning, &#8211; avslutas med en delikat volang, &#8211; mycket mjuka och sk\u00f6na att ta p\u00e5. **Storlekar**: &#8211; kudde: 30&#215;40 cm (+4 cm volang) &#8211; t\u00e4cke: 80&#215;100 cm (+4 cm volang) F\u00f6r sm\u00e5 barn fr\u00e5n 0 till 2 \u00e5r. **F\u00e4rg**: &#8211; dammrosa &#8211; stengr\u00e5 &#8211; [&hellip;]<\/p>\n","protected":false},"featured_media":0,"comment_status":"open","ping_status":"closed","template":"","meta":[],"product_brand":[],"product_cat":[33],"product_tag":[],"class_list":{"0":"post-14194","1":"product","2":"type-product","3":"status-publish","5":"product_cat-okategoriserad","7":"first","8":"instock","9":"shipping-taxable","10":"purchasable","11":"product-type-simple"},"_links":{"self":[{"href":"https:\/\/nordicmart.andreevmaster.com\/sv\/wp-json\/wp\/v2\/product\/14194","targetHints":{"allow":["GET"]}}],"collection":[{"href":"https:\/\/nordicmart.andreevmaster.com\/sv\/wp-json\/wp\/v2\/product"}],"about":[{"href":"https:\/\/nordicmart.andreevmaster.com\/sv\/wp-json\/wp\/v2\/types\/product"}],"replies":[{"embeddable":true,"href":"https:\/\/nordicmart.andreevmaster.com\/sv\/wp-json\/wp\/v2\/comments?post=14194"}],"wp:attachment":[{"href":"https:\/\/nordicmart.andreevmaster.com\/sv\/wp-json\/wp\/v2\/media?parent=14194"}],"wp:term":[{"taxonomy":"product_brand","embeddable":true,"href":"https:\/\/nordicmart.andreevmaster.com\/sv\/wp-json\/wp\/v2\/product_brand?post=14194"},{"taxonomy":"product_cat","embeddable":true,"href":"https:\/\/nordicmart.andreevmaster.com\/sv\/wp-json\/wp\/v2\/product_cat?post=14194"},{"taxonomy":"product_tag","embeddable":true,"href":"https:\/\/nordicmart.andreevmaster.com\/sv\/wp-json\/wp\/v2\/product_tag?post=14194"}],"curies":[{"name":"wp","href":"https:\/\/api.w.org\/{rel}","templated":true}]}}