{"id":14186,"date":"2026-02-27T00:20:53","date_gmt":"2026-02-27T00:20:53","guid":{"rendered":"https:\/\/nordicmart.andreevmaster.com\/product\/linne-sangklader-med-volang-marinbla-l-utan-fyllning\/"},"modified":"2026-02-27T08:13:28","modified_gmt":"2026-02-27T08:13:28","slug":"linne-sangklader-med-volang-marinbla-l-utan-fyllning","status":"publish","type":"product","link":"https:\/\/nordicmart.andreevmaster.com\/sv\/produkt\/linne-sangklader-med-volang-marinbla-l-utan-fyllning\/","title":{"rendered":"Linne s\u00e4ngkl\u00e4der med volang marinbl\u00e5 L utan fyllning"},"content":{"rendered":"<p>S\u00e4ngkl\u00e4der storlek L utan fyllning. <\/p>\n<p>Detaljer:<br \/>\n &#8211; s\u00e4ngkl\u00e4derna \u00e4r utan fyllning (\u00f6rngott och p\u00e5slakan)<br \/>\n &#8211; osynlig dragkedja,<br \/>\n &#8211; avslutning med en delikat volang,<br \/>\n &#8211; mycket mjuka och sk\u00f6na att ta p\u00e5. <\/p>\n<p>Storlekar:<br \/>\n &#8211; \u00f6rngott: 40&#215;60 cm (+4 cm volang)<br \/>\n &#8211; p\u00e5slakan: 140&#215;200 cm (+4 cm volang)<br \/>\n F\u00f6r barn fr\u00e5n 6 \u00e5r. <\/p>\n<p>F\u00e4rg:<br \/>\n &#8211; dammrosa<br \/>\n &#8211; stengr\u00e5<br \/>\n &#8211; sn\u00f6vit <\/p>\n<p>&#8211; marinbl\u00e5 <\/p>\n<p>Material:<br \/>\n &#8211; tillverkad i Polen av polska material,<br \/>\n &#8211; 100 % linne med en tr\u00e5dtjocklek p\u00e5 154 g\/m2 och Oeko-Tex Standard 100 IW 00034,<br \/>\n &#8211; tv\u00e4ttemperatur: 40 \u00b0C,<br \/>\n &#8211; stryk p\u00e5 h\u00f6g temperatur n\u00e4r det \u00e4r v\u00e5tt. <\/p>\n<p> Rekommenderas f\u00f6r linne-set:<br \/>\n &#8211; S\u00e4ngkl\u00e4der, baldakin, kudde, stj\u00e4rnkudde, rulle, maskeringvolang, <\/p>\n<p>&#8211; Passar ocks\u00e5 perfekt till v\u00e5ra bomullstextilier.<\/p>\n","protected":false},"excerpt":{"rendered":"<p>S\u00e4ngkl\u00e4der storlek L utan fyllning. Detaljer: &#8211; s\u00e4ngkl\u00e4derna \u00e4r utan fyllning (\u00f6rngott och p\u00e5slakan) &#8211; osynlig dragkedja, &#8211; avslutning med en delikat volang, &#8211; mycket mjuka och sk\u00f6na att ta p\u00e5. Storlekar: &#8211; \u00f6rngott: 40&#215;60 cm (+4 cm volang) &#8211; p\u00e5slakan: 140&#215;200 cm (+4 cm volang) F\u00f6r barn fr\u00e5n 6 \u00e5r. F\u00e4rg: &#8211; dammrosa &#8211; [&hellip;]<\/p>\n","protected":false},"featured_media":0,"comment_status":"open","ping_status":"closed","template":"","meta":[],"product_brand":[],"product_cat":[33],"product_tag":[],"class_list":{"0":"post-14186","1":"product","2":"type-product","3":"status-publish","5":"product_cat-okategoriserad","7":"first","8":"instock","9":"shipping-taxable","10":"purchasable","11":"product-type-simple"},"_links":{"self":[{"href":"https:\/\/nordicmart.andreevmaster.com\/sv\/wp-json\/wp\/v2\/product\/14186","targetHints":{"allow":["GET"]}}],"collection":[{"href":"https:\/\/nordicmart.andreevmaster.com\/sv\/wp-json\/wp\/v2\/product"}],"about":[{"href":"https:\/\/nordicmart.andreevmaster.com\/sv\/wp-json\/wp\/v2\/types\/product"}],"replies":[{"embeddable":true,"href":"https:\/\/nordicmart.andreevmaster.com\/sv\/wp-json\/wp\/v2\/comments?post=14186"}],"wp:attachment":[{"href":"https:\/\/nordicmart.andreevmaster.com\/sv\/wp-json\/wp\/v2\/media?parent=14186"}],"wp:term":[{"taxonomy":"product_brand","embeddable":true,"href":"https:\/\/nordicmart.andreevmaster.com\/sv\/wp-json\/wp\/v2\/product_brand?post=14186"},{"taxonomy":"product_cat","embeddable":true,"href":"https:\/\/nordicmart.andreevmaster.com\/sv\/wp-json\/wp\/v2\/product_cat?post=14186"},{"taxonomy":"product_tag","embeddable":true,"href":"https:\/\/nordicmart.andreevmaster.com\/sv\/wp-json\/wp\/v2\/product_tag?post=14186"}],"curies":[{"name":"wp","href":"https:\/\/api.w.org\/{rel}","templated":true}]}}