{"id":14184,"date":"2026-02-27T00:20:52","date_gmt":"2026-02-27T00:20:52","guid":{"rendered":"https:\/\/nordicmart.andreevmaster.com\/product\/sangkant-i-linne-snovit\/"},"modified":"2026-02-27T08:13:28","modified_gmt":"2026-02-27T08:13:28","slug":"sangkant-i-linne-snovit","status":"publish","type":"product","link":"https:\/\/nordicmart.andreevmaster.com\/sv\/produkt\/sangkant-i-linne-snovit\/","title":{"rendered":"S\u00e4ngkant i linne, sn\u00f6vit"},"content":{"rendered":"<p>**Detaljer**: &#8211; skyddar ditt barn mot att sl\u00e5 i huvudet,<br \/>\n &#8211; du kan f\u00e4sta s\u00e4ngkanten med bomullstr\u00e5d,<br \/>\n &#8211; mycket mjuk och sk\u00f6n att ta p\u00e5.**Storlekar:** &#8211; l\u00e4ngd: 198 cm &#8211; h\u00f6jd: 23,5 cm Passar till spj\u00e4ls\u00e4ngar i storlekarna: 70&#215;140 eller 60x120F\u00e4rg**:<br \/>\n &#8211; dammrosa<br \/>\n &#8211; stengr\u00e5<br \/>\n &#8211; sn\u00f6vit &#8211; marinbl\u00e5 &#8211; \u00e4kta r\u00e4nder ** ** **Material:**<br \/>\n &#8211; tillverkad i Polen av polska material,<br \/>\n &#8211; 100 % linne med en tr\u00e5dvikt p\u00e5 154 g\/m2 och en** Oeko-Tex Standard 100 IW 00034,**<br \/>\n &#8211; tv\u00e4ttemperatur: 40\u02da C,<br \/>\n &#8211; stryka v\u00e5tt i h\u00f6g temperatur. **<br \/>\n Rekommenderas f\u00f6r linne-set:**<br \/>\n &#8211; S\u00e4ngkl\u00e4der, baldakin, kudde, stj\u00e4rnkudde, rulle, maskeringvolang, &#8211; Passar ocks\u00e5 perfekt till v\u00e5ra bomullstextilier.<\/p>\n","protected":false},"excerpt":{"rendered":"<p>**Detaljer**: &#8211; skyddar ditt barn mot att sl\u00e5 i huvudet, &#8211; du kan f\u00e4sta s\u00e4ngkanten med bomullstr\u00e5d, &#8211; mycket mjuk och sk\u00f6n att ta p\u00e5.**Storlekar:** &#8211; l\u00e4ngd: 198 cm &#8211; h\u00f6jd: 23,5 cm Passar till spj\u00e4ls\u00e4ngar i storlekarna: 70&#215;140 eller 60x120F\u00e4rg**: &#8211; dammrosa &#8211; stengr\u00e5 &#8211; sn\u00f6vit &#8211; marinbl\u00e5 &#8211; \u00e4kta r\u00e4nder ** ** **Material:** [&hellip;]<\/p>\n","protected":false},"featured_media":0,"comment_status":"open","ping_status":"closed","template":"","meta":[],"product_brand":[],"product_cat":[33],"product_tag":[],"class_list":{"0":"post-14184","1":"product","2":"type-product","3":"status-publish","5":"product_cat-okategoriserad","7":"first","8":"instock","9":"shipping-taxable","10":"purchasable","11":"product-type-simple"},"_links":{"self":[{"href":"https:\/\/nordicmart.andreevmaster.com\/sv\/wp-json\/wp\/v2\/product\/14184","targetHints":{"allow":["GET"]}}],"collection":[{"href":"https:\/\/nordicmart.andreevmaster.com\/sv\/wp-json\/wp\/v2\/product"}],"about":[{"href":"https:\/\/nordicmart.andreevmaster.com\/sv\/wp-json\/wp\/v2\/types\/product"}],"replies":[{"embeddable":true,"href":"https:\/\/nordicmart.andreevmaster.com\/sv\/wp-json\/wp\/v2\/comments?post=14184"}],"wp:attachment":[{"href":"https:\/\/nordicmart.andreevmaster.com\/sv\/wp-json\/wp\/v2\/media?parent=14184"}],"wp:term":[{"taxonomy":"product_brand","embeddable":true,"href":"https:\/\/nordicmart.andreevmaster.com\/sv\/wp-json\/wp\/v2\/product_brand?post=14184"},{"taxonomy":"product_cat","embeddable":true,"href":"https:\/\/nordicmart.andreevmaster.com\/sv\/wp-json\/wp\/v2\/product_cat?post=14184"},{"taxonomy":"product_tag","embeddable":true,"href":"https:\/\/nordicmart.andreevmaster.com\/sv\/wp-json\/wp\/v2\/product_tag?post=14184"}],"curies":[{"name":"wp","href":"https:\/\/api.w.org\/{rel}","templated":true}]}}