{"id":14177,"date":"2026-02-27T00:20:50","date_gmt":"2026-02-27T00:20:50","guid":{"rendered":"https:\/\/nordicmart.andreevmaster.com\/product\/linne-3-sidig-maskering-under-madrassen-stengra\/"},"modified":"2026-02-27T08:13:26","modified_gmt":"2026-02-27T08:13:26","slug":"linne-3-sidig-maskering-under-madrassen-stengra","status":"publish","type":"product","link":"https:\/\/nordicmart.andreevmaster.com\/sv\/produkt\/linne-3-sidig-maskering-under-madrassen-stengra\/","title":{"rendered":"Linne 3-sidig maskering under madrassen stengr\u00e5"},"content":{"rendered":"<p>Linne 2-sidig\/3-sidig maskering under madrassen.   **Detaljer**:<br \/>\n &#8211; perfekt f\u00f6r att d\u00f6lja allt inneh\u00e5ll i l\u00e5dan n\u00e4r basen \u00e4r i h\u00f6gt l\u00e4ge,<br \/>\n &#8211; enkel att montera,<br \/>\n &#8211; du kan t\u00e4cka en, tv\u00e5 eller tre delar av s\u00e4ngens sidor \u2013 beroende p\u00e5 vad du beh\u00f6ver (tillval),<br \/>\n &#8211; l\u00e4tt att justera h\u00f6jden (f\u00f6r avst\u00e5ndet 65 cm),<br \/>\n &#8211; h\u00e5ller barnets s\u00e4ng charmig och ren,<br \/>\n &#8211; mycket mjuk och sk\u00f6n att ta p\u00e5.   **Storlekar**:<br \/>\n &#8211; s\u00e4ngbotten: 70&#215;140<br \/>\n &#8211; h\u00f6jd: 35 cm   **F\u00e4rg**:<br \/>\n &#8211; dammrosa<br \/>\n &#8211; stengr\u00e5<br \/>\n &#8211; sn\u00f6vit   **Material:**<br \/>\n &#8211; tillverkad i Polen av polska material,<br \/>\n &#8211; 100 % linne med en tr\u00e5dtjocklek p\u00e5 154 g\/m2 och** Oeko-Tex Standard 100 IW 00034,**<br \/>\n &#8211; tv\u00e4ttemperatur: 40 \u00b0C,<br \/>\n &#8211; stryk p\u00e5 h\u00f6g temperatur n\u00e4r det \u00e4r v\u00e5tt. **<br \/>\n Rekommenderas f\u00f6r linne-set:**<br \/>\n &#8211; S\u00e4ngkl\u00e4der, baldakin, kudde, stj\u00e4rnkudde, rulle, maskeringvolang, &#8211; Passar ocks\u00e5 perfekt till v\u00e5ra bomullstextilier. Linne \u00e4r ett naturmaterial, d\u00e4rf\u00f6r kan nyanserna variera.<\/p>\n","protected":false},"excerpt":{"rendered":"<p>Linne 2-sidig\/3-sidig maskering under madrassen. **Detaljer**: &#8211; perfekt f\u00f6r att d\u00f6lja allt inneh\u00e5ll i l\u00e5dan n\u00e4r basen \u00e4r i h\u00f6gt l\u00e4ge, &#8211; enkel att montera, &#8211; du kan t\u00e4cka en, tv\u00e5 eller tre delar av s\u00e4ngens sidor \u2013 beroende p\u00e5 vad du beh\u00f6ver (tillval), &#8211; l\u00e4tt att justera h\u00f6jden (f\u00f6r avst\u00e5ndet 65 cm), &#8211; h\u00e5ller [&hellip;]<\/p>\n","protected":false},"featured_media":0,"comment_status":"open","ping_status":"closed","template":"","meta":[],"product_brand":[],"product_cat":[33],"product_tag":[],"class_list":{"0":"post-14177","1":"product","2":"type-product","3":"status-publish","5":"product_cat-okategoriserad","7":"first","8":"instock","9":"shipping-taxable","10":"purchasable","11":"product-type-simple"},"_links":{"self":[{"href":"https:\/\/nordicmart.andreevmaster.com\/sv\/wp-json\/wp\/v2\/product\/14177","targetHints":{"allow":["GET"]}}],"collection":[{"href":"https:\/\/nordicmart.andreevmaster.com\/sv\/wp-json\/wp\/v2\/product"}],"about":[{"href":"https:\/\/nordicmart.andreevmaster.com\/sv\/wp-json\/wp\/v2\/types\/product"}],"replies":[{"embeddable":true,"href":"https:\/\/nordicmart.andreevmaster.com\/sv\/wp-json\/wp\/v2\/comments?post=14177"}],"wp:attachment":[{"href":"https:\/\/nordicmart.andreevmaster.com\/sv\/wp-json\/wp\/v2\/media?parent=14177"}],"wp:term":[{"taxonomy":"product_brand","embeddable":true,"href":"https:\/\/nordicmart.andreevmaster.com\/sv\/wp-json\/wp\/v2\/product_brand?post=14177"},{"taxonomy":"product_cat","embeddable":true,"href":"https:\/\/nordicmart.andreevmaster.com\/sv\/wp-json\/wp\/v2\/product_cat?post=14177"},{"taxonomy":"product_tag","embeddable":true,"href":"https:\/\/nordicmart.andreevmaster.com\/sv\/wp-json\/wp\/v2\/product_tag?post=14177"}],"curies":[{"name":"wp","href":"https:\/\/api.w.org\/{rel}","templated":true}]}}