{"id":14172,"date":"2026-02-27T00:20:49","date_gmt":"2026-02-27T00:20:49","guid":{"rendered":"https:\/\/nordicmart.andreevmaster.com\/product\/linne-baldakin-snovit\/"},"modified":"2026-02-27T08:13:26","modified_gmt":"2026-02-27T08:13:26","slug":"linne-baldakin-snovit","status":"publish","type":"product","link":"https:\/\/nordicmart.andreevmaster.com\/sv\/produkt\/linne-baldakin-snovit\/","title":{"rendered":"Linne baldakin sn\u00f6vit"},"content":{"rendered":"<p>**Detaljer:**<br \/>\n &#8211; en stor baldakin som t\u00e4cker hela s\u00e4ngen 70&#215;140,<br \/>\n &#8211; du kan h\u00e4nga den \u00f6ver s\u00e4ngen eller skapa en speciell babykrok,<br \/>\n &#8211; metallramen \u00e4r l\u00e4tt att montera,<br \/>\n &#8211; l\u00e4tt att justera h\u00f6jden (f\u00f6r avst\u00e5ndet 65 cm),<br \/>\n &#8211; m\u00f6jlighet att h\u00e4nga egna dekorationer, mobiler eller lampor inuti baldakinen,<br \/>\n &#8211; kan omvandlas till gardin,<br \/>\n &#8211; mycket mjuk och sk\u00f6n att ta p\u00e5.   **Storlekar:**<br \/>\n Cirkelns diameter: 50 cm<br \/>\n L\u00e4ngd: 260 cm<br \/>\n L\u00e4ngd p\u00e5 dragbanden: 65 cm   **F\u00e4rg**:<br \/>\n &#8211; dammrosa<br \/>\n &#8211; stengr\u00e5<br \/>\n &#8211; sn\u00f6vit &#8211;       marinbl\u00e5 ** ** **Material:**<br \/>\n &#8211; tillverkad i Polen av polska material,<br \/>\n &#8211; 100 % linne med en tr\u00e5dvikt p\u00e5 154 g\/m2 och** Oeko-Tex Standard 100 IW 00034,**<br \/>\n &#8211; tv\u00e4ttemperatur: 40 \u00b0C,<br \/>\n &#8211; stryka v\u00e5tt i h\u00f6g temperatur. **<br \/>\n Rekommenderas f\u00f6r linne-set:**<br \/>\n &#8211; S\u00e4ngkl\u00e4der, baldakin, kudde, stj\u00e4rnkudde, rulle, maskeringvolang, &#8211; Passar ocks\u00e5 perfekt till v\u00e5ra bomullstextilier.<\/p>\n","protected":false},"excerpt":{"rendered":"<p>**Detaljer:** &#8211; en stor baldakin som t\u00e4cker hela s\u00e4ngen 70&#215;140, &#8211; du kan h\u00e4nga den \u00f6ver s\u00e4ngen eller skapa en speciell babykrok, &#8211; metallramen \u00e4r l\u00e4tt att montera, &#8211; l\u00e4tt att justera h\u00f6jden (f\u00f6r avst\u00e5ndet 65 cm), &#8211; m\u00f6jlighet att h\u00e4nga egna dekorationer, mobiler eller lampor inuti baldakinen, &#8211; kan omvandlas till gardin, &#8211; mycket [&hellip;]<\/p>\n","protected":false},"featured_media":0,"comment_status":"open","ping_status":"closed","template":"","meta":[],"product_brand":[],"product_cat":[33],"product_tag":[],"class_list":{"0":"post-14172","1":"product","2":"type-product","3":"status-publish","5":"product_cat-okategoriserad","7":"first","8":"instock","9":"shipping-taxable","10":"purchasable","11":"product-type-simple"},"_links":{"self":[{"href":"https:\/\/nordicmart.andreevmaster.com\/sv\/wp-json\/wp\/v2\/product\/14172","targetHints":{"allow":["GET"]}}],"collection":[{"href":"https:\/\/nordicmart.andreevmaster.com\/sv\/wp-json\/wp\/v2\/product"}],"about":[{"href":"https:\/\/nordicmart.andreevmaster.com\/sv\/wp-json\/wp\/v2\/types\/product"}],"replies":[{"embeddable":true,"href":"https:\/\/nordicmart.andreevmaster.com\/sv\/wp-json\/wp\/v2\/comments?post=14172"}],"wp:attachment":[{"href":"https:\/\/nordicmart.andreevmaster.com\/sv\/wp-json\/wp\/v2\/media?parent=14172"}],"wp:term":[{"taxonomy":"product_brand","embeddable":true,"href":"https:\/\/nordicmart.andreevmaster.com\/sv\/wp-json\/wp\/v2\/product_brand?post=14172"},{"taxonomy":"product_cat","embeddable":true,"href":"https:\/\/nordicmart.andreevmaster.com\/sv\/wp-json\/wp\/v2\/product_cat?post=14172"},{"taxonomy":"product_tag","embeddable":true,"href":"https:\/\/nordicmart.andreevmaster.com\/sv\/wp-json\/wp\/v2\/product_tag?post=14172"}],"curies":[{"name":"wp","href":"https:\/\/api.w.org\/{rel}","templated":true}]}}