{"id":14168,"date":"2026-02-27T00:20:48","date_gmt":"2026-02-27T00:20:48","guid":{"rendered":"https:\/\/nordicmart.andreevmaster.com\/product\/byteunderlagg-i-linne-med-overdrag-och-handduk-rosa\/"},"modified":"2026-02-27T08:13:25","modified_gmt":"2026-02-27T08:13:25","slug":"byteunderlagg-i-linne-med-overdrag-och-handduk-rosa","status":"publish","type":"product","link":"https:\/\/nordicmart.andreevmaster.com\/sv\/produkt\/byteunderlagg-i-linne-med-overdrag-och-handduk-rosa\/","title":{"rendered":"Byteunderl\u00e4gg i linne med \u00f6verdrag och handduk, rosa"},"content":{"rendered":"<p>Varf\u00f6r linne? <\/p>\n<p>-Det har antibakteriella egenskaper.<br \/>\n-Det \u00e4r allergiv\u00e4nligt \u2013 orsakar inte allergier.<br \/>\n-Det \u00e4r skonsamt mot huden och behagligt att ta p\u00e5.-Det har h\u00f6g fuktabsorption.<br \/>\n-Det har termoreglering \u2013 h\u00f6g luftgenomsl\u00e4pplighet och v\u00e4rmeledningsf\u00f6rm\u00e5ga.<br \/>\n-Det kyler p\u00e5 varma dagar och v\u00e4rmer n\u00e4r det \u00e4r svalare.<br \/>\n-Det \u00e4r motst\u00e5ndskraftigt mot n\u00f6tning och t\u00f6jning.<br \/>\n-Det genererar inte statisk elektricitet.- Det \u00e4r biologiskt nedbrytbart. &#8211; Frekvent tv\u00e4tt av linne f\u00f6rb\u00e4ttrar dess kvalitet och g\u00f6r det mjukare och smidigare. <\/p>\n<p>Linnev\u00e4xlaren best\u00e5r av: &#8211; En f\u00f6rst\u00e4rkt insats av vattent\u00e4tt material. &#8211; Ett \u00f6verdrag av antibakteriellt och mjukt linnetyg. &#8211; En v\u00e4ndbar dyna av linnetyg och frott\u00e9 med ett vattent\u00e4tt membran. <\/p>\n<p>Storlek:<br \/>\n75 x 55 cm<\/p>\n<p>F\u00e4rg:<br \/>\n&#8211; sn\u00f6vit<\/p>\n<p>Material:<br \/>\n-\u00d6verdragets sammans\u00e4ttning: 100 % linne med en vikt p\u00e5 154 g\/m\u00b2 certifierat enligt OEKO-TEX Standard 100.<br \/>\nAnv\u00e4ndningsanvisning:<br \/>\n-Skonsam tv\u00e4tt i 40 grader.<br \/>\n-Kan strykas i fuktigt tillst\u00e5nd vid h\u00f6g temperatur.<br \/>\n-Blek inte.<br \/>\n-Kan torktumlas p\u00e5 skonsamt program. <\/p>\n<p> Ytterligare information:<br \/>\nS\u00e4ngkl\u00e4derna \u00e4r sydda i Polen av inhemska material.<br \/>\nBytenmattan i linne passar alla bytenbord i v\u00e5rt sortiment.<br \/>\nLinne \u00e4r ett naturmaterial, vilket inneb\u00e4r att nyanserna kan variera.<\/p>\n","protected":false},"excerpt":{"rendered":"<p>Varf\u00f6r linne? -Det har antibakteriella egenskaper. -Det \u00e4r allergiv\u00e4nligt \u2013 orsakar inte allergier. -Det \u00e4r skonsamt mot huden och behagligt att ta p\u00e5.-Det har h\u00f6g fuktabsorption. -Det har termoreglering \u2013 h\u00f6g luftgenomsl\u00e4pplighet och v\u00e4rmeledningsf\u00f6rm\u00e5ga. -Det kyler p\u00e5 varma dagar och v\u00e4rmer n\u00e4r det \u00e4r svalare. -Det \u00e4r motst\u00e5ndskraftigt mot n\u00f6tning och t\u00f6jning. -Det genererar inte [&hellip;]<\/p>\n","protected":false},"featured_media":0,"comment_status":"open","ping_status":"closed","template":"","meta":[],"product_brand":[],"product_cat":[33],"product_tag":[],"class_list":{"0":"post-14168","1":"product","2":"type-product","3":"status-publish","5":"product_cat-okategoriserad","7":"first","8":"instock","9":"shipping-taxable","10":"purchasable","11":"product-type-simple"},"_links":{"self":[{"href":"https:\/\/nordicmart.andreevmaster.com\/sv\/wp-json\/wp\/v2\/product\/14168","targetHints":{"allow":["GET"]}}],"collection":[{"href":"https:\/\/nordicmart.andreevmaster.com\/sv\/wp-json\/wp\/v2\/product"}],"about":[{"href":"https:\/\/nordicmart.andreevmaster.com\/sv\/wp-json\/wp\/v2\/types\/product"}],"replies":[{"embeddable":true,"href":"https:\/\/nordicmart.andreevmaster.com\/sv\/wp-json\/wp\/v2\/comments?post=14168"}],"wp:attachment":[{"href":"https:\/\/nordicmart.andreevmaster.com\/sv\/wp-json\/wp\/v2\/media?parent=14168"}],"wp:term":[{"taxonomy":"product_brand","embeddable":true,"href":"https:\/\/nordicmart.andreevmaster.com\/sv\/wp-json\/wp\/v2\/product_brand?post=14168"},{"taxonomy":"product_cat","embeddable":true,"href":"https:\/\/nordicmart.andreevmaster.com\/sv\/wp-json\/wp\/v2\/product_cat?post=14168"},{"taxonomy":"product_tag","embeddable":true,"href":"https:\/\/nordicmart.andreevmaster.com\/sv\/wp-json\/wp\/v2\/product_tag?post=14168"}],"curies":[{"name":"wp","href":"https:\/\/api.w.org\/{rel}","templated":true}]}}