{"id":14166,"date":"2026-02-27T00:20:47","date_gmt":"2026-02-27T00:20:47","guid":{"rendered":"https:\/\/nordicmart.andreevmaster.com\/product\/vasagle-ekho-kollektion-matsalsstolar-2-pack-black-svart\/"},"modified":"2026-02-27T08:13:24","modified_gmt":"2026-02-27T08:13:24","slug":"vasagle-ekho-kollektion-matsalsstolar-2-pack-black-svart","status":"publish","type":"product","link":"https:\/\/nordicmart.andreevmaster.com\/sv\/produkt\/vasagle-ekho-kollektion-matsalsstolar-2-pack-black-svart\/","title":{"rendered":"VASAGLE EKHO-kollektion \u2013 Matsalsstolar, 2-pack, bl\u00e4ck svart"},"content":{"rendered":"<p>VASAGLE EKHO-kollektion \u2013 matsalsstolar, 2-pack, k\u00f6ksstolar, konstl\u00e4der, med s\u00f6mmar, mid-century-modern stil, enkel montering, lounge, restaurang<\/p>\n","protected":false},"excerpt":{"rendered":"<p>VASAGLE EKHO-kollektion \u2013 matsalsstolar, 2-pack, k\u00f6ksstolar, konstl\u00e4der, med s\u00f6mmar, mid-century-modern stil, enkel montering, lounge, restaurang<\/p>\n","protected":false},"featured_media":42209,"comment_status":"open","ping_status":"closed","template":"","meta":[],"product_brand":[],"product_cat":[33],"product_tag":[],"class_list":{"0":"post-14166","1":"product","2":"type-product","3":"status-publish","4":"has-post-thumbnail","6":"product_cat-okategoriserad","8":"first","9":"instock","10":"shipping-taxable","11":"purchasable","12":"product-type-simple"},"_links":{"self":[{"href":"https:\/\/nordicmart.andreevmaster.com\/sv\/wp-json\/wp\/v2\/product\/14166","targetHints":{"allow":["GET"]}}],"collection":[{"href":"https:\/\/nordicmart.andreevmaster.com\/sv\/wp-json\/wp\/v2\/product"}],"about":[{"href":"https:\/\/nordicmart.andreevmaster.com\/sv\/wp-json\/wp\/v2\/types\/product"}],"replies":[{"embeddable":true,"href":"https:\/\/nordicmart.andreevmaster.com\/sv\/wp-json\/wp\/v2\/comments?post=14166"}],"wp:featuredmedia":[{"embeddable":true,"href":"https:\/\/nordicmart.andreevmaster.com\/sv\/wp-json\/wp\/v2\/media\/42209"}],"wp:attachment":[{"href":"https:\/\/nordicmart.andreevmaster.com\/sv\/wp-json\/wp\/v2\/media?parent=14166"}],"wp:term":[{"taxonomy":"product_brand","embeddable":true,"href":"https:\/\/nordicmart.andreevmaster.com\/sv\/wp-json\/wp\/v2\/product_brand?post=14166"},{"taxonomy":"product_cat","embeddable":true,"href":"https:\/\/nordicmart.andreevmaster.com\/sv\/wp-json\/wp\/v2\/product_cat?post=14166"},{"taxonomy":"product_tag","embeddable":true,"href":"https:\/\/nordicmart.andreevmaster.com\/sv\/wp-json\/wp\/v2\/product_tag?post=14166"}],"curies":[{"name":"wp","href":"https:\/\/api.w.org\/{rel}","templated":true}]}}