{"id":14163,"date":"2026-02-27T00:20:47","date_gmt":"2026-02-27T00:20:47","guid":{"rendered":"https:\/\/nordicmart.andreevmaster.com\/product\/vasagle-matstolar-2-pack-koksstolar\/"},"modified":"2026-02-27T08:13:24","modified_gmt":"2026-02-27T08:13:24","slug":"vasagle-matstolar-2-pack-koksstolar","status":"publish","type":"product","link":"https:\/\/nordicmart.andreevmaster.com\/sv\/produkt\/vasagle-matstolar-2-pack-koksstolar\/","title":{"rendered":"VASAGLE matstolar, 2-pack, k\u00f6ksstolar"},"content":{"rendered":"<p>VASAGLE dubbla matstolar, k\u00f6ksstolar, set med 2 stolar, stolar f\u00f6r matsalen, st\u00e5lram, ergonomisk design, industriell stil, f\u00f6r vardagsrum, matsal<br \/>\nSpecifikationer:<br \/>\n&#8211; Totalvikt: 12,1 kg<br \/>\n&#8211; M\u00e5tt per stol:  43,4 x 43 x 95,5 cm (L x B x H)<br \/>\n&#8211; Max. statisk belastningskapacitet per stol: 100 kg<br \/>\n&#8211; F\u00e4rg: Vintagebrun-svart<br \/>\n&#8211; Material: sp\u00e5nskiva, st\u00e5l<\/p>\n","protected":false},"excerpt":{"rendered":"<p>VASAGLE dubbla matstolar, k\u00f6ksstolar, set med 2 stolar, stolar f\u00f6r matsalen, st\u00e5lram, ergonomisk design, industriell stil, f\u00f6r vardagsrum, matsal<\/p>\n","protected":false},"featured_media":42206,"comment_status":"open","ping_status":"closed","template":"","meta":[],"product_brand":[],"product_cat":[33],"product_tag":[],"class_list":{"0":"post-14163","1":"product","2":"type-product","3":"status-publish","4":"has-post-thumbnail","6":"product_cat-okategoriserad","8":"first","9":"instock","10":"shipping-taxable","11":"purchasable","12":"product-type-simple"},"_links":{"self":[{"href":"https:\/\/nordicmart.andreevmaster.com\/sv\/wp-json\/wp\/v2\/product\/14163","targetHints":{"allow":["GET"]}}],"collection":[{"href":"https:\/\/nordicmart.andreevmaster.com\/sv\/wp-json\/wp\/v2\/product"}],"about":[{"href":"https:\/\/nordicmart.andreevmaster.com\/sv\/wp-json\/wp\/v2\/types\/product"}],"replies":[{"embeddable":true,"href":"https:\/\/nordicmart.andreevmaster.com\/sv\/wp-json\/wp\/v2\/comments?post=14163"}],"wp:featuredmedia":[{"embeddable":true,"href":"https:\/\/nordicmart.andreevmaster.com\/sv\/wp-json\/wp\/v2\/media\/42206"}],"wp:attachment":[{"href":"https:\/\/nordicmart.andreevmaster.com\/sv\/wp-json\/wp\/v2\/media?parent=14163"}],"wp:term":[{"taxonomy":"product_brand","embeddable":true,"href":"https:\/\/nordicmart.andreevmaster.com\/sv\/wp-json\/wp\/v2\/product_brand?post=14163"},{"taxonomy":"product_cat","embeddable":true,"href":"https:\/\/nordicmart.andreevmaster.com\/sv\/wp-json\/wp\/v2\/product_cat?post=14163"},{"taxonomy":"product_tag","embeddable":true,"href":"https:\/\/nordicmart.andreevmaster.com\/sv\/wp-json\/wp\/v2\/product_tag?post=14163"}],"curies":[{"name":"wp","href":"https:\/\/api.w.org\/{rel}","templated":true}]}}