{"id":14162,"date":"2026-02-27T00:20:46","date_gmt":"2026-02-27T00:20:46","guid":{"rendered":"https:\/\/nordicmart.andreevmaster.com\/product\/vasagle-mattset-med-2-stolar-greige-melerad-mattgra\/"},"modified":"2026-02-27T08:13:24","modified_gmt":"2026-02-27T08:13:24","slug":"vasagle-mattset-med-2-stolar-greige-melerad-mattgra","status":"publish","type":"product","link":"https:\/\/nordicmart.andreevmaster.com\/sv\/produkt\/vasagle-mattset-med-2-stolar-greige-melerad-mattgra\/","title":{"rendered":"VASAGLE mattset med 2 stolar, greige melerad-mattgr\u00e5"},"content":{"rendered":"<p>VASAGLE matstol, metallram, 2-pack, industriell stil, f\u00f6r matsal, vardagsrum, k\u00f6k, vintagebrun-svart LDC092B01<br \/>\nF\u00e4rg: Greige melerad mattgr\u00e5<br \/>\nMaterial: sp\u00e5nskiva, st\u00e5l<br \/>\nStorlek per stol: 36 x 46,6 x 87,1 cm (L x B x H)<br \/>\nStorlek per sits: 36 x 39,2 x 1,5 cm (L x B x H)<br \/>\nSitsh\u00f6jd: 45,4 cm<br \/>\nTotalvikt: 12 kg<br \/>\nMax. statisk belastningskapacitet per stol: 100 kg<\/p>\n","protected":false},"excerpt":{"rendered":"<p>VASAGLE matstol, metallram, 2-pack, industriell stil, f\u00f6r matsal, vardagsrum, k\u00f6k, vintagebrun-svart LDC092B01<\/p>\n","protected":false},"featured_media":42205,"comment_status":"open","ping_status":"closed","template":"","meta":[],"product_brand":[],"product_cat":[33],"product_tag":[],"class_list":{"0":"post-14162","1":"product","2":"type-product","3":"status-publish","4":"has-post-thumbnail","6":"product_cat-okategoriserad","8":"first","9":"instock","10":"shipping-taxable","11":"purchasable","12":"product-type-simple"},"_links":{"self":[{"href":"https:\/\/nordicmart.andreevmaster.com\/sv\/wp-json\/wp\/v2\/product\/14162","targetHints":{"allow":["GET"]}}],"collection":[{"href":"https:\/\/nordicmart.andreevmaster.com\/sv\/wp-json\/wp\/v2\/product"}],"about":[{"href":"https:\/\/nordicmart.andreevmaster.com\/sv\/wp-json\/wp\/v2\/types\/product"}],"replies":[{"embeddable":true,"href":"https:\/\/nordicmart.andreevmaster.com\/sv\/wp-json\/wp\/v2\/comments?post=14162"}],"wp:featuredmedia":[{"embeddable":true,"href":"https:\/\/nordicmart.andreevmaster.com\/sv\/wp-json\/wp\/v2\/media\/42205"}],"wp:attachment":[{"href":"https:\/\/nordicmart.andreevmaster.com\/sv\/wp-json\/wp\/v2\/media?parent=14162"}],"wp:term":[{"taxonomy":"product_brand","embeddable":true,"href":"https:\/\/nordicmart.andreevmaster.com\/sv\/wp-json\/wp\/v2\/product_brand?post=14162"},{"taxonomy":"product_cat","embeddable":true,"href":"https:\/\/nordicmart.andreevmaster.com\/sv\/wp-json\/wp\/v2\/product_cat?post=14162"},{"taxonomy":"product_tag","embeddable":true,"href":"https:\/\/nordicmart.andreevmaster.com\/sv\/wp-json\/wp\/v2\/product_tag?post=14162"}],"curies":[{"name":"wp","href":"https:\/\/api.w.org\/{rel}","templated":true}]}}